{"id":1277,"date":"2022-08-28T18:45:33","date_gmt":"2022-08-28T16:45:33","guid":{"rendered":"https:\/\/georginabarquin.com\/es\/?page_id=1277"},"modified":"2026-01-15T09:10:48","modified_gmt":"2026-01-15T08:10:48","slug":"bootcamps-de-liderazgo-y-mindset","status":"publish","type":"page","link":"https:\/\/georginabarquin.com\/es\/bootcamps-de-liderazgo-y-mindset\/","title":{"rendered":"BOOTCAMPS DE LIDERAZGO y MINDSET"},"content":{"rendered":"\t\t<div data-elementor-type=\"wp-page\" data-elementor-id=\"1277\" class=\"elementor elementor-1277\">\n\t\t\t\t\t\t<section class=\"elementor-section elementor-top-section elementor-element elementor-element-8c9b8e5 elementor-section-boxed elementor-section-height-default elementor-section-height-default\" data-id=\"8c9b8e5\" data-element_type=\"section\">\n\t\t\t\t\t\t<div class=\"elementor-container elementor-column-gap-default\">\n\t\t\t\t\t<div class=\"elementor-column elementor-col-100 elementor-top-column elementor-element elementor-element-0a883ee\" data-id=\"0a883ee\" data-element_type=\"column\">\n\t\t\t<div class=\"elementor-widget-wrap elementor-element-populated\">\n\t\t\t\t\t\t<div class=\"elementor-element elementor-element-1a1a6f3 elementor-widget elementor-widget-spacer\" data-id=\"1a1a6f3\" data-element_type=\"widget\" data-widget_type=\"spacer.default\">\n\t\t\t\t<div class=\"elementor-widget-container\">\n\t\t\t\t\t<div class=\"elementor-spacer\">\n\t\t\t<div class=\"elementor-spacer-inner\"><\/div>\n\t\t<\/div>\n\t\t\t\t<\/div>\n\t\t\t\t<\/div>\n\t\t\t\t\t<\/div>\n\t\t<\/div>\n\t\t\t\t\t<\/div>\n\t\t<\/section>\n\t\t\t\t<section class=\"elementor-section elementor-top-section elementor-element elementor-element-7b8a21e elementor-section-boxed elementor-section-height-default elementor-section-height-default\" data-id=\"7b8a21e\" data-element_type=\"section\">\n\t\t\t\t\t\t<div class=\"elementor-container elementor-column-gap-default\">\n\t\t\t\t\t<div class=\"elementor-column elementor-col-100 elementor-top-column elementor-element elementor-element-1086205\" data-id=\"1086205\" data-element_type=\"column\">\n\t\t\t<div class=\"elementor-widget-wrap elementor-element-populated\">\n\t\t\t\t\t\t<div class=\"elementor-element elementor-element-09804e4 elementor-widget elementor-widget-text-editor\" data-id=\"09804e4\" data-element_type=\"widget\" data-widget_type=\"text-editor.default\">\n\t\t\t\t<div class=\"elementor-widget-container\">\n\t\t\t\t\t\t\t<h1><span style=\"color: #000000;\">BOOTCAMPS DE LIDERAZGO Y MINDSET<\/span><\/h1>\t\t\t\t\t\t<\/div>\n\t\t\t\t<\/div>\n\t\t\t\t\t<\/div>\n\t\t<\/div>\n\t\t\t\t\t<\/div>\n\t\t<\/section>\n\t\t\t\t<section class=\"elementor-section elementor-top-section elementor-element elementor-element-6c90bf8 elementor-section-boxed elementor-section-height-default elementor-section-height-default\" data-id=\"6c90bf8\" data-element_type=\"section\" bootcamps=\"\">\n\t\t\t\t\t\t<div class=\"elementor-container elementor-column-gap-default\">\n\t\t\t\t\t<div class=\"elementor-column elementor-col-50 elementor-top-column elementor-element elementor-element-022b2fb\" data-id=\"022b2fb\" data-element_type=\"column\">\n\t\t\t<div class=\"elementor-widget-wrap elementor-element-populated\">\n\t\t\t\t\t\t<div class=\"elementor-element elementor-element-8e0363c elementor-cta--valign-middle elementor-cta--layout-image-above animated-slow elementor-cta--skin-classic elementor-animated-content elementor-bg-transform elementor-bg-transform-zoom-in elementor-invisible elementor-widget elementor-widget-call-to-action\" data-id=\"8e0363c\" data-element_type=\"widget\" data-settings=\"{&quot;_animation&quot;:&quot;fadeInLeft&quot;,&quot;_animation_delay&quot;:100}\" data-widget_type=\"call-to-action.default\">\n\t\t\t\t<div class=\"elementor-widget-container\">\n\t\t\t\t\t<a class=\"elementor-cta\" href=\"https:\/\/georginabarquin.com\/es\/bootcamps-de-liderazgo-para-directivos\/\">\n\t\t\t\t\t<div class=\"elementor-cta__bg-wrapper\">\n\t\t\t\t<div class=\"elementor-cta__bg elementor-bg\" style=\"background-image: url(https:\/\/georginabarquin.com\/es\/wp-content\/uploads\/2025\/10\/BOOTCAMPS-DE-LIDERAZGO-PARA-DIRECTIVOS-Y-EJECUTIVOS-SENIOR-1024x576.jpg);\"><\/div>\n\t\t\t\t<div class=\"elementor-cta__bg-overlay\"><\/div>\n\t\t\t<\/div>\n\t\t\t\t\t\t\t<div class=\"elementor-cta__content\">\n\t\t\t\t\n\t\t\t\t<h2 class=\"elementor-cta__title elementor-cta__content-item elementor-content-item\">BOOTCAMPS DE LIDERAZGO y MINDSET<\/h2>\n\t\t\t\t\t\t\t\t\t<div class=\"elementor-cta__description elementor-cta__content-item elementor-content-item\">\n\t\t\t\t\t\tProgramas individuales o con equipos directivos\t\t\t\t\t<\/div>\n\t\t\t\t\n\t\t\t\t\t\t\t<\/div>\n\t\t\t\t\t\t<\/a>\n\t\t\t\t<\/div>\n\t\t\t\t<\/div>\n\t\t\t\t<div class=\"elementor-element elementor-element-9804462 elementor-widget elementor-widget-spacer\" data-id=\"9804462\" data-element_type=\"widget\" data-widget_type=\"spacer.default\">\n\t\t\t\t<div class=\"elementor-widget-container\">\n\t\t\t\t\t<div class=\"elementor-spacer\">\n\t\t\t<div class=\"elementor-spacer-inner\"><\/div>\n\t\t<\/div>\n\t\t\t\t<\/div>\n\t\t\t\t<\/div>\n\t\t\t\t\t<\/div>\n\t\t<\/div>\n\t\t\t\t<div class=\"elementor-column elementor-col-50 elementor-top-column elementor-element elementor-element-e206dde\" data-id=\"e206dde\" data-element_type=\"column\">\n\t\t\t<div class=\"elementor-widget-wrap elementor-element-populated\">\n\t\t\t\t\t\t<div class=\"elementor-element elementor-element-4d4ffc6 elementor-cta--valign-middle elementor-cta--layout-image-above animated-slow elementor-cta--skin-classic elementor-animated-content elementor-bg-transform elementor-bg-transform-zoom-in elementor-invisible elementor-widget elementor-widget-call-to-action\" data-id=\"4d4ffc6\" data-element_type=\"widget\" data-settings=\"{&quot;_animation&quot;:&quot;fadeInLeft&quot;,&quot;_animation_delay&quot;:100}\" data-widget_type=\"call-to-action.default\">\n\t\t\t\t<div class=\"elementor-widget-container\">\n\t\t\t\t\t<a class=\"elementor-cta\" href=\"https:\/\/georginabarquin.com\/es\/bootcamps-de-liderazgo-y-mindset-pre-lideres\/\">\n\t\t\t\t\t<div class=\"elementor-cta__bg-wrapper\">\n\t\t\t\t<div class=\"elementor-cta__bg elementor-bg\" style=\"background-image: url(https:\/\/georginabarquin.com\/es\/wp-content\/uploads\/2025\/10\/BOOTCAMPS-DE-LIDERAZGO-PARA-talento-joven-y-nuevos-lideres-1024x576.jpg);\"><\/div>\n\t\t\t\t<div class=\"elementor-cta__bg-overlay\"><\/div>\n\t\t\t<\/div>\n\t\t\t\t\t\t\t<div class=\"elementor-cta__content\">\n\t\t\t\t\n\t\t\t\t<h3 class=\"elementor-cta__title elementor-cta__content-item elementor-content-item\">BOOTCAMPS DE LIDERAZGO Y MINDSET<\/h3>\n\t\t\t\t\t\t\t\t\t<div class=\"elementor-cta__description elementor-cta__content-item elementor-content-item\">\n\t\t\t\t\t\tProgramas individuales o en grupos\t\t\t\t\t<\/div>\n\t\t\t\t\n\t\t\t\t\t\t\t<\/div>\n\t\t\t\t\t\t<\/a>\n\t\t\t\t<\/div>\n\t\t\t\t<\/div>\n\t\t\t\t\t<\/div>\n\t\t<\/div>\n\t\t\t\t\t<\/div>\n\t\t<\/section>\n\t\t\t\t<section class=\"elementor-section elementor-top-section elementor-element elementor-element-40924fb elementor-section-boxed elementor-section-height-default elementor-section-height-default\" data-id=\"40924fb\" data-element_type=\"section\">\n\t\t\t\t\t\t<div class=\"elementor-container elementor-column-gap-default\">\n\t\t\t\t\t<div class=\"elementor-column elementor-col-100 elementor-top-column elementor-element elementor-element-5accde2\" data-id=\"5accde2\" data-element_type=\"column\">\n\t\t\t<div class=\"elementor-widget-wrap elementor-element-populated\">\n\t\t\t\t\t\t<div class=\"elementor-element elementor-element-0d42edf elementor-widget elementor-widget-text-editor\" data-id=\"0d42edf\" data-element_type=\"widget\" data-widget_type=\"text-editor.default\">\n\t\t\t\t<div class=\"elementor-widget-container\">\n\t\t\t\t\t\t\t<h3><strong>\u00bfPor qu\u00e9 elegir nuestra formaci\u00f3n de Bootcamps en Liderazgo y Mindset para Directivos, Ejecutivos Senior y para los Nuevos L\u00edderes?<\/strong><\/h3><p>Ofrecemos programas de formaci\u00f3n individuales o grupales que combinan el coaching, la mentor\u00eda y la capacitaci\u00f3n para Ejecutivos Senior y para Futuros L\u00edderes. Nuestros bootcamps de Liderazgo y Mindset\u00a0 se enfocan en resolver las necesidades actuales de Ejecutivos Senior y de los Futuros L\u00edderes \u00a0en entornos complejos de alta exigencia.<\/p><h3><strong>El\u00a0 Bootcamp de Liderazgo para Directivos y Ejecutivos Senior se enfoca en:<\/strong><\/h3><ul><li><b>Liderar con prop\u00f3sito<\/b> transformando los automatismos en un liderazgo consciente<\/li><li><b>Potenciar un Liderazgo Transformador.<\/b>\u00a0Creemos que los grandes l\u00edderes se cultivan a trav\u00e9s de una combinaci\u00f3n de pensamiento estrat\u00e9gico, inteligencia emocional y una mindset de crecimiento, adaptaci\u00f3n e innovaci\u00f3n.<\/li><li><b>Gestionar el Cambio con Confianza.<\/b> El cambio es constante, pero la capacidad de liderar a trav\u00e9s del cambio distingue a los l\u00edderes excepcionales. Los programas que ofrecemos empoderan a los participantes para anticipar cambios en la industria, analizar tendencias emergentes y dar forma de manera proactiva al futuro de su organizaci\u00f3n. Armados con esta visi\u00f3n, tus l\u00edderes estar\u00e1n bien preparados para dirigir a sus equipos hacia el \u00e9xito, incluso en tiempos inciertos.<\/li><li><b>Cultivar el Pensamiento Disruptivo.\u00a0<\/b>La innovaci\u00f3n prospera cuando los l\u00edderes se atreven a pensar de manera disruptiva y dejan sus automatismos atr\u00e1s.\u00a0 Los participantes desarrollan el inter\u00e9s por\u00a0 desafiar el status quo, a cuestionar suposiciones y explorar territorios inexplorados de forma asertiva y natural. As\u00ed es como se fomenta una cultura de resoluci\u00f3n creativa de problemas.<\/li><li><b>Dinamizar y ampliar sus relaciones<\/b> con stakeholders internos y externos. Ante el estr\u00e9s, la presi\u00f3n por seguir adelante y las exigencias del d\u00eda a d\u00eda es com\u00fan ver que las personas se enfocan en cultivar las relaciones con grupos reducidos y dentro de una zona de confort. Cultivar un Mindset orientado a las relaciones ampl\u00eda su c\u00edrculo y abre oportunidades que no han sido exploradas con anterioridad.<\/li><\/ul><p><span style=\"color: #ffffff;\"> aunque todo esto lo puedes hacer bien<\/span><\/p><h3><strong>El\u00a0 Bootcamp de Liderazgo y Mindset para Talento J\u00f3ven o Nuevos L\u00edderes se enfoca en:<\/strong><\/h3><p>Preparar a los Futuros L\u00edderes para la excelencia. Nuestro compromiso se extiende a la pr\u00f3xima generaci\u00f3n de l\u00edderes. Nuestro bootcamp de Liderazgo y Mindset para prel\u00edderes est\u00e1 dota a los j\u00f3venes talentos de herramientas pr\u00e1cticas, desde t\u00e9cnicas de comunicaci\u00f3n efectiva hasta estrategias de gesti\u00f3n de proyectos. Tus futuros l\u00edderes desarrollar\u00e1n las habilidades que necesitan para prosperar en sus roles e impulsar el crecimiento continuo de tu empresa. Para ellos es importante trabajar no solo las habilidades de liderazgo sino fortalecer su mindset.<\/p><p><strong>Los temas m\u00e1s comunes a los que se enfrenta el talento joven en proceso de Liderar equipos son:<\/strong><\/p><ul><li>Credibilidad ante s\u00ed mismos y ante otros stakeholders<\/li><li>Definir un estilo de liderazgo<\/li><li>Liderar a antiguos compa\u00f1eros<\/li><li>Gesti\u00f3n de relaciones<\/li><li>Comunicaci\u00f3n asertiva y Gesti\u00f3n de conflictos<\/li><li>Gesti\u00f3n de tiempo, organizaci\u00f3n y manejo de prioridades<\/li><li>Pensamiento estrat\u00e9gico<\/li><\/ul><p>Fomenta una Mentalidad de Crecimiento en toda tu Organizaci\u00f3n. Un mindset de crecimiento no es solo una caracter\u00edstica del liderazgo, es una piedra angular cultural que fomenta la resiliencia y la adaptabilidad. Nuestros programas de mindset inculcan la creencia de que los desaf\u00edos son oportunidades, los fracasos son escalones y el aprendizaje nunca se detiene.\u00a0<\/p><p>Nuestros programas de formaci\u00f3n est\u00e1n meticulosamente dise\u00f1ados para abordar los desaf\u00edos \u00fanicos que enfrentan las empresas en la actualidad. <span style=\"color: #ffffff;\">n<\/span><\/p>\t\t\t\t\t\t<\/div>\n\t\t\t\t<\/div>\n\t\t\t\t\t<\/div>\n\t\t<\/div>\n\t\t\t\t\t<\/div>\n\t\t<\/section>\n\t\t\t\t<section class=\"elementor-section elementor-top-section elementor-element elementor-element-b564431 elementor-section-boxed elementor-section-height-default elementor-section-height-default\" data-id=\"b564431\" data-element_type=\"section\">\n\t\t\t\t\t\t<div class=\"elementor-container elementor-column-gap-default\">\n\t\t\t\t\t<div class=\"elementor-column elementor-col-100 elementor-top-column elementor-element elementor-element-5b38b5a\" data-id=\"5b38b5a\" data-element_type=\"column\">\n\t\t\t<div class=\"elementor-widget-wrap elementor-element-populated\">\n\t\t\t\t\t\t<div class=\"elementor-element elementor-element-3b45b3d elementor-align-center elementor-widget elementor-widget-button\" data-id=\"3b45b3d\" data-element_type=\"widget\" data-widget_type=\"button.default\">\n\t\t\t\t<div class=\"elementor-widget-container\">\n\t\t\t\t\t<div class=\"elementor-button-wrapper\">\n\t\t\t<a class=\"elementor-button elementor-button-link elementor-size-sm\" href=\"https:\/\/georginabarquin.com\/es\/contacto\/\">\n\t\t\t\t\t\t<span class=\"elementor-button-content-wrapper\">\n\t\t\t\t\t\t\t\t\t<span class=\"elementor-button-text\">CONTACTA CON NOSOTROS<\/span>\n\t\t\t\t\t<\/span>\n\t\t\t\t\t<\/a>\n\t\t<\/div>\n\t\t\t\t<\/div>\n\t\t\t\t<\/div>\n\t\t\t\t\t<\/div>\n\t\t<\/div>\n\t\t\t\t\t<\/div>\n\t\t<\/section>\n\t\t\t\t<section class=\"elementor-section elementor-top-section elementor-element elementor-element-33728a0 elementor-section-boxed elementor-section-height-default elementor-section-height-default\" data-id=\"33728a0\" data-element_type=\"section\">\n\t\t\t\t\t\t<div class=\"elementor-container elementor-column-gap-default\">\n\t\t\t\t\t<div class=\"elementor-column elementor-col-100 elementor-top-column elementor-element elementor-element-48586a8\" data-id=\"48586a8\" data-element_type=\"column\">\n\t\t\t<div class=\"elementor-widget-wrap elementor-element-populated\">\n\t\t\t\t\t\t<div class=\"elementor-element elementor-element-f12df93 elementor-widget__width-initial elementor-widget elementor-widget-image\" data-id=\"f12df93\" data-element_type=\"widget\" data-widget_type=\"image.default\">\n\t\t\t\t<div class=\"elementor-widget-container\">\n\t\t\t\t\t\t\t\t\t\t<figure class=\"wp-caption\">\n\t\t\t\t\t\t\t\t\t\t\t<a href=\"https:\/\/forms.gle\/qYTNQoUrRZ7iNJr6A\">\n\t\t\t\t\t\t\t<img fetchpriority=\"high\" width=\"800\" height=\"266\" src=\"https:\/\/georginabarquin.com\/es\/wp-content\/uploads\/2023\/09\/Bootcamp-de-liderazgo-formacion-para-ejecutivos-senior-y-prelideres.jpg\" class=\"attachment-large size-large wp-image-1740\" alt=\"\" srcset=\"https:\/\/georginabarquin.com\/es\/wp-content\/uploads\/2023\/09\/Bootcamp-de-liderazgo-formacion-para-ejecutivos-senior-y-prelideres.jpg 800w, https:\/\/georginabarquin.com\/es\/wp-content\/uploads\/2023\/09\/Bootcamp-de-liderazgo-formacion-para-ejecutivos-senior-y-prelideres-300x100.jpg 300w, https:\/\/georginabarquin.com\/es\/wp-content\/uploads\/2023\/09\/Bootcamp-de-liderazgo-formacion-para-ejecutivos-senior-y-prelideres-768x255.jpg 768w, https:\/\/georginabarquin.com\/es\/wp-content\/uploads\/2023\/09\/Bootcamp-de-liderazgo-formacion-para-ejecutivos-senior-y-prelideres-600x200.jpg 600w\" sizes=\"(max-width: 800px) 100vw, 800px\" \/>\t\t\t\t\t\t\t\t<\/a>\n\t\t\t\t\t\t\t\t\t\t\t<figcaption class=\"widget-image-caption wp-caption-text\">Bootcamps de Liderazgoy Mindset para ejecutivos Senior y para Pre Lideres<\/figcaption>\n\t\t\t\t\t\t\t\t\t\t<\/figure>\n\t\t\t\t\t\t\t<\/div>\n\t\t\t\t<\/div>\n\t\t\t\t<div class=\"elementor-element elementor-element-ba10e45 elementor-widget__width-initial elementor-widget elementor-widget-image\" data-id=\"ba10e45\" data-element_type=\"widget\" data-widget_type=\"image.default\">\n\t\t\t\t<div class=\"elementor-widget-container\">\n\t\t\t\t\t\t\t\t\t\t<figure class=\"wp-caption\">\n\t\t\t\t\t\t\t\t\t\t\t<a href=\"https:\/\/georginabarquin.com\/es\/contacto\/\">\n\t\t\t\t\t\t\t<img fetchpriority=\"high\" width=\"800\" height=\"266\" src=\"https:\/\/georginabarquin.com\/es\/wp-content\/uploads\/2023\/09\/Bootcamp-de-liderazgo-formacion-para-ejecutivos-senior-y-prelideres.jpg\" class=\"attachment-large size-large wp-image-1740\" alt=\"\" srcset=\"https:\/\/georginabarquin.com\/es\/wp-content\/uploads\/2023\/09\/Bootcamp-de-liderazgo-formacion-para-ejecutivos-senior-y-prelideres.jpg 800w, https:\/\/georginabarquin.com\/es\/wp-content\/uploads\/2023\/09\/Bootcamp-de-liderazgo-formacion-para-ejecutivos-senior-y-prelideres-300x100.jpg 300w, https:\/\/georginabarquin.com\/es\/wp-content\/uploads\/2023\/09\/Bootcamp-de-liderazgo-formacion-para-ejecutivos-senior-y-prelideres-768x255.jpg 768w, https:\/\/georginabarquin.com\/es\/wp-content\/uploads\/2023\/09\/Bootcamp-de-liderazgo-formacion-para-ejecutivos-senior-y-prelideres-600x200.jpg 600w\" sizes=\"(max-width: 800px) 100vw, 800px\" \/>\t\t\t\t\t\t\t\t<\/a>\n\t\t\t\t\t\t\t\t\t\t\t<figcaption class=\"widget-image-caption wp-caption-text\">Bootcamps de Liderazgoy Mindset para ejecutivos Senior y para Pre Lideres<\/figcaption>\n\t\t\t\t\t\t\t\t\t\t<\/figure>\n\t\t\t\t\t\t\t<\/div>\n\t\t\t\t<\/div>\n\t\t\t\t<div class=\"elementor-element elementor-element-d82e7b3 elementor-widget__width-initial elementor-widget elementor-widget-image\" data-id=\"d82e7b3\" data-element_type=\"widget\" data-widget_type=\"image.default\">\n\t\t\t\t<div class=\"elementor-widget-container\">\n\t\t\t\t\t\t\t\t\t\t<figure class=\"wp-caption\">\n\t\t\t\t\t\t\t\t\t\t\t<a href=\"https:\/\/georginabarquin.com\/es\/contacto\/\">\n\t\t\t\t\t\t\t<img fetchpriority=\"high\" width=\"800\" height=\"266\" src=\"https:\/\/georginabarquin.com\/es\/wp-content\/uploads\/2023\/09\/Bootcamp-de-liderazgo-formacion-para-ejecutivos-senior-y-prelideres.jpg\" class=\"attachment-large size-large wp-image-1740\" alt=\"\" srcset=\"https:\/\/georginabarquin.com\/es\/wp-content\/uploads\/2023\/09\/Bootcamp-de-liderazgo-formacion-para-ejecutivos-senior-y-prelideres.jpg 800w, https:\/\/georginabarquin.com\/es\/wp-content\/uploads\/2023\/09\/Bootcamp-de-liderazgo-formacion-para-ejecutivos-senior-y-prelideres-300x100.jpg 300w, https:\/\/georginabarquin.com\/es\/wp-content\/uploads\/2023\/09\/Bootcamp-de-liderazgo-formacion-para-ejecutivos-senior-y-prelideres-768x255.jpg 768w, https:\/\/georginabarquin.com\/es\/wp-content\/uploads\/2023\/09\/Bootcamp-de-liderazgo-formacion-para-ejecutivos-senior-y-prelideres-600x200.jpg 600w\" sizes=\"(max-width: 800px) 100vw, 800px\" \/>\t\t\t\t\t\t\t\t<\/a>\n\t\t\t\t\t\t\t\t\t\t\t<figcaption class=\"widget-image-caption wp-caption-text\">Bootcamps de Liderazgoy Mindset para ejecutivos Senior y para Pre Lideres<\/figcaption>\n\t\t\t\t\t\t\t\t\t\t<\/figure>\n\t\t\t\t\t\t\t<\/div>\n\t\t\t\t<\/div>\n\t\t\t\t<div class=\"elementor-element elementor-element-a58959d elementor-widget__width-initial elementor-widget elementor-widget-image\" data-id=\"a58959d\" data-element_type=\"widget\" data-widget_type=\"image.default\">\n\t\t\t\t<div class=\"elementor-widget-container\">\n\t\t\t\t\t\t\t\t\t\t<figure class=\"wp-caption\">\n\t\t\t\t\t\t\t\t\t\t\t<a href=\"https:\/\/georginabarquin.com\/es\/contacto\/\">\n\t\t\t\t\t\t\t<img fetchpriority=\"high\" width=\"800\" height=\"266\" src=\"https:\/\/georginabarquin.com\/es\/wp-content\/uploads\/2023\/09\/Bootcamp-de-liderazgo-formacion-para-ejecutivos-senior-y-prelideres.jpg\" class=\"attachment-large size-large wp-image-1740\" alt=\"\" srcset=\"https:\/\/georginabarquin.com\/es\/wp-content\/uploads\/2023\/09\/Bootcamp-de-liderazgo-formacion-para-ejecutivos-senior-y-prelideres.jpg 800w, https:\/\/georginabarquin.com\/es\/wp-content\/uploads\/2023\/09\/Bootcamp-de-liderazgo-formacion-para-ejecutivos-senior-y-prelideres-300x100.jpg 300w, https:\/\/georginabarquin.com\/es\/wp-content\/uploads\/2023\/09\/Bootcamp-de-liderazgo-formacion-para-ejecutivos-senior-y-prelideres-768x255.jpg 768w, https:\/\/georginabarquin.com\/es\/wp-content\/uploads\/2023\/09\/Bootcamp-de-liderazgo-formacion-para-ejecutivos-senior-y-prelideres-600x200.jpg 600w\" sizes=\"(max-width: 800px) 100vw, 800px\" \/>\t\t\t\t\t\t\t\t<\/a>\n\t\t\t\t\t\t\t\t\t\t\t<figcaption class=\"widget-image-caption wp-caption-text\">Bootcamps de Liderazgoy Mindset para ejecutivos Senior y para Pre Lideres<\/figcaption>\n\t\t\t\t\t\t\t\t\t\t<\/figure>\n\t\t\t\t\t\t\t<\/div>\n\t\t\t\t<\/div>\n\t\t\t\t<div class=\"elementor-element elementor-element-09b4f3a elementor-widget__width-initial elementor-widget elementor-widget-image\" data-id=\"09b4f3a\" data-element_type=\"widget\" data-widget_type=\"image.default\">\n\t\t\t\t<div class=\"elementor-widget-container\">\n\t\t\t\t\t\t\t\t\t\t<figure class=\"wp-caption\">\n\t\t\t\t\t\t\t\t\t\t\t<a href=\"https:\/\/georginabarquin.com\/es\/contacto\/\">\n\t\t\t\t\t\t\t<img fetchpriority=\"high\" width=\"800\" height=\"266\" src=\"https:\/\/georginabarquin.com\/es\/wp-content\/uploads\/2023\/09\/Bootcamp-de-liderazgo-formacion-para-ejecutivos-senior-y-prelideres.jpg\" class=\"attachment-large size-large wp-image-1740\" alt=\"\" srcset=\"https:\/\/georginabarquin.com\/es\/wp-content\/uploads\/2023\/09\/Bootcamp-de-liderazgo-formacion-para-ejecutivos-senior-y-prelideres.jpg 800w, https:\/\/georginabarquin.com\/es\/wp-content\/uploads\/2023\/09\/Bootcamp-de-liderazgo-formacion-para-ejecutivos-senior-y-prelideres-300x100.jpg 300w, https:\/\/georginabarquin.com\/es\/wp-content\/uploads\/2023\/09\/Bootcamp-de-liderazgo-formacion-para-ejecutivos-senior-y-prelideres-768x255.jpg 768w, https:\/\/georginabarquin.com\/es\/wp-content\/uploads\/2023\/09\/Bootcamp-de-liderazgo-formacion-para-ejecutivos-senior-y-prelideres-600x200.jpg 600w\" sizes=\"(max-width: 800px) 100vw, 800px\" \/>\t\t\t\t\t\t\t\t<\/a>\n\t\t\t\t\t\t\t\t\t\t\t<figcaption class=\"widget-image-caption wp-caption-text\">Bootcamps de Liderazgoy Mindset para ejecutivos Senior y para Pre Lideres<\/figcaption>\n\t\t\t\t\t\t\t\t\t\t<\/figure>\n\t\t\t\t\t\t\t<\/div>\n\t\t\t\t<\/div>\n\t\t\t\t\t<\/div>\n\t\t<\/div>\n\t\t\t\t\t<\/div>\n\t\t<\/section>\n\t\t\t\t<section class=\"elementor-section elementor-top-section elementor-element elementor-element-7e9590c elementor-section-boxed elementor-section-height-default elementor-section-height-default\" data-id=\"7e9590c\" data-element_type=\"section\">\n\t\t\t\t\t\t<div class=\"elementor-container elementor-column-gap-default\">\n\t\t\t\t\t<div class=\"elementor-column elementor-col-100 elementor-top-column elementor-element elementor-element-2fe9df7\" data-id=\"2fe9df7\" data-element_type=\"column\">\n\t\t\t<div class=\"elementor-widget-wrap elementor-element-populated\">\n\t\t\t\t\t\t<div class=\"elementor-element elementor-element-f5f0350 elementor-widget elementor-widget-text-editor\" data-id=\"f5f0350\" data-element_type=\"widget\" data-widget_type=\"text-editor.default\">\n\t\t\t\t<div class=\"elementor-widget-container\">\n\t\t\t\t\t\t\t<p><span style=\"color: #ffffff;\">A veces pasar de miembro de equipo a lider puede parecer dificil pero no est\u00e1s solo. El liderazgo puede estancarse a causa de no tener las herramientas necesarias y es por eso que puedes apoyarte en formaciones y aunque parezca que debes invertir tiempo, en realidad te lo estas ahorrando<\/span><\/p>\t\t\t\t\t\t<\/div>\n\t\t\t\t<\/div>\n\t\t\t\t\t<\/div>\n\t\t<\/div>\n\t\t\t\t\t<\/div>\n\t\t<\/section>\n\t\t\t\t<\/div>\n\t\t","protected":false},"excerpt":{"rendered":"<p>BOOTCAMPS DE LIDERAZGO Y MINDSET &nbsp; BOOTCAMPS DE LIDERAZGO y MINDSET Programas individuales o con equipos directivos BOOTCAMPS DE LIDERAZGO Y MINDSET Programas individuales o en grupos \u00bfPor qu\u00e9 elegir nuestra formaci\u00f3n de Bootcamps en Liderazgo y Mindset para Directivos, Ejecutivos Senior y para los Nuevos L\u00edderes? Ofrecemos programas de formaci\u00f3n individuales o grupales que&hellip;&nbsp;<a href=\"https:\/\/georginabarquin.com\/es\/bootcamps-de-liderazgo-y-mindset\/\" rel=\"bookmark\"><span class=\"screen-reader-text\">BOOTCAMPS DE LIDERAZGO y MINDSET<\/span><\/a><\/p>\n","protected":false},"author":1,"featured_media":0,"parent":0,"menu_order":0,"comment_status":"closed","ping_status":"closed","template":"page-templates\/template-pagebuilder-full-width.php","meta":{"neve_meta_sidebar":"","neve_meta_container":"","neve_meta_enable_content_width":"off","neve_meta_content_width":100,"neve_meta_title_alignment":"","neve_meta_author_avatar":"","neve_post_elements_order":"","neve_meta_disable_header":"","neve_meta_disable_footer":"","neve_meta_disable_title":""},"yst_prominent_words":[51],"_links":{"self":[{"href":"https:\/\/georginabarquin.com\/es\/wp-json\/wp\/v2\/pages\/1277"}],"collection":[{"href":"https:\/\/georginabarquin.com\/es\/wp-json\/wp\/v2\/pages"}],"about":[{"href":"https:\/\/georginabarquin.com\/es\/wp-json\/wp\/v2\/types\/page"}],"author":[{"embeddable":true,"href":"https:\/\/georginabarquin.com\/es\/wp-json\/wp\/v2\/users\/1"}],"replies":[{"embeddable":true,"href":"https:\/\/georginabarquin.com\/es\/wp-json\/wp\/v2\/comments?post=1277"}],"version-history":[{"count":247,"href":"https:\/\/georginabarquin.com\/es\/wp-json\/wp\/v2\/pages\/1277\/revisions"}],"predecessor-version":[{"id":2748,"href":"https:\/\/georginabarquin.com\/es\/wp-json\/wp\/v2\/pages\/1277\/revisions\/2748"}],"wp:attachment":[{"href":"https:\/\/georginabarquin.com\/es\/wp-json\/wp\/v2\/media?parent=1277"}],"wp:term":[{"taxonomy":"yst_prominent_words","embeddable":true,"href":"https:\/\/georginabarquin.com\/es\/wp-json\/wp\/v2\/yst_prominent_words?post=1277"}],"curies":[{"name":"wp","href":"https:\/\/api.w.org\/{rel}","templated":true}]}}