{"id":1493,"date":"2023-08-22T10:06:43","date_gmt":"2023-08-22T08:06:43","guid":{"rendered":"https:\/\/georginabarquin.com\/es\/?page_id=1493"},"modified":"2026-01-15T09:09:35","modified_gmt":"2026-01-15T08:09:35","slug":"bootcamps-de-liderazgo-y-mindset-talento-joven","status":"publish","type":"page","link":"https:\/\/georginabarquin.com\/es\/bootcamps-de-liderazgo-y-mindset-talento-joven\/","title":{"rendered":"Bootcamps de liderazgo para TALENTO JOVEN"},"content":{"rendered":"\t\t<div data-elementor-type=\"wp-page\" data-elementor-id=\"1493\" class=\"elementor elementor-1493\">\n\t\t\t\t\t\t<section class=\"elementor-section elementor-top-section elementor-element elementor-element-d3788c0 elementor-section-stretched elementor-section-full_width elementor-section-height-default elementor-section-height-default\" data-id=\"d3788c0\" data-element_type=\"section\" data-settings=\"{&quot;stretch_section&quot;:&quot;section-stretched&quot;}\">\n\t\t\t\t\t\t<div class=\"elementor-container elementor-column-gap-no\">\n\t\t\t\t\t<div class=\"elementor-column elementor-col-100 elementor-top-column elementor-element elementor-element-e8bac01\" data-id=\"e8bac01\" data-element_type=\"column\">\n\t\t\t<div class=\"elementor-widget-wrap\">\n\t\t\t\t\t\t\t<\/div>\n\t\t<\/div>\n\t\t\t\t\t<\/div>\n\t\t<\/section>\n\t\t\t\t<section class=\"elementor-section elementor-top-section elementor-element elementor-element-3bed945 elementor-section-boxed elementor-section-height-default elementor-section-height-default\" data-id=\"3bed945\" data-element_type=\"section\">\n\t\t\t\t\t\t<div class=\"elementor-container elementor-column-gap-default\">\n\t\t\t\t\t<div class=\"elementor-column elementor-col-100 elementor-top-column elementor-element elementor-element-d2ba1f5\" data-id=\"d2ba1f5\" data-element_type=\"column\">\n\t\t\t<div class=\"elementor-widget-wrap elementor-element-populated\">\n\t\t\t\t\t\t<div class=\"elementor-element elementor-element-4998cae elementor--h-position-center elementor--v-position-middle elementor-widget elementor-widget-slides\" data-id=\"4998cae\" data-element_type=\"widget\" data-settings=\"{&quot;navigation&quot;:&quot;none&quot;,&quot;transition_speed&quot;:1500,&quot;autoplay&quot;:&quot;yes&quot;,&quot;pause_on_hover&quot;:&quot;yes&quot;,&quot;pause_on_interaction&quot;:&quot;yes&quot;,&quot;autoplay_speed&quot;:5000,&quot;infinite&quot;:&quot;yes&quot;,&quot;transition&quot;:&quot;slide&quot;}\" data-widget_type=\"slides.default\">\n\t\t\t\t<div class=\"elementor-widget-container\">\n\t\t\t\t\t<div class=\"elementor-swiper\">\n\t\t\t<div class=\"elementor-slides-wrapper elementor-main-swiper swiper-container\" dir=\"ltr\" data-animation=\"fadeInUp\">\n\t\t\t\t<div class=\"swiper-wrapper elementor-slides\">\n\t\t\t\t\t\t\t\t\t\t<div class=\"elementor-repeater-item-0a0b3a6 swiper-slide\"><div class=\"swiper-slide-bg\"><\/div><div class=\"swiper-slide-inner\" ><div class=\"swiper-slide-contents\"><div class=\"elementor-slide-heading\">BOOTCAMPS para  L\u00edderes Emergentes<\/div><div class=\"elementor-slide-description\">Talento J\u00f3ven y Futuros L\u00edderes<\/div><\/div><\/div><\/div>\t\t\t\t<\/div>\n\t\t\t\t\t\t\t<\/div>\n\t\t<\/div>\n\t\t\t\t<\/div>\n\t\t\t\t<\/div>\n\t\t\t\t<div class=\"elementor-element elementor-element-2d01838 elementor-widget elementor-widget-text-editor\" data-id=\"2d01838\" data-element_type=\"widget\" data-widget_type=\"text-editor.default\">\n\t\t\t\t<div class=\"elementor-widget-container\">\n\t\t\t\t\t\t\t<h5 style=\"text-align: center;\"><span style=\"color: #ce1118;\"><strong>El Bootcamp de Liderazgo y Mindset para Talento J\u00f3ven y Futuros L\u00edderes<\/strong><\/span><\/h5><p style=\"text-align: center;\"><span style=\"color: #454343;\"><strong>Programas intensivos y orientados a resultados, dise\u00f1ados para acelerar el crecimiento, fortalecer las capacidades de liderazgo y potenciar a la pr\u00f3xima generaci\u00f3n de profesionales de alto rendimiento.<\/strong><\/span><\/p><p><span style=\"color: #000000;\"><strong>Los retos a los que se enfrenta el talento j\u00f3ven y los futuros l\u00edderes son:<\/strong><\/span><\/p><ul><li><span style=\"color: #000000;\"><strong>Experiencia limitada: <\/strong>Los j\u00f3venes talento pueden carecer de una experiencia extensa, lo que les puede generar incertidumbre al tomar decisiones y gestionar situaciones complejas.<\/span><\/li><li><span style=\"color: #000000;\"><strong>Credibilidad: <\/strong>Ganarse el respeto y la confianza de los miembros m\u00e1s experimentados del equipo puede ser uno de los retos para los pre l\u00edderes o los l\u00edderes emergentes<\/span><\/li><li><span style=\"color: #000000;\"><strong>Equilibrar Autoridad y Responsabilidad:<\/strong>Encontrar un equilibrio entre afirmar la autoridad y construir relaciones interpersonales s\u00f3lidas puede ser complicado. A menudo, el s\u00edndrome del impostor puede ser un obst\u00e1culo.<\/span><\/li><li><span style=\"color: #000000;\"><strong>Gestionar conflictos: <\/strong>Gestionar conflictos dentro del equipo, especialmente cuando involucra a compa\u00f1eros, puede ser una tarea desafiante.<\/span><\/li><li><span style=\"color: #000000;\"><strong>Gesti\u00f3n de prioridades y de tiempo:<\/strong> Gestionar responsabilidades aumentadas y delegar de manera efectiva mientras se mantiene una carga de trabajo equilibrada puede ser exigent <span style=\"color: #ffffff;\">(bootcamp de liderazgo y mindset pre-l\u00edderes)<\/span><\/span><\/li><li><span style=\"color: #000000;\"><strong>Adaptarse al cambio:<\/strong> Los entornos empresariales en donde hay cambios constantes requiere que los l\u00edderes emergentes se adapten r\u00e1pidamente a nuevas\u00a0 formas de trabajar y de organizarse <span style=\"color: #ffffff;\">bootcamp de liderazgo y mindset prel\u00edderes\u00a0<\/span><\/span><\/li><li><span style=\"color: #000000;\"><strong>Habilidades de comunicaci\u00f3n:<\/strong> Desarrollar habilidades efectivas de comunicaci\u00f3n para transmitir ideas, gestionar expectativas\u00a0 y proporcionar feedback claro. Los distintos stakeholders tienen diferentes expectativas. Reconocer las diferencias y gestionarlas puede ser un desaf\u00edo<\/span><\/li><li><span style=\"color: #000000;\"><strong>Liderar a antiguos compa\u00f1eros:<\/strong> Liderar equipos en donde hay antiguos compa\u00f1eros puede generar din\u00e1micas interpersonales\u00a0 que necesitan ser gestionadas con delicadeza<\/span><\/li><li><span style=\"color: #000000;\"><strong>Definir un estilo de liderazgo:<\/strong> A menudo, los futuros l\u00edderes necesitan identificar y perfeccionar su estilo de liderazgo y alinearlo con sus valores y los objetivos de la organizaci\u00f3n <span style=\"color: #ffffff;\">bootcamp de liderazgo y mindset prel\u00edderes<\/span><\/span><\/li><li><span style=\"color: #000000;\"><strong>Pensamiento estrat\u00e9gico:<\/strong> Desarrollar una mentalidad estrat\u00e9gica para prever desaf\u00edos, establecer objetivos y planificar\u00a0 el futuro puede implica una curva de aprendizaje<\/span><\/li><li><span style=\"color: #000000;\"><strong>Gestionar expectativas en el equipo: <\/strong>a menudo, un prel\u00edder debe gestionar las expectativas de su equipo ante los cambios, promociones, nuevas contrataciones, re-esctructuraciones o subidas de sueldo<\/span><\/li><\/ul><p><span style=\"color: #000000;\">Cada uno de estos desaf\u00edos presenta oportunidades de crecimiento y desarrollo a medida que los l\u00edderes emergentes trabajan en el perfeccionamiento de sus habilidades y se adaptan a sus roles en evoluci\u00f3n.nuevos\u00a0<\/span><\/p>\t\t\t\t\t\t<\/div>\n\t\t\t\t<\/div>\n\t\t\t\t\t<\/div>\n\t\t<\/div>\n\t\t\t\t\t<\/div>\n\t\t<\/section>\n\t\t\t\t<section class=\"elementor-section elementor-top-section elementor-element elementor-element-8abe75a elementor-section-boxed elementor-section-height-default elementor-section-height-default\" data-id=\"8abe75a\" data-element_type=\"section\">\n\t\t\t\t\t\t<div class=\"elementor-container elementor-column-gap-default\">\n\t\t\t\t\t<div class=\"elementor-column elementor-col-33 elementor-top-column elementor-element elementor-element-75f8131 animated-slow elementor-invisible\" data-id=\"75f8131\" data-element_type=\"column\" data-settings=\"{&quot;animation&quot;:&quot;zoomIn&quot;}\">\n\t\t\t<div class=\"elementor-widget-wrap elementor-element-populated\">\n\t\t\t\t\t\t<div class=\"elementor-element elementor-element-05659bf animated-slow elementor-invisible elementor-widget elementor-widget-text-editor\" data-id=\"05659bf\" data-element_type=\"widget\" data-settings=\"{&quot;_animation&quot;:&quot;slideInLeft&quot;,&quot;_animation_delay&quot;:100}\" data-widget_type=\"text-editor.default\">\n\t\t\t\t<div class=\"elementor-widget-container\">\n\t\t\t\t\t\t\t<p><span style=\"vertical-align: inherit;\"><span style=\"vertical-align: inherit;\">|<\/span><\/span><\/p>\t\t\t\t\t\t<\/div>\n\t\t\t\t<\/div>\n\t\t\t\t\t<\/div>\n\t\t<\/div>\n\t\t\t\t<div class=\"elementor-column elementor-col-33 elementor-top-column elementor-element elementor-element-20481ea\" data-id=\"20481ea\" data-element_type=\"column\">\n\t\t\t<div class=\"elementor-widget-wrap elementor-element-populated\">\n\t\t\t\t\t\t<div class=\"elementor-element elementor-element-340c8a2 animated-slow elementor-invisible elementor-widget elementor-widget-heading\" data-id=\"340c8a2\" data-element_type=\"widget\" data-settings=\"{&quot;_animation&quot;:&quot;zoomIn&quot;,&quot;_animation_delay&quot;:200}\" data-widget_type=\"heading.default\">\n\t\t\t\t<div class=\"elementor-widget-container\">\n\t\t\t<h2 class=\"elementor-heading-title elementor-size-default\">BOOTCAMP y PROGRAMAS DE LIDERAZGO Y MINDSET PARA L\u00cdDERES EMERGENTES y TALENTO J\u00d3VEN<\/h2>\t\t<\/div>\n\t\t\t\t<\/div>\n\t\t\t\t\t<\/div>\n\t\t<\/div>\n\t\t\t\t<div class=\"elementor-column elementor-col-33 elementor-top-column elementor-element elementor-element-85de972 animated-fast elementor-invisible\" data-id=\"85de972\" data-element_type=\"column\" data-settings=\"{&quot;animation&quot;:&quot;zoomIn&quot;,&quot;animation_delay&quot;:300}\">\n\t\t\t<div class=\"elementor-widget-wrap elementor-element-populated\">\n\t\t\t\t\t\t\t<\/div>\n\t\t<\/div>\n\t\t\t\t\t<\/div>\n\t\t<\/section>\n\t\t\t\t<section class=\"elementor-section elementor-top-section elementor-element elementor-element-318a103 elementor-section-boxed elementor-section-height-default elementor-section-height-default\" data-id=\"318a103\" data-element_type=\"section\">\n\t\t\t\t\t\t<div class=\"elementor-container elementor-column-gap-default\">\n\t\t\t\t\t<div class=\"elementor-column elementor-col-50 elementor-top-column elementor-element elementor-element-1ec71cc\" data-id=\"1ec71cc\" data-element_type=\"column\">\n\t\t\t<div class=\"elementor-widget-wrap elementor-element-populated\">\n\t\t\t\t\t\t<div class=\"elementor-element elementor-element-a722c51 elementor-widget elementor-widget-text-editor\" data-id=\"a722c51\" data-element_type=\"widget\" data-widget_type=\"text-editor.default\">\n\t\t\t\t<div class=\"elementor-widget-container\">\n\t\t\t\t\t\t\t<h4 style=\"text-align: left;\"><span style=\"color: #000000;\">Bootcamp individual de Liderazgo y Mindset<\/span><\/h4><p><span style=\"color: #000000;\"><em><strong>El programa<\/strong><\/em><\/span><\/p><ul><li><span style=\"color: #000000;\">Entrevista inicial<\/span><\/li><li><span style=\"color: #000000;\">Sesiones presenciales en Madrid y sesiones online para el resto de zonas geogr\u00e1ficas<\/span><\/li><li><span style=\"color: #000000;\">Duraci\u00f3n de 12 semanas<\/span><\/li><li><span style=\"color: #000000;\">Un total de 50 horas: 24 horas de forma s\u00edncrona con la formadora\/coach y <span style=\"font-family: var( --e-global-typography-text-font-family ), Sans-serif; font-weight: var( --e-global-typography-text-font-weight ); background-color: var(--nv-site-bg); font-size: var(--bodyFontSize); letter-spacing: var(--bodyLetterSpacing); text-transform: var(--bodyTextTransform);\">\u00a026 horas realizando microtareas, trabajando en casos pr\u00e1cticos, aplicando el conocimiento in situ y realizando ejercicios y\u00a0 tests<\/span><\/span><\/li><li><span style=\"color: #000000;\">5 tests para determinar el nivel de liderazgo actual, las fortalezas y las \u00e1reas de mejora del candidato<\/span><\/li><li><span style=\"color: #000000;\">Programas a medida<\/span><\/li><li><span style=\"color: #000000;\">3 sesiones de coaching incluidas<\/span><\/li><li><span style=\"color: #000000;\">Enfoque\u00a0 \u00abLearn by doing\u00bb<\/span><\/li><\/ul><h4 style=\"text-align: center;\">\u00a0<\/h4><p style=\"text-align: center;\"><span style=\"color: #b1080b;\"><a style=\"color: #b1080b;\" href=\"https:\/\/drive.google.com\/file\/d\/1mtYaD64ZEfEXf566ezlWdWEmZrYjXDEQ\/view?usp=sharing\"><strong>Descarga nuestro cat\u00e1logo\u00a0<\/strong><\/a><\/span><\/p>\t\t\t\t\t\t<\/div>\n\t\t\t\t<\/div>\n\t\t\t\t\t<\/div>\n\t\t<\/div>\n\t\t\t\t<div class=\"elementor-column elementor-col-50 elementor-top-column elementor-element elementor-element-c01bbaf\" data-id=\"c01bbaf\" data-element_type=\"column\">\n\t\t\t<div class=\"elementor-widget-wrap elementor-element-populated\">\n\t\t\t\t\t\t<div class=\"elementor-element elementor-element-c35c094 elementor-widget elementor-widget-text-editor\" data-id=\"c35c094\" data-element_type=\"widget\" data-widget_type=\"text-editor.default\">\n\t\t\t\t<div class=\"elementor-widget-container\">\n\t\t\t\t\t\t\t<h4 style=\"text-align: left;\"><span style=\"color: #000000;\">Bootcamp grupal de Liderazgo y Mindset<\/span><\/h4><p><span style=\"color: #000000;\"><em><strong>El programa<\/strong><\/em><\/span><\/p><ul><li><span style=\"color: #000000;\">Cuestionario inicial<\/span><\/li><li><span style=\"color: #000000;\">Sesiones presenciales en Madrid y sesiones online para el resto de zonas geogr\u00e1ficas<\/span><\/li><li><span style=\"color: #000000;\">Duraci\u00f3n 12 semanas<\/span><\/li><li><span style=\"color: #000000;\">Un total de 50 horas: 24 horas de forma s\u00edncrona con la formadora\/coach y\u00a0\u00a026 horas realizando microtareas, trabajando en casos pr\u00e1cticos, aplicando el conocimiento in situ y realizando ejercicios y\u00a0 tests<\/span><\/li><li><span style=\"color: #000000;\">5 tests para determinar el nivel de liderazgo actual, las fortalezas y las \u00e1reas de mejora del candidato<\/span><\/li><li><span style=\"color: #000000;\">Programas a medida<\/span><\/li><li><span style=\"color: #000000;\">2 mini sesiones de coaching incluidas<\/span><\/li><\/ul><ul><li><span style=\"color: #000000;\">Enfoque \u00abLearn by doing\u00bb<\/span><\/li><\/ul><p><span style=\"color: #000000;\">Las mini sesiones de coaching est\u00e1n incluidas para grupos reducidos de 5 personas. Para grupos m\u00e1s amplios se a\u00f1ade un coste.<\/span><\/p><p style=\"text-align: center;\"><span style=\"color: #b1080b;\"><a style=\"color: #b1080b;\" href=\"https:\/\/drive.google.com\/file\/d\/1mtYaD64ZEfEXf566ezlWdWEmZrYjXDEQ\/view?usp=sharing\">\u00a0<strong style=\"text-align: right; font-family: var( --e-global-typography-text-font-family ), Sans-serif; font-size: var( --e-global-typography-text-font-size ); background-color: var(--nv-site-bg); letter-spacing: var(--bodyletterspacing); text-transform: var(--bodytexttransform);\">Descarga nuestro cat\u00e1logo<\/strong><\/a><\/span><\/p>\t\t\t\t\t\t<\/div>\n\t\t\t\t<\/div>\n\t\t\t\t\t<\/div>\n\t\t<\/div>\n\t\t\t\t\t<\/div>\n\t\t<\/section>\n\t\t\t\t<section class=\"elementor-section elementor-top-section elementor-element elementor-element-8636e14 elementor-section-boxed elementor-section-height-default elementor-section-height-default\" data-id=\"8636e14\" data-element_type=\"section\">\n\t\t\t\t\t\t<div class=\"elementor-container elementor-column-gap-default\">\n\t\t\t\t\t<div class=\"elementor-column elementor-col-100 elementor-top-column elementor-element elementor-element-8bcc59f\" data-id=\"8bcc59f\" data-element_type=\"column\">\n\t\t\t<div class=\"elementor-widget-wrap elementor-element-populated\">\n\t\t\t\t\t\t<div class=\"elementor-element elementor-element-b3f502f elementor-widget elementor-widget-text-editor\" data-id=\"b3f502f\" data-element_type=\"widget\" data-widget_type=\"text-editor.default\">\n\t\t\t\t<div class=\"elementor-widget-container\">\n\t\t\t\t\t\t\t<p style=\"text-align: center;\"><span style=\"color: #b1080b;\"><strong><a style=\"color: #b1080b;\" href=\"https:\/\/georginabarquin.com\/es\/formacion\/\">VER OTRAS FORMACIONES Y PROGRAMAS DE HABILIDADES DIRECTIVAS<\/a><\/strong><\/span><\/p>\t\t\t\t\t\t<\/div>\n\t\t\t\t<\/div>\n\t\t\t\t\t<\/div>\n\t\t<\/div>\n\t\t\t\t\t<\/div>\n\t\t<\/section>\n\t\t\t\t<\/div>\n\t\t","protected":false},"excerpt":{"rendered":"<p>BOOTCAMPS para L\u00edderes EmergentesTalento J\u00f3ven y Futuros L\u00edderes El Bootcamp de Liderazgo y Mindset para Talento J\u00f3ven y Futuros L\u00edderes Programas intensivos y orientados a resultados, dise\u00f1ados para acelerar el crecimiento, fortalecer las capacidades de liderazgo y potenciar a la pr\u00f3xima generaci\u00f3n de profesionales de alto rendimiento. Los retos a los que se enfrenta el&hellip;&nbsp;<a href=\"https:\/\/georginabarquin.com\/es\/bootcamps-de-liderazgo-y-mindset-talento-joven\/\" rel=\"bookmark\"><span class=\"screen-reader-text\">Bootcamps de liderazgo para TALENTO JOVEN<\/span><\/a><\/p>\n","protected":false},"author":1,"featured_media":2357,"parent":0,"menu_order":0,"comment_status":"closed","ping_status":"closed","template":"page-templates\/template-pagebuilder-full-width.php","meta":{"neve_meta_sidebar":"","neve_meta_container":"","neve_meta_enable_content_width":"off","neve_meta_content_width":100,"neve_meta_title_alignment":"","neve_meta_author_avatar":"","neve_post_elements_order":"","neve_meta_disable_header":"","neve_meta_disable_footer":"","neve_meta_disable_title":""},"yst_prominent_words":[],"_links":{"self":[{"href":"https:\/\/georginabarquin.com\/es\/wp-json\/wp\/v2\/pages\/1493"}],"collection":[{"href":"https:\/\/georginabarquin.com\/es\/wp-json\/wp\/v2\/pages"}],"about":[{"href":"https:\/\/georginabarquin.com\/es\/wp-json\/wp\/v2\/types\/page"}],"author":[{"embeddable":true,"href":"https:\/\/georginabarquin.com\/es\/wp-json\/wp\/v2\/users\/1"}],"replies":[{"embeddable":true,"href":"https:\/\/georginabarquin.com\/es\/wp-json\/wp\/v2\/comments?post=1493"}],"version-history":[{"count":81,"href":"https:\/\/georginabarquin.com\/es\/wp-json\/wp\/v2\/pages\/1493\/revisions"}],"predecessor-version":[{"id":2358,"href":"https:\/\/georginabarquin.com\/es\/wp-json\/wp\/v2\/pages\/1493\/revisions\/2358"}],"wp:featuredmedia":[{"embeddable":true,"href":"https:\/\/georginabarquin.com\/es\/wp-json\/wp\/v2\/media\/2357"}],"wp:attachment":[{"href":"https:\/\/georginabarquin.com\/es\/wp-json\/wp\/v2\/media?parent=1493"}],"wp:term":[{"taxonomy":"yst_prominent_words","embeddable":true,"href":"https:\/\/georginabarquin.com\/es\/wp-json\/wp\/v2\/yst_prominent_words?post=1493"}],"curies":[{"name":"wp","href":"https:\/\/api.w.org\/{rel}","templated":true}]}}