{"id":15,"date":"2019-08-20T09:24:03","date_gmt":"2019-08-20T07:24:03","guid":{"rendered":"https:\/\/georginabarquin.com\/?page_id=15"},"modified":"2026-01-15T09:13:03","modified_gmt":"2026-01-15T08:13:03","slug":"consultoria-inteligencia-cultural","status":"publish","type":"page","link":"https:\/\/georginabarquin.com\/es\/consultoria-inteligencia-cultural\/","title":{"rendered":"CONSULTOR\u00cdA INTELIGENCIA CULTURAL"},"content":{"rendered":"\t\t<div data-elementor-type=\"wp-post\" data-elementor-id=\"15\" class=\"elementor elementor-15\">\n\t\t\t\t\t\t<section class=\"elementor-section elementor-top-section elementor-element elementor-element-783f74e elementor-section-boxed elementor-section-height-default elementor-section-height-default\" data-id=\"783f74e\" data-element_type=\"section\">\n\t\t\t\t\t\t<div class=\"elementor-container elementor-column-gap-default\">\n\t\t\t\t\t<div class=\"elementor-column elementor-col-100 elementor-top-column elementor-element elementor-element-112ad3b\" data-id=\"112ad3b\" data-element_type=\"column\">\n\t\t\t<div class=\"elementor-widget-wrap elementor-element-populated\">\n\t\t\t\t\t\t<div class=\"elementor-element elementor-element-632f01e elementor-widget elementor-widget-text-editor\" data-id=\"632f01e\" data-element_type=\"widget\" data-widget_type=\"text-editor.default\">\n\t\t\t\t<div class=\"elementor-widget-container\">\n\t\t\t\t\t\t\t<h2><span style=\"color: #000000;\">INTERNACIONALIZACi\u00d3N, EXPANSI\u00d3N y GESTI\u00d3N DEL CAMBIO<\/span><\/h2>\t\t\t\t\t\t<\/div>\n\t\t\t\t<\/div>\n\t\t\t\t\t<\/div>\n\t\t<\/div>\n\t\t\t\t\t<\/div>\n\t\t<\/section>\n\t\t\t\t<section class=\"elementor-section elementor-top-section elementor-element elementor-element-130e417e elementor-section-stretched elementor-section-boxed elementor-section-height-default elementor-section-height-default\" data-id=\"130e417e\" data-element_type=\"section\" data-settings=\"{&quot;stretch_section&quot;:&quot;section-stretched&quot;}\">\n\t\t\t\t\t\t<div class=\"elementor-container elementor-column-gap-default\">\n\t\t\t\t\t<div class=\"elementor-column elementor-col-50 elementor-top-column elementor-element elementor-element-ec9ac19\" data-id=\"ec9ac19\" data-element_type=\"column\">\n\t\t\t<div class=\"elementor-widget-wrap elementor-element-populated\">\n\t\t\t\t\t\t<div class=\"elementor-element elementor-element-52843421 elementor-widget elementor-widget-text-editor\" data-id=\"52843421\" data-element_type=\"widget\" data-widget_type=\"text-editor.default\">\n\t\t\t\t<div class=\"elementor-widget-container\">\n\t\t\t\t\t\t\t<h5>A trav\u00e9s de un proceso de consultor\u00eda en <em><strong>Inteligencia Cultural y Gesti\u00f3n del Cambio<\/strong><\/em>, Georgina Barquin\u00a0 apoya a\u00a0 Comit\u00e9s de Direcci\u00f3n y\u00a0 Departamentos de RRHH a desarrollar una mayor Inteligencia Cultural y adoptar\u00a0 un Mindset GLOBAL.\u00a0<\/h5><ul><li>Ajustes necesarios\u00a0 para garantizar agilidad y buena comunicaci\u00f3n en los distintos mercados internacionales.<\/li><li>Reconocer y gestionar problemas comunes que surgen de fusiones y adquisiciones.<\/li><li>Desarrollar equipos interculturales que alcancen\u00a0 su m\u00e1ximo potencial de forma org\u00e1nica.<\/li><li>Gestionar cambios culturales: tras fusiones o adquisiciones, en procesos de internacionalizaci\u00f3n o en procesos de crecimiento exponencial (por ejemplo de Startup o PYME a Multinacional).<\/li><\/ul>\t\t\t\t\t\t<\/div>\n\t\t\t\t<\/div>\n\t\t\t\t\t<\/div>\n\t\t<\/div>\n\t\t\t\t<div class=\"elementor-column elementor-col-50 elementor-top-column elementor-element elementor-element-7ec655a\" data-id=\"7ec655a\" data-element_type=\"column\">\n\t\t\t<div class=\"elementor-widget-wrap elementor-element-populated\">\n\t\t\t\t\t\t<div class=\"elementor-element elementor-element-1be9052 animated-slow elementor-invisible elementor-widget elementor-widget-image\" data-id=\"1be9052\" data-element_type=\"widget\" data-settings=\"{&quot;motion_fx_motion_fx_scrolling&quot;:&quot;yes&quot;,&quot;motion_fx_translateY_effect&quot;:&quot;yes&quot;,&quot;motion_fx_translateY_speed&quot;:{&quot;unit&quot;:&quot;px&quot;,&quot;size&quot;:&quot;1&quot;,&quot;sizes&quot;:[]},&quot;_animation&quot;:&quot;slideInRight&quot;,&quot;_animation_delay&quot;:200,&quot;motion_fx_translateY_affectedRange&quot;:{&quot;unit&quot;:&quot;%&quot;,&quot;size&quot;:&quot;&quot;,&quot;sizes&quot;:{&quot;start&quot;:0,&quot;end&quot;:100}},&quot;motion_fx_devices&quot;:[&quot;desktop&quot;,&quot;tablet&quot;,&quot;mobile&quot;]}\" data-widget_type=\"image.default\">\n\t\t\t\t<div class=\"elementor-widget-container\">\n\t\t\t\t\t\t\t\t\t\t\t\t\t<img fetchpriority=\"high\" width=\"1000\" height=\"667\" src=\"https:\/\/georginabarquin.com\/es\/wp-content\/uploads\/2019\/08\/inteligencia-cultuaral-georgina-barquin.jpeg\" class=\"attachment-full size-full wp-image-340\" alt=\"inteligencia cultuaral georgina barquin\" srcset=\"https:\/\/georginabarquin.com\/es\/wp-content\/uploads\/2019\/08\/inteligencia-cultuaral-georgina-barquin.jpeg 1000w, https:\/\/georginabarquin.com\/es\/wp-content\/uploads\/2019\/08\/inteligencia-cultuaral-georgina-barquin-600x400.jpeg 600w, https:\/\/georginabarquin.com\/es\/wp-content\/uploads\/2019\/08\/inteligencia-cultuaral-georgina-barquin-300x200.jpeg 300w, https:\/\/georginabarquin.com\/es\/wp-content\/uploads\/2019\/08\/inteligencia-cultuaral-georgina-barquin-768x512.jpeg 768w\" sizes=\"(max-width: 1000px) 100vw, 1000px\" \/>\t\t\t\t\t\t\t\t\t\t\t\t\t<\/div>\n\t\t\t\t<\/div>\n\t\t\t\t\t<\/div>\n\t\t<\/div>\n\t\t\t\t\t<\/div>\n\t\t<\/section>\n\t\t\t\t<section class=\"elementor-section elementor-top-section elementor-element elementor-element-36ef915 elementor-section-stretched elementor-section-full_width elementor-section-height-default elementor-section-height-default\" data-id=\"36ef915\" data-element_type=\"section\" data-settings=\"{&quot;stretch_section&quot;:&quot;section-stretched&quot;}\">\n\t\t\t\t\t\t<div class=\"elementor-container elementor-column-gap-default\">\n\t\t\t\t\t<div class=\"elementor-column elementor-col-100 elementor-top-column elementor-element elementor-element-fac3f6c\" data-id=\"fac3f6c\" data-element_type=\"column\">\n\t\t\t<div class=\"elementor-widget-wrap elementor-element-populated\">\n\t\t\t\t\t\t<div class=\"elementor-element elementor-element-1a772ba elementor-widget-divider--view-line elementor-widget elementor-widget-divider\" data-id=\"1a772ba\" data-element_type=\"widget\" data-widget_type=\"divider.default\">\n\t\t\t\t<div class=\"elementor-widget-container\">\n\t\t\t\t\t<div class=\"elementor-divider\">\n\t\t\t<span class=\"elementor-divider-separator\">\n\t\t\t\t\t\t<\/span>\n\t\t<\/div>\n\t\t\t\t<\/div>\n\t\t\t\t<\/div>\n\t\t\t\t\t<\/div>\n\t\t<\/div>\n\t\t\t\t\t<\/div>\n\t\t<\/section>\n\t\t\t\t<section class=\"elementor-section elementor-top-section elementor-element elementor-element-abed6ae elementor-section-boxed elementor-section-height-default elementor-section-height-default\" data-id=\"abed6ae\" data-element_type=\"section\">\n\t\t\t\t\t\t<div class=\"elementor-container elementor-column-gap-default\">\n\t\t\t\t\t<div class=\"elementor-column elementor-col-100 elementor-top-column elementor-element elementor-element-b2551dd\" data-id=\"b2551dd\" data-element_type=\"column\">\n\t\t\t<div class=\"elementor-widget-wrap elementor-element-populated\">\n\t\t\t\t\t\t<div class=\"elementor-element elementor-element-8c0b7ef elementor-widget elementor-widget-text-editor\" data-id=\"8c0b7ef\" data-element_type=\"widget\" data-widget_type=\"text-editor.default\">\n\t\t\t\t<div class=\"elementor-widget-container\">\n\t\t\t\t\t\t\t<h2><span style=\"color: #000000;\">EL PROCESO DE CAMBIO CULTURAL<\/span><\/h2>\t\t\t\t\t\t<\/div>\n\t\t\t\t<\/div>\n\t\t\t\t\t<\/div>\n\t\t<\/div>\n\t\t\t\t\t<\/div>\n\t\t<\/section>\n\t\t\t\t<section class=\"elementor-section elementor-top-section elementor-element elementor-element-0040dc5 elementor-section-boxed elementor-section-height-default elementor-section-height-default\" data-id=\"0040dc5\" data-element_type=\"section\">\n\t\t\t\t\t\t<div class=\"elementor-container elementor-column-gap-default\">\n\t\t\t\t\t<div class=\"elementor-column elementor-col-100 elementor-top-column elementor-element elementor-element-5506f39\" data-id=\"5506f39\" data-element_type=\"column\">\n\t\t\t<div class=\"elementor-widget-wrap elementor-element-populated\">\n\t\t\t\t\t\t<div class=\"elementor-element elementor-element-1059148 elementor-widget elementor-widget-text-editor\" data-id=\"1059148\" data-element_type=\"widget\" data-widget_type=\"text-editor.default\">\n\t\t\t\t<div class=\"elementor-widget-container\">\n\t\t\t\t\t\t\t<p>La Inteligencia Cultural es la piedra angular de una transformaci\u00f3n cultural exitosa. Permite que l\u00edderes y equipos naveguen la complejidad, superen diferencias y alineen comportamientos con el prop\u00f3sito de la organizaci\u00f3n. Nuestro proceso de cambio cultural en 5 pasos integra herramientas basadas en evidencia, como el <strong data-start=\"321\" data-end=\"350\">Barrett Values Assessment<\/strong>, que revela los valores que impulsan tu organizaci\u00f3n, y el <strong data-start=\"410\" data-end=\"439\">Leadership Circle Profile<\/strong>, que identifica las mentalidades que determinan la efectividad del liderazgo. Juntas, estas herramientas crean una hoja de ruta clara para una evoluci\u00f3n cultural sostenible, potenciando tanto a las personas como al desempe\u00f1o para prosperar en perfecta alineaci\u00f3n.<\/p><p>Experiencia consolidada con Start Ups, Pymes y Multinacionales nacionales e internacionales en sectores que\u00a0 tan diversos como Tech, Banca, Ingenier\u00eda, Acero, Alimentaci\u00f3n, Educaci\u00f3n, M\u00fasica.<\/p>\t\t\t\t\t\t<\/div>\n\t\t\t\t<\/div>\n\t\t\t\t\t<\/div>\n\t\t<\/div>\n\t\t\t\t\t<\/div>\n\t\t<\/section>\n\t\t\t\t<section class=\"elementor-section elementor-top-section elementor-element elementor-element-fc2b79a elementor-section-boxed elementor-section-height-default elementor-section-height-default\" data-id=\"fc2b79a\" data-element_type=\"section\">\n\t\t\t\t\t\t<div class=\"elementor-container elementor-column-gap-default\">\n\t\t\t\t\t<div class=\"elementor-column elementor-col-100 elementor-top-column elementor-element elementor-element-3abcd8a\" data-id=\"3abcd8a\" data-element_type=\"column\">\n\t\t\t<div class=\"elementor-widget-wrap elementor-element-populated\">\n\t\t\t\t\t\t<div class=\"elementor-element elementor-element-f8fdf47 elementor-widget elementor-widget-spacer\" data-id=\"f8fdf47\" data-element_type=\"widget\" data-widget_type=\"spacer.default\">\n\t\t\t\t<div class=\"elementor-widget-container\">\n\t\t\t\t\t<div class=\"elementor-spacer\">\n\t\t\t<div class=\"elementor-spacer-inner\"><\/div>\n\t\t<\/div>\n\t\t\t\t<\/div>\n\t\t\t\t<\/div>\n\t\t\t\t\t<\/div>\n\t\t<\/div>\n\t\t\t\t\t<\/div>\n\t\t<\/section>\n\t\t\t\t<section class=\"elementor-section elementor-top-section elementor-element elementor-element-c32b69c elementor-section-boxed elementor-section-height-default elementor-section-height-default\" data-id=\"c32b69c\" data-element_type=\"section\">\n\t\t\t\t\t\t<div class=\"elementor-container elementor-column-gap-default\">\n\t\t\t\t\t<div class=\"elementor-column elementor-col-100 elementor-top-column elementor-element elementor-element-dd42d20\" data-id=\"dd42d20\" data-element_type=\"column\">\n\t\t\t<div class=\"elementor-widget-wrap elementor-element-populated\">\n\t\t\t\t\t\t<div class=\"elementor-element elementor-element-3e69744 elementor-skin-coverflow elementor-arrows-yes elementor-pagination-type-bullets elementor-pagination-position-outside elementor-widget elementor-widget-media-carousel\" data-id=\"3e69744\" data-element_type=\"widget\" data-settings=\"{&quot;skin&quot;:&quot;coverflow&quot;,&quot;show_arrows&quot;:&quot;yes&quot;,&quot;pagination&quot;:&quot;bullets&quot;,&quot;speed&quot;:500,&quot;autoplay&quot;:&quot;yes&quot;,&quot;autoplay_speed&quot;:5000,&quot;loop&quot;:&quot;yes&quot;,&quot;pause_on_hover&quot;:&quot;yes&quot;,&quot;pause_on_interaction&quot;:&quot;yes&quot;,&quot;space_between&quot;:{&quot;unit&quot;:&quot;px&quot;,&quot;size&quot;:10,&quot;sizes&quot;:[]},&quot;space_between_tablet&quot;:{&quot;unit&quot;:&quot;px&quot;,&quot;size&quot;:10,&quot;sizes&quot;:[]},&quot;space_between_mobile&quot;:{&quot;unit&quot;:&quot;px&quot;,&quot;size&quot;:10,&quot;sizes&quot;:[]}}\" data-widget_type=\"media-carousel.default\">\n\t\t\t\t<div class=\"elementor-widget-container\">\n\t\t\t\t\t<div class=\"elementor-swiper\">\n\t\t\t<div class=\"elementor-main-swiper swiper-container\">\n\t\t\t\t<div class=\"swiper-wrapper\">\n\t\t\t\t\t\t\t\t\t\t\t<div class=\"swiper-slide\">\n\t\t\t\t\t\t\t\t\t<div class=\"elementor-carousel-image\" style=\"background-image: url(https:\/\/georginabarquin.com\/es\/wp-content\/uploads\/2026\/01\/PASO-1-gestion-del-cambio-cultural.jpg)\">\n\n\t\t\t\n\t\t\t\t\t<\/div>\n\t\t\t\t\t\t\t\t<\/div>\n\t\t\t\t\t\t\t\t\t\t\t<div class=\"swiper-slide\">\n\t\t\t\t\t\t\t\t\t<div class=\"elementor-carousel-image\" style=\"background-image: url(https:\/\/georginabarquin.com\/es\/wp-content\/uploads\/2026\/01\/Paso-2-gestion-del-cambio-cultural.jpg)\">\n\n\t\t\t\n\t\t\t\t\t<\/div>\n\t\t\t\t\t\t\t\t<\/div>\n\t\t\t\t\t\t\t\t\t\t\t<div class=\"swiper-slide\">\n\t\t\t\t\t\t\t\t\t<div class=\"elementor-carousel-image\" style=\"background-image: url(https:\/\/georginabarquin.com\/es\/wp-content\/uploads\/2026\/01\/paso-3-gestion-del-cambio-cultural.jpg)\">\n\n\t\t\t\n\t\t\t\t\t<\/div>\n\t\t\t\t\t\t\t\t<\/div>\n\t\t\t\t\t\t\t\t\t\t\t<div class=\"swiper-slide\">\n\t\t\t\t\t\t\t\t\t<div class=\"elementor-carousel-image\" style=\"background-image: url(https:\/\/georginabarquin.com\/es\/wp-content\/uploads\/2026\/01\/paso-4-gestion-del-cambio-cultural.jpg)\">\n\n\t\t\t\n\t\t\t\t\t<\/div>\n\t\t\t\t\t\t\t\t<\/div>\n\t\t\t\t\t\t\t\t\t\t\t<div class=\"swiper-slide\">\n\t\t\t\t\t\t\t\t\t<div class=\"elementor-carousel-image\" style=\"background-image: url(https:\/\/georginabarquin.com\/es\/wp-content\/uploads\/2026\/01\/paso-5-gestion-del-cambio-cultural.jpg)\">\n\n\t\t\t\n\t\t\t\t\t<\/div>\n\t\t\t\t\t\t\t\t<\/div>\n\t\t\t\t\t\t\t\t\t<\/div>\n\t\t\t\t\t\t\t\t\t\t\t\t\t\t\t<div class=\"swiper-pagination\"><\/div>\n\t\t\t\t\t\t\t\t\t\t\t\t\t\t\t\t<div class=\"elementor-swiper-button elementor-swiper-button-prev\">\n\t\t\t\t\t\t\t<i aria-hidden=\"true\" class=\"eicon-chevron-left\"><\/i>\t\t\t\t\t\t\t<span class=\"elementor-screen-only\">Previous<\/span>\n\t\t\t\t\t\t<\/div>\n\t\t\t\t\t\t<div class=\"elementor-swiper-button elementor-swiper-button-next\">\n\t\t\t\t\t\t\t<i aria-hidden=\"true\" class=\"eicon-chevron-right\"><\/i>\t\t\t\t\t\t\t<span class=\"elementor-screen-only\">Next<\/span>\n\t\t\t\t\t\t<\/div>\n\t\t\t\t\t\t\t\t\t\t\t\t<\/div>\n\t\t<\/div>\n\t\t\t\t<\/div>\n\t\t\t\t<\/div>\n\t\t\t\t\t<\/div>\n\t\t<\/div>\n\t\t\t\t\t<\/div>\n\t\t<\/section>\n\t\t\t\t<section class=\"elementor-section elementor-top-section elementor-element elementor-element-4d48b5b elementor-section-boxed elementor-section-height-default elementor-section-height-default\" data-id=\"4d48b5b\" data-element_type=\"section\">\n\t\t\t\t\t\t<div class=\"elementor-container elementor-column-gap-default\">\n\t\t\t\t\t<div class=\"elementor-column elementor-col-100 elementor-top-column elementor-element elementor-element-e2e1f2d\" data-id=\"e2e1f2d\" data-element_type=\"column\">\n\t\t\t<div class=\"elementor-widget-wrap elementor-element-populated\">\n\t\t\t\t\t\t<div class=\"elementor-element elementor-element-b75218d elementor-widget elementor-widget-spacer\" data-id=\"b75218d\" data-element_type=\"widget\" data-widget_type=\"spacer.default\">\n\t\t\t\t<div class=\"elementor-widget-container\">\n\t\t\t\t\t<div class=\"elementor-spacer\">\n\t\t\t<div class=\"elementor-spacer-inner\"><\/div>\n\t\t<\/div>\n\t\t\t\t<\/div>\n\t\t\t\t<\/div>\n\t\t\t\t<div class=\"elementor-element elementor-element-0027d56 elementor-widget elementor-widget-text-editor\" data-id=\"0027d56\" data-element_type=\"widget\" data-widget_type=\"text-editor.default\">\n\t\t\t\t<div class=\"elementor-widget-container\">\n\t\t\t\t\t\t\t<h2><span style=\"color: #000000;\">FORMACIONES PARA AGILIZAR LOS PROCESOS DE CAMBIO<\/span><\/h2>\t\t\t\t\t\t<\/div>\n\t\t\t\t<\/div>\n\t\t\t\t\t<\/div>\n\t\t<\/div>\n\t\t\t\t\t<\/div>\n\t\t<\/section>\n\t\t\t\t<section class=\"elementor-section elementor-top-section elementor-element elementor-element-701791c elementor-section-boxed elementor-section-height-default elementor-section-height-default\" data-id=\"701791c\" data-element_type=\"section\">\n\t\t\t\t\t\t<div class=\"elementor-container elementor-column-gap-default\">\n\t\t\t\t\t<div class=\"elementor-column elementor-col-100 elementor-top-column elementor-element elementor-element-0649a58\" data-id=\"0649a58\" data-element_type=\"column\">\n\t\t\t<div class=\"elementor-widget-wrap\">\n\t\t\t\t\t\t\t<\/div>\n\t\t<\/div>\n\t\t\t\t\t<\/div>\n\t\t<\/section>\n\t\t\t\t<section class=\"elementor-section elementor-top-section elementor-element elementor-element-669a5db elementor-section-boxed elementor-section-height-default elementor-section-height-default\" data-id=\"669a5db\" data-element_type=\"section\">\n\t\t\t\t\t\t<div class=\"elementor-container elementor-column-gap-default\">\n\t\t\t\t\t<div class=\"elementor-column elementor-col-50 elementor-top-column elementor-element elementor-element-dc3a366\" data-id=\"dc3a366\" data-element_type=\"column\">\n\t\t\t<div class=\"elementor-widget-wrap elementor-element-populated\">\n\t\t\t\t\t\t<div class=\"elementor-element elementor-element-1e0902f elementor-widget elementor-widget-text-editor\" data-id=\"1e0902f\" data-element_type=\"widget\" data-widget_type=\"text-editor.default\">\n\t\t\t\t<div class=\"elementor-widget-container\">\n\t\t\t\t\t\t\t<p><span style=\"color: #000000;\"><strong>Disponemos de programas de formaci\u00f3n y coaching que aceleran el proceso de cambio.<\/strong><\/span><\/p><p><span style=\"color: #ce1118;\"><a style=\"color: #ce1118;\" href=\"https:\/\/georginabarquin.com\/es\/bootcamps-de-liderazgo-para-directivos\/\"><strong>Bootcamps<\/strong> <span style=\"color: #333333;\">para Altos Directivos y Ejecutivos Senior<\/span><\/a><\/span><\/p><p><a href=\"https:\/\/georginabarquin.com\/es\/bootcamps-de-liderazgo-y-mindset-talento-joven\/\"><span style=\"color: #ce1118;\"><strong>Bootcamps<\/strong> <\/span><span style=\"color: #000000;\">para L\u00edderes emergentes y talento J\u00f3ven<\/span><\/a><\/p><p><a href=\"https:\/\/georginabarquin.com\/es\/coaching\/\"><span style=\"color: #000000;\">Procesos de<\/span> <span style=\"color: #ce1118;\"><strong>Coaching y mentoring<\/strong><\/span><\/a><\/p><p><span style=\"color: #000000;\"><a style=\"color: #000000;\" href=\"https:\/\/georginabarquin.com\/es\/formacion\/\">Formaciones a medida<\/a><\/span><\/p><p><span style=\"color: #ffffff;\">Consultor\u00eda y gestion del cambio. Experiencia con Start Ups, Pymes y Multinacionales nacionales e internacionales en sectores que\u00a0 tan diversos como Tech, Banca, Ingenier\u00eda, Acero, Alimentaci\u00f3n, Educaci\u00f3n, M\u00fasica. son de gran valor durante la internacionalizaci\u00f3n y lel proceso<\/span><\/p>\t\t\t\t\t\t<\/div>\n\t\t\t\t<\/div>\n\t\t\t\t\t<\/div>\n\t\t<\/div>\n\t\t\t\t<div class=\"elementor-column elementor-col-50 elementor-top-column elementor-element elementor-element-dceae35\" data-id=\"dceae35\" data-element_type=\"column\">\n\t\t\t<div class=\"elementor-widget-wrap elementor-element-populated\">\n\t\t\t\t\t\t<div class=\"elementor-element elementor-element-a5af9f3 elementor-widget elementor-widget-text-editor\" data-id=\"a5af9f3\" data-element_type=\"widget\" data-widget_type=\"text-editor.default\">\n\t\t\t\t<div class=\"elementor-widget-container\">\n\t\t\t\t\t\t\t<p><span style=\"color: #ce1118;\"><a style=\"color: #ce1118;\" href=\"https:\/\/drive.google.com\/drive\/folders\/18OKKE_cXuHZJhMJeRG1hGknSZ5AF3xZc?usp=drive_link\"><strong>VER ALGUNOS RECURSOS INTERESANTES SOBRE INTELIGENCIA CULTURAL<\/strong><\/a><\/span><\/p>\t\t\t\t\t\t<\/div>\n\t\t\t\t<\/div>\n\t\t\t\t<div class=\"elementor-element elementor-element-06a3f27 elementor-widget elementor-widget-image\" data-id=\"06a3f27\" data-element_type=\"widget\" data-widget_type=\"image.default\">\n\t\t\t\t<div class=\"elementor-widget-container\">\n\t\t\t\t\t\t\t\t\t\t<figure class=\"wp-caption\">\n\t\t\t\t\t\t\t\t\t\t\t<a href=\"https:\/\/drive.google.com\/drive\/folders\/18OKKE_cXuHZJhMJeRG1hGknSZ5AF3xZc?usp=drive_link\">\n\t\t\t\t\t\t\t<img width=\"1024\" height=\"565\" src=\"https:\/\/georginabarquin.com\/es\/wp-content\/uploads\/2026\/01\/DIFERENCIA-CAZADOR-Y-GRANJERO-1024x565.png\" class=\"attachment-large size-large wp-image-2453\" alt=\"Inteligencia Cultural\" srcset=\"https:\/\/georginabarquin.com\/es\/wp-content\/uploads\/2026\/01\/DIFERENCIA-CAZADOR-Y-GRANJERO-1024x565.png 1024w, https:\/\/georginabarquin.com\/es\/wp-content\/uploads\/2026\/01\/DIFERENCIA-CAZADOR-Y-GRANJERO-300x166.png 300w, https:\/\/georginabarquin.com\/es\/wp-content\/uploads\/2026\/01\/DIFERENCIA-CAZADOR-Y-GRANJERO-768x424.png 768w, https:\/\/georginabarquin.com\/es\/wp-content\/uploads\/2026\/01\/DIFERENCIA-CAZADOR-Y-GRANJERO-1536x847.png 1536w, https:\/\/georginabarquin.com\/es\/wp-content\/uploads\/2026\/01\/DIFERENCIA-CAZADOR-Y-GRANJERO-2048x1130.png 2048w, https:\/\/georginabarquin.com\/es\/wp-content\/uploads\/2026\/01\/DIFERENCIA-CAZADOR-Y-GRANJERO-600x331.png 600w\" sizes=\"(max-width: 1024px) 100vw, 1024px\" \/>\t\t\t\t\t\t\t\t<\/a>\n\t\t\t\t\t\t\t\t\t\t\t<figcaption class=\"widget-image-caption wp-caption-text\">INTELIGENCIA CULTURAL EN ORGANIZACIONES<\/figcaption>\n\t\t\t\t\t\t\t\t\t\t<\/figure>\n\t\t\t\t\t\t\t<\/div>\n\t\t\t\t<\/div>\n\t\t\t\t\t<\/div>\n\t\t<\/div>\n\t\t\t\t\t<\/div>\n\t\t<\/section>\n\t\t\t\t<section class=\"elementor-section elementor-top-section elementor-element elementor-element-fdecba6 elementor-section-boxed elementor-section-height-default elementor-section-height-default\" data-id=\"fdecba6\" data-element_type=\"section\">\n\t\t\t\t\t\t<div class=\"elementor-container elementor-column-gap-default\">\n\t\t\t\t\t<div class=\"elementor-column elementor-col-100 elementor-top-column elementor-element elementor-element-6753843\" data-id=\"6753843\" data-element_type=\"column\">\n\t\t\t<div class=\"elementor-widget-wrap\">\n\t\t\t\t\t\t\t<\/div>\n\t\t<\/div>\n\t\t\t\t\t<\/div>\n\t\t<\/section>\n\t\t\t\t<\/div>\n\t\t","protected":false},"excerpt":{"rendered":"<p>INTERNACIONALIZACi\u00d3N, EXPANSI\u00d3N y GESTI\u00d3N DEL CAMBIO A trav\u00e9s de un proceso de consultor\u00eda en Inteligencia Cultural y Gesti\u00f3n del Cambio, Georgina Barquin\u00a0 apoya a\u00a0 Comit\u00e9s de Direcci\u00f3n y\u00a0 Departamentos de RRHH a desarrollar una mayor Inteligencia Cultural y adoptar\u00a0 un Mindset GLOBAL. Ajustes necesarios\u00a0 para garantizar agilidad y buena comunicaci\u00f3n en los distintos mercados internacionales.&hellip;&nbsp;<a href=\"https:\/\/georginabarquin.com\/es\/consultoria-inteligencia-cultural\/\" rel=\"bookmark\"><span class=\"screen-reader-text\">CONSULTOR\u00cdA INTELIGENCIA CULTURAL<\/span><\/a><\/p>\n","protected":false},"author":1,"featured_media":2401,"parent":0,"menu_order":0,"comment_status":"closed","ping_status":"closed","template":"","meta":{"neve_meta_sidebar":"","neve_meta_container":"","neve_meta_enable_content_width":"off","neve_meta_content_width":70,"neve_meta_title_alignment":"","neve_meta_author_avatar":"","neve_post_elements_order":"","neve_meta_disable_header":"","neve_meta_disable_footer":"","neve_meta_disable_title":""},"yst_prominent_words":[],"_links":{"self":[{"href":"https:\/\/georginabarquin.com\/es\/wp-json\/wp\/v2\/pages\/15"}],"collection":[{"href":"https:\/\/georginabarquin.com\/es\/wp-json\/wp\/v2\/pages"}],"about":[{"href":"https:\/\/georginabarquin.com\/es\/wp-json\/wp\/v2\/types\/page"}],"author":[{"embeddable":true,"href":"https:\/\/georginabarquin.com\/es\/wp-json\/wp\/v2\/users\/1"}],"replies":[{"embeddable":true,"href":"https:\/\/georginabarquin.com\/es\/wp-json\/wp\/v2\/comments?post=15"}],"version-history":[{"count":212,"href":"https:\/\/georginabarquin.com\/es\/wp-json\/wp\/v2\/pages\/15\/revisions"}],"predecessor-version":[{"id":2750,"href":"https:\/\/georginabarquin.com\/es\/wp-json\/wp\/v2\/pages\/15\/revisions\/2750"}],"wp:featuredmedia":[{"embeddable":true,"href":"https:\/\/georginabarquin.com\/es\/wp-json\/wp\/v2\/media\/2401"}],"wp:attachment":[{"href":"https:\/\/georginabarquin.com\/es\/wp-json\/wp\/v2\/media?parent=15"}],"wp:term":[{"taxonomy":"yst_prominent_words","embeddable":true,"href":"https:\/\/georginabarquin.com\/es\/wp-json\/wp\/v2\/yst_prominent_words?post=15"}],"curies":[{"name":"wp","href":"https:\/\/api.w.org\/{rel}","templated":true}]}}