{"id":17,"date":"2019-08-20T09:24:26","date_gmt":"2019-08-20T07:24:26","guid":{"rendered":"https:\/\/georginabarquin.com\/?page_id=17"},"modified":"2026-01-15T09:14:39","modified_gmt":"2026-01-15T08:14:39","slug":"formacion","status":"publish","type":"page","link":"https:\/\/georginabarquin.com\/es\/formacion\/","title":{"rendered":"FORMACI\u00d3N a MEDIDA: PRESENCIAL y ONLINE"},"content":{"rendered":"\t\t<div data-elementor-type=\"wp-post\" data-elementor-id=\"17\" class=\"elementor elementor-17\">\n\t\t\t\t\t\t<section class=\"elementor-section elementor-top-section elementor-element elementor-element-f0220ef elementor-section-boxed elementor-section-height-default elementor-section-height-default\" data-id=\"f0220ef\" data-element_type=\"section\">\n\t\t\t\t\t\t<div class=\"elementor-container elementor-column-gap-default\">\n\t\t\t\t\t<div class=\"elementor-column elementor-col-100 elementor-top-column elementor-element elementor-element-4c8b722\" data-id=\"4c8b722\" data-element_type=\"column\">\n\t\t\t<div class=\"elementor-widget-wrap elementor-element-populated\">\n\t\t\t\t\t\t<div class=\"elementor-element elementor-element-aed0fb4 elementor-widget elementor-widget-text-editor\" data-id=\"aed0fb4\" data-element_type=\"widget\" data-widget_type=\"text-editor.default\">\n\t\t\t\t<div class=\"elementor-widget-container\">\n\t\t\t\t\t\t\t<h2><span style=\"color: #000000;\">FORMACI\u00d3N\u00a0 en INTELIGENCIA CULTURAL, GESTI\u00d3N INTERCULTURAL, LIDERAZGO CON VISI\u00d3N GLOBAL y GESTI\u00d3N DEL CAMBIO<\/span><\/h2>\t\t\t\t\t\t<\/div>\n\t\t\t\t<\/div>\n\t\t\t\t\t<\/div>\n\t\t<\/div>\n\t\t\t\t\t<\/div>\n\t\t<\/section>\n\t\t\t\t<section class=\"elementor-section elementor-top-section elementor-element elementor-element-56f38859 elementor-section-stretched elementor-section-boxed elementor-section-height-default elementor-section-height-default\" data-id=\"56f38859\" data-element_type=\"section\" data-settings=\"{&quot;stretch_section&quot;:&quot;section-stretched&quot;}\">\n\t\t\t\t\t\t<div class=\"elementor-container elementor-column-gap-default\">\n\t\t\t\t\t<div class=\"elementor-column elementor-col-50 elementor-top-column elementor-element elementor-element-1e463a06\" data-id=\"1e463a06\" data-element_type=\"column\">\n\t\t\t<div class=\"elementor-widget-wrap elementor-element-populated\">\n\t\t\t\t\t\t<div class=\"elementor-element elementor-element-140dfcd3 elementor-widget elementor-widget-text-editor\" data-id=\"140dfcd3\" data-element_type=\"widget\" data-widget_type=\"text-editor.default\">\n\t\t\t\t<div class=\"elementor-widget-container\">\n\t\t\t\t\t\t\t<p>Todos los programas de formaci\u00f3n enfocados a Gesti\u00f3n del Cambio Cultural &#8211; Inteligencia Cultural y\u00a0 Liderazgo en la Globalizaci\u00f3n tienen un enfoque \u201clearn by doing\u201d que consiste en 20% teor\u00eda y 80% <strong>pr\u00e1cticas aplicadas a situaciones reales del cliente<\/strong>. Toda la formaci\u00f3n puede realizarse en ingles o espa\u00f1ol.<\/p><p>Cada formaci\u00f3n presencial tiene una duraci\u00f3n de 12-16 horas y est\u00e1 dividida en tres segmentos<\/p><ul><li><b>BASES TEORICAS<\/b><\/li><li><b>PERFIL Y AUTOCONOCIMIENTO<\/b><\/li><li><b>ESTRATEGIAS Y TRANSFORMACI\u00d3N<\/b>.<\/li><\/ul><p>Se trabaja a partir de los perfiles de los asistentes y de sus necesidades espec\u00edficas con lo que cada sesi\u00f3n formativa es <b>\u00daNICA<\/b>. Disponible en modo presencial y\u00a0 tambi\u00e9n en modo <strong>Webinar<\/strong>.<\/p><p>Una vez que se ha realizado el an\u00e1lisis de perfiles agregados y tenemos los datos necesarios para saber cual es el equilibrio existente en la cultura organizacional, se dise\u00f1ar\u00e1 el programa que se ajuste a las necesidades concretas de la empresa.\u00a0<\/p><p><span style=\"color: #b1080b;\"><strong><a style=\"color: #b1080b;\" href=\"https:\/\/drive.google.com\/file\/d\/1mtYaD64ZEfEXf566ezlWdWEmZrYjXDEQ\/view?usp=sharing\">DESCARGAR CAT\u00c1LOGO<\/a><\/strong><\/span><\/p>\t\t\t\t\t\t<\/div>\n\t\t\t\t<\/div>\n\t\t\t\t\t<\/div>\n\t\t<\/div>\n\t\t\t\t<div class=\"elementor-column elementor-col-50 elementor-top-column elementor-element elementor-element-7569588d\" data-id=\"7569588d\" data-element_type=\"column\">\n\t\t\t<div class=\"elementor-widget-wrap elementor-element-populated\">\n\t\t\t\t\t\t<div class=\"elementor-element elementor-element-70bb9e30 animated-slow elementor-invisible elementor-widget elementor-widget-image\" data-id=\"70bb9e30\" data-element_type=\"widget\" data-settings=\"{&quot;motion_fx_motion_fx_scrolling&quot;:&quot;yes&quot;,&quot;motion_fx_translateY_effect&quot;:&quot;yes&quot;,&quot;motion_fx_translateY_speed&quot;:{&quot;unit&quot;:&quot;px&quot;,&quot;size&quot;:&quot;1&quot;,&quot;sizes&quot;:[]},&quot;_animation&quot;:&quot;slideInRight&quot;,&quot;_animation_delay&quot;:200,&quot;motion_fx_translateY_affectedRange&quot;:{&quot;unit&quot;:&quot;%&quot;,&quot;size&quot;:&quot;&quot;,&quot;sizes&quot;:{&quot;start&quot;:0,&quot;end&quot;:100}},&quot;motion_fx_devices&quot;:[&quot;desktop&quot;,&quot;tablet&quot;,&quot;mobile&quot;]}\" data-widget_type=\"image.default\">\n\t\t\t\t<div class=\"elementor-widget-container\">\n\t\t\t\t\t\t\t\t\t\t\t\t\t<img fetchpriority=\"high\" width=\"2000\" height=\"1333\" src=\"https:\/\/georginabarquin.com\/es\/wp-content\/uploads\/2019\/08\/georginabarquinclases.jpg\" class=\"attachment-full size-full wp-image-103\" alt=\"\" srcset=\"https:\/\/georginabarquin.com\/es\/wp-content\/uploads\/2019\/08\/georginabarquinclases.jpg 2000w, https:\/\/georginabarquin.com\/es\/wp-content\/uploads\/2019\/08\/georginabarquinclases-600x400.jpg 600w, https:\/\/georginabarquin.com\/es\/wp-content\/uploads\/2019\/08\/georginabarquinclases-300x200.jpg 300w, https:\/\/georginabarquin.com\/es\/wp-content\/uploads\/2019\/08\/georginabarquinclases-768x512.jpg 768w, https:\/\/georginabarquin.com\/es\/wp-content\/uploads\/2019\/08\/georginabarquinclases-1024x682.jpg 1024w, https:\/\/georginabarquin.com\/es\/wp-content\/uploads\/2019\/08\/georginabarquinclases-930x620.jpg 930w\" sizes=\"(max-width: 2000px) 100vw, 2000px\" \/>\t\t\t\t\t\t\t\t\t\t\t\t\t<\/div>\n\t\t\t\t<\/div>\n\t\t\t\t\t<\/div>\n\t\t<\/div>\n\t\t\t\t\t<\/div>\n\t\t<\/section>\n\t\t\t\t<section class=\"elementor-section elementor-top-section elementor-element elementor-element-08a4edb elementor-section-stretched elementor-section-full_width elementor-section-height-default elementor-section-height-default\" data-id=\"08a4edb\" data-element_type=\"section\" data-settings=\"{&quot;stretch_section&quot;:&quot;section-stretched&quot;}\">\n\t\t\t\t\t\t<div class=\"elementor-container elementor-column-gap-default\">\n\t\t\t\t\t<div class=\"elementor-column elementor-col-100 elementor-top-column elementor-element elementor-element-a38ffcc\" data-id=\"a38ffcc\" data-element_type=\"column\">\n\t\t\t<div class=\"elementor-widget-wrap elementor-element-populated\">\n\t\t\t\t\t\t<div class=\"elementor-element elementor-element-120e897 elementor-widget-divider--view-line elementor-widget elementor-widget-divider\" data-id=\"120e897\" data-element_type=\"widget\" data-widget_type=\"divider.default\">\n\t\t\t\t<div class=\"elementor-widget-container\">\n\t\t\t\t\t<div class=\"elementor-divider\">\n\t\t\t<span class=\"elementor-divider-separator\">\n\t\t\t\t\t\t<\/span>\n\t\t<\/div>\n\t\t\t\t<\/div>\n\t\t\t\t<\/div>\n\t\t\t\t\t<\/div>\n\t\t<\/div>\n\t\t\t\t\t<\/div>\n\t\t<\/section>\n\t\t\t\t<section class=\"elementor-section elementor-top-section elementor-element elementor-element-c201063 elementor-section-boxed elementor-section-height-default elementor-section-height-default\" data-id=\"c201063\" data-element_type=\"section\">\n\t\t\t\t\t\t<div class=\"elementor-container elementor-column-gap-default\">\n\t\t\t\t\t<div class=\"elementor-column elementor-col-100 elementor-top-column elementor-element elementor-element-025df38\" data-id=\"025df38\" data-element_type=\"column\">\n\t\t\t<div class=\"elementor-widget-wrap elementor-element-populated\">\n\t\t\t\t\t\t<div class=\"elementor-element elementor-element-3112a24 elementor-widget elementor-widget-text-editor\" data-id=\"3112a24\" data-element_type=\"widget\" data-widget_type=\"text-editor.default\">\n\t\t\t\t<div class=\"elementor-widget-container\">\n\t\t\t\t\t\t\t<h2><span style=\"color: #000000;\"><strong>FORMACIONES EN INTELIGENCIA CULTURAL (Formato presencial u online)<\/strong><\/span><\/h2>\t\t\t\t\t\t<\/div>\n\t\t\t\t<\/div>\n\t\t\t\t\t<\/div>\n\t\t<\/div>\n\t\t\t\t\t<\/div>\n\t\t<\/section>\n\t\t\t\t<section class=\"elementor-section elementor-top-section elementor-element elementor-element-fd9bee7 elementor-section-boxed elementor-section-height-default elementor-section-height-default\" data-id=\"fd9bee7\" data-element_type=\"section\">\n\t\t\t\t\t\t<div class=\"elementor-container elementor-column-gap-default\">\n\t\t\t\t\t<div class=\"elementor-column elementor-col-100 elementor-top-column elementor-element elementor-element-118b1b7\" data-id=\"118b1b7\" data-element_type=\"column\">\n\t\t\t<div class=\"elementor-widget-wrap elementor-element-populated\">\n\t\t\t\t\t\t<div class=\"elementor-element elementor-element-53f5180 elementor-widget elementor-widget-text-editor\" data-id=\"53f5180\" data-element_type=\"widget\" data-widget_type=\"text-editor.default\">\n\t\t\t\t<div class=\"elementor-widget-container\">\n\t\t\t\t\t\t\t<p><span style=\"color: #000000;\"><strong>Los programas en Inteligencia Cultural incluyen:<\/strong><\/span><\/p><ul><li><span style=\"color: #000000;\">Comunicaci\u00f3n intercultural<\/span><\/li><li><span style=\"color: #000000;\">De t\u00e9cnico a estrat\u00e9gico<\/span><\/li><li><span style=\"color: #000000;\">Inteligencia cultural en las organizaciones<\/span><\/li><li><span style=\"color: #000000;\">Cultura de pertenencia en entornos h\u00edbridos: influencia y liderazgo<\/span><\/li><li><span style=\"color: #000000;\">Gesti\u00f3n del cambio para alta direcci\u00f3n<\/span><\/li><li><span style=\"color: #000000;\">Gesti\u00f3n del cambio para managers<\/span><\/li><li><span style=\"color: #000000;\">Influencia<\/span><\/li><li><span style=\"color: #000000;\">Liderazgo e Innovaci\u00f3n<\/span><\/li><li><span style=\"color: #000000;\">Liderazgo con visi\u00f3n global e intercultural<\/span><\/li><li><span style=\"color: #000000;\">Liderazgo para nuevos l\u00edderes<\/span><\/li><li><span style=\"color: #000000;\">Mindset de Liderazgo<\/span><\/li><\/ul><div><span style=\"color: #000000;\"><strong>Los programas se dividen en tres bloques:<\/strong><\/span><\/div>\t\t\t\t\t\t<\/div>\n\t\t\t\t<\/div>\n\t\t\t\t\t<\/div>\n\t\t<\/div>\n\t\t\t\t\t<\/div>\n\t\t<\/section>\n\t\t\t\t<section class=\"elementor-section elementor-top-section elementor-element elementor-element-6452ea7 animated-slow elementor-section-boxed elementor-section-height-default elementor-section-height-default elementor-invisible\" data-id=\"6452ea7\" data-element_type=\"section\" data-settings=\"{&quot;animation&quot;:&quot;zoomIn&quot;,&quot;animation_delay&quot;:200}\">\n\t\t\t\t\t\t<div class=\"elementor-container elementor-column-gap-default\">\n\t\t\t\t\t<div class=\"elementor-column elementor-col-33 elementor-top-column elementor-element elementor-element-a11192e\" data-id=\"a11192e\" data-element_type=\"column\">\n\t\t\t<div class=\"elementor-widget-wrap elementor-element-populated\">\n\t\t\t\t\t\t<div class=\"elementor-element elementor-element-e27f863 elementor-widget elementor-widget-heading\" data-id=\"e27f863\" data-element_type=\"widget\" data-widget_type=\"heading.default\">\n\t\t\t\t<div class=\"elementor-widget-container\">\n\t\t\t<h3 class=\"elementor-heading-title elementor-size-default\">Punto de partida<\/h3>\t\t<\/div>\n\t\t\t\t<\/div>\n\t\t\t\t<div class=\"elementor-element elementor-element-2e04c60 elementor-icon-list--layout-traditional elementor-list-item-link-full_width elementor-widget elementor-widget-icon-list\" data-id=\"2e04c60\" data-element_type=\"widget\" data-widget_type=\"icon-list.default\">\n\t\t\t\t<div class=\"elementor-widget-container\">\n\t\t\t\t\t<ul class=\"elementor-icon-list-items\">\n\t\t\t\t\t\t\t<li class=\"elementor-icon-list-item\">\n\t\t\t\t\t\t\t\t\t\t<span class=\"elementor-icon-list-text\"><b>Entrevista inicial<\/b><br><b>Tests de evaluaci\u00f3n inicial<\/b><br>Contamos con una amplia bater\u00eda de tests para <br>-  Perfilar la cultura real de la empresa.<br>- Conocer las fortalezas y detectar las debilidades de la cultura organizacional.<br><b>Estrategias<\/b> para desarrollar una cultura s\u00f3lida, adaptable, con crecimiento sostenible y equipos implicados.<\/span>\n\t\t\t\t\t\t\t\t\t<\/li>\n\t\t\t\t\t\t<\/ul>\n\t\t\t\t<\/div>\n\t\t\t\t<\/div>\n\t\t\t\t\t<\/div>\n\t\t<\/div>\n\t\t\t\t<div class=\"elementor-column elementor-col-33 elementor-top-column elementor-element elementor-element-7522cfa\" data-id=\"7522cfa\" data-element_type=\"column\">\n\t\t\t<div class=\"elementor-widget-wrap elementor-element-populated\">\n\t\t\t\t\t\t<div class=\"elementor-element elementor-element-e66846f elementor-widget elementor-widget-heading\" data-id=\"e66846f\" data-element_type=\"widget\" data-widget_type=\"heading.default\">\n\t\t\t\t<div class=\"elementor-widget-container\">\n\t\t\t<h3 class=\"elementor-heading-title elementor-size-default\">Perfil del directivo<\/h3>\t\t<\/div>\n\t\t\t\t<\/div>\n\t\t\t\t<div class=\"elementor-element elementor-element-d8be555 elementor-icon-list--layout-traditional elementor-list-item-link-full_width elementor-widget elementor-widget-icon-list\" data-id=\"d8be555\" data-element_type=\"widget\" data-widget_type=\"icon-list.default\">\n\t\t\t\t<div class=\"elementor-widget-container\">\n\t\t\t\t\t<ul class=\"elementor-icon-list-items\">\n\t\t\t\t\t\t\t<li class=\"elementor-icon-list-item\">\n\t\t\t\t\t\t\t\t\t\t<span class=\"elementor-icon-list-text\">Autoconocimiento \u2013 mi perfil personal y el impacto que tengo en la organizaci\u00f3n y en mis clientes.<\/span>\n\t\t\t\t\t\t\t\t\t<\/li>\n\t\t\t\t\t\t\t\t<li class=\"elementor-icon-list-item\">\n\t\t\t\t\t\t\t\t\t\t<span class=\"elementor-icon-list-text\">El perfil de mis compa\u00f1eros y mis clientes y como esto afecta a nuestras negociaciones e interacci\u00f3n.<\/span>\n\t\t\t\t\t\t\t\t\t<\/li>\n\t\t\t\t\t\t\t\t<li class=\"elementor-icon-list-item\">\n\t\t\t\t\t\t\t\t\t\t<span class=\"elementor-icon-list-text\">Desarrollo de habilidades clave para fortalecer la cultura de empresa.<\/span>\n\t\t\t\t\t\t\t\t\t<\/li>\n\t\t\t\t\t\t\t\t<li class=\"elementor-icon-list-item\">\n\t\t\t\t\t\t\t\t\t\t<span class=\"elementor-icon-list-text\">Seguimiento.<\/span>\n\t\t\t\t\t\t\t\t\t<\/li>\n\t\t\t\t\t\t<\/ul>\n\t\t\t\t<\/div>\n\t\t\t\t<\/div>\n\t\t\t\t\t<\/div>\n\t\t<\/div>\n\t\t\t\t<div class=\"elementor-column elementor-col-33 elementor-top-column elementor-element elementor-element-2c572be\" data-id=\"2c572be\" data-element_type=\"column\">\n\t\t\t<div class=\"elementor-widget-wrap elementor-element-populated\">\n\t\t\t\t\t\t<div class=\"elementor-element elementor-element-2d732e3 elementor-widget elementor-widget-heading\" data-id=\"2d732e3\" data-element_type=\"widget\" data-widget_type=\"heading.default\">\n\t\t\t\t<div class=\"elementor-widget-container\">\n\t\t\t<h3 class=\"elementor-heading-title elementor-size-default\">Estrategias personalizadas <\/h3>\t\t<\/div>\n\t\t\t\t<\/div>\n\t\t\t\t<div class=\"elementor-element elementor-element-6028bd2 elementor-icon-list--layout-traditional elementor-list-item-link-full_width elementor-widget elementor-widget-icon-list\" data-id=\"6028bd2\" data-element_type=\"widget\" data-widget_type=\"icon-list.default\">\n\t\t\t\t<div class=\"elementor-widget-container\">\n\t\t\t\t\t<ul class=\"elementor-icon-list-items\">\n\t\t\t\t\t\t\t<li class=\"elementor-icon-list-item\">\n\t\t\t\t\t\t\t\t\t\t<span class=\"elementor-icon-list-text\">Dise\u00f1o de estrategias y pr\u00e1cticas a futuro en l\u00ednea con la transformaci\u00f3n deseada.<br>Coaching Ejecutivo<\/span>\n\t\t\t\t\t\t\t\t\t<\/li>\n\t\t\t\t\t\t<\/ul>\n\t\t\t\t<\/div>\n\t\t\t\t<\/div>\n\t\t\t\t\t<\/div>\n\t\t<\/div>\n\t\t\t\t\t<\/div>\n\t\t<\/section>\n\t\t\t\t<section class=\"elementor-section elementor-top-section elementor-element elementor-element-450e87f elementor-section-stretched elementor-section-full_width elementor-section-height-default elementor-section-height-default\" data-id=\"450e87f\" data-element_type=\"section\" data-settings=\"{&quot;stretch_section&quot;:&quot;section-stretched&quot;}\">\n\t\t\t\t\t\t<div class=\"elementor-container elementor-column-gap-default\">\n\t\t\t\t\t<div class=\"elementor-column elementor-col-100 elementor-top-column elementor-element elementor-element-a284fa7\" data-id=\"a284fa7\" data-element_type=\"column\">\n\t\t\t<div class=\"elementor-widget-wrap elementor-element-populated\">\n\t\t\t\t\t\t<div class=\"elementor-element elementor-element-14dd91e elementor-widget-divider--view-line elementor-widget elementor-widget-divider\" data-id=\"14dd91e\" data-element_type=\"widget\" data-widget_type=\"divider.default\">\n\t\t\t\t<div class=\"elementor-widget-container\">\n\t\t\t\t\t<div class=\"elementor-divider\">\n\t\t\t<span class=\"elementor-divider-separator\">\n\t\t\t\t\t\t<\/span>\n\t\t<\/div>\n\t\t\t\t<\/div>\n\t\t\t\t<\/div>\n\t\t\t\t\t<\/div>\n\t\t<\/div>\n\t\t\t\t\t<\/div>\n\t\t<\/section>\n\t\t\t\t<section class=\"elementor-section elementor-top-section elementor-element elementor-element-32ea8ce elementor-section-boxed elementor-section-height-default elementor-section-height-default\" data-id=\"32ea8ce\" data-element_type=\"section\">\n\t\t\t\t\t\t<div class=\"elementor-container elementor-column-gap-default\">\n\t\t\t\t\t<div class=\"elementor-column elementor-col-100 elementor-top-column elementor-element elementor-element-3680352\" data-id=\"3680352\" data-element_type=\"column\">\n\t\t\t<div class=\"elementor-widget-wrap elementor-element-populated\">\n\t\t\t\t\t\t<div class=\"elementor-element elementor-element-e4fa312 elementor-widget elementor-widget-text-editor\" data-id=\"e4fa312\" data-element_type=\"widget\" data-widget_type=\"text-editor.default\">\n\t\t\t\t<div class=\"elementor-widget-container\">\n\t\t\t\t\t\t\t<h4 style=\"text-align: center;\"><a href=\"https:\/\/drive.google.com\/file\/d\/1mtYaD64ZEfEXf566ezlWdWEmZrYjXDEQ\/view?usp=sharing\"><span style=\"color: #800000;\"><span style=\"color: #b1080b;\">De<b>scarga nuestro cat\u00e1logo AQU\u00cd<\/b><\/span><\/span><\/a><\/h4><div><span style=\"color: #ffffff;\">Liderazgo e innovaci\u00f3n, gesti\u00f3n del cambio, Internacionalizaci\u00f3n, Transformacion cultural, Inteligencia cultural, Liderazgo intercultural<\/span><\/div>\t\t\t\t\t\t<\/div>\n\t\t\t\t<\/div>\n\t\t\t\t\t<\/div>\n\t\t<\/div>\n\t\t\t\t\t<\/div>\n\t\t<\/section>\n\t\t\t\t<section class=\"elementor-section elementor-top-section elementor-element elementor-element-ab879ed elementor-section-boxed elementor-section-height-default elementor-section-height-default\" data-id=\"ab879ed\" data-element_type=\"section\">\n\t\t\t\t\t\t<div class=\"elementor-container elementor-column-gap-default\">\n\t\t\t\t\t<div class=\"elementor-column elementor-col-100 elementor-top-column elementor-element elementor-element-176b56a\" data-id=\"176b56a\" data-element_type=\"column\">\n\t\t\t<div class=\"elementor-widget-wrap elementor-element-populated\">\n\t\t\t\t\t\t<div class=\"elementor-element elementor-element-d9f0efd elementor-widget elementor-widget-text-editor\" data-id=\"d9f0efd\" data-element_type=\"widget\" data-widget_type=\"text-editor.default\">\n\t\t\t\t<div class=\"elementor-widget-container\">\n\t\t\t\t\t\t\t<h4 style=\"text-align: center;\"><span style=\"color: #b1080b;\"><a style=\"color: #b1080b;\" href=\"https:\/\/georginabarquin.com\/es\/consultoria-en-inteligencia-cultural-y-gestion-del-cambio\/\"><strong>Ver CONSULTORIA en Inteligencia Cultural y Gesti\u00f3n del Cambio<\/strong><\/a><\/span><\/h4>\t\t\t\t\t\t<\/div>\n\t\t\t\t<\/div>\n\t\t\t\t\t<\/div>\n\t\t<\/div>\n\t\t\t\t\t<\/div>\n\t\t<\/section>\n\t\t\t\t<section class=\"elementor-section elementor-top-section elementor-element elementor-element-82263d2 elementor-section-boxed elementor-section-height-default elementor-section-height-default\" data-id=\"82263d2\" data-element_type=\"section\">\n\t\t\t\t\t\t<div class=\"elementor-container elementor-column-gap-default\">\n\t\t\t\t\t<div class=\"elementor-column elementor-col-100 elementor-top-column elementor-element elementor-element-1b37519\" data-id=\"1b37519\" data-element_type=\"column\">\n\t\t\t<div class=\"elementor-widget-wrap elementor-element-populated\">\n\t\t\t\t\t\t<div class=\"elementor-element elementor-element-c7db66b elementor-widget elementor-widget-text-editor\" data-id=\"c7db66b\" data-element_type=\"widget\" data-widget_type=\"text-editor.default\">\n\t\t\t\t<div class=\"elementor-widget-container\">\n\t\t\t\t\t\t\t<h4 style=\"text-align: center;\"><span style=\"color: #b1080b;\"><a style=\"color: #b1080b;\" href=\"https:\/\/georginabarquin.com\/es\/bootcamps-de-liderazgo-y-mindset\/\"><strong>Ver BOOTCAMPS de Liderazgo y Mindset<\/strong><\/a><\/span><\/h4>\t\t\t\t\t\t<\/div>\n\t\t\t\t<\/div>\n\t\t\t\t\t<\/div>\n\t\t<\/div>\n\t\t\t\t\t<\/div>\n\t\t<\/section>\n\t\t\t\t<section class=\"elementor-section elementor-inner-section elementor-element elementor-element-4ecf5d9 elementor-section-boxed elementor-section-height-default elementor-section-height-default\" data-id=\"4ecf5d9\" data-element_type=\"section\">\n\t\t\t\t\t\t<div class=\"elementor-container elementor-column-gap-default\">\n\t\t\t\t\t<div class=\"elementor-column elementor-col-100 elementor-inner-column elementor-element elementor-element-1bd7e386\" data-id=\"1bd7e386\" data-element_type=\"column\">\n\t\t\t<div class=\"elementor-widget-wrap elementor-element-populated\">\n\t\t\t\t\t\t<div class=\"elementor-element elementor-element-10223616 elementor-share-buttons--view-icon elementor-share-buttons--skin-flat elementor-share-buttons--align-left elementor-share-buttons--color-custom elementor-share-buttons-mobile--align-center elementor-share-buttons--shape-square elementor-grid-0 elementor-widget elementor-widget-share-buttons\" data-id=\"10223616\" data-element_type=\"widget\" data-widget_type=\"share-buttons.default\">\n\t\t\t\t<div class=\"elementor-widget-container\">\n\t\t\t\t\t<div class=\"elementor-grid\">\n\t\t\t\t\t\t\t\t<div class=\"elementor-grid-item\">\n\t\t\t\t\t\t<div class=\"elementor-share-btn elementor-share-btn_linkedin\" tabindex=\"0\" aria-label=\"Share on linkedin\">\n\t\t\t\t\t\t\t\t\t\t\t\t\t\t\t<span class=\"elementor-share-btn__icon\">\n\t\t\t\t\t\t\t\t<i class=\"fab fa-linkedin\" aria-hidden=\"true\"><\/i>\t\t\t\t\t\t\t<\/span>\n\t\t\t\t\t\t\t\t\t\t\t\t\t\t\t\t\t\t\t\t<\/div>\n\t\t\t\t\t<\/div>\n\t\t\t\t\t\t\t\t\t<div class=\"elementor-grid-item\">\n\t\t\t\t\t\t<div class=\"elementor-share-btn elementor-share-btn_email\" tabindex=\"0\" aria-label=\"Share on email\">\n\t\t\t\t\t\t\t\t\t\t\t\t\t\t\t<span class=\"elementor-share-btn__icon\">\n\t\t\t\t\t\t\t\t<i class=\"fas fa-envelope\" aria-hidden=\"true\"><\/i>\t\t\t\t\t\t\t<\/span>\n\t\t\t\t\t\t\t\t\t\t\t\t\t\t\t\t\t\t\t\t<\/div>\n\t\t\t\t\t<\/div>\n\t\t\t\t\t\t<\/div>\n\t\t\t\t<\/div>\n\t\t\t\t<\/div>\n\t\t\t\t\t<\/div>\n\t\t<\/div>\n\t\t\t\t\t<\/div>\n\t\t<\/section>\n\t\t\t\t<\/div>\n\t\t","protected":false},"excerpt":{"rendered":"<p>FORMACI\u00d3N\u00a0 en INTELIGENCIA CULTURAL, GESTI\u00d3N INTERCULTURAL, LIDERAZGO CON VISI\u00d3N GLOBAL y GESTI\u00d3N DEL CAMBIO Todos los programas de formaci\u00f3n enfocados a Gesti\u00f3n del Cambio Cultural &#8211; Inteligencia Cultural y\u00a0 Liderazgo en la Globalizaci\u00f3n tienen un enfoque \u201clearn by doing\u201d que consiste en 20% teor\u00eda y 80% pr\u00e1cticas aplicadas a situaciones reales del cliente. Toda la&hellip;&nbsp;<a href=\"https:\/\/georginabarquin.com\/es\/formacion\/\" rel=\"bookmark\"><span class=\"screen-reader-text\">FORMACI\u00d3N a MEDIDA: PRESENCIAL y ONLINE<\/span><\/a><\/p>\n","protected":false},"author":1,"featured_media":0,"parent":0,"menu_order":0,"comment_status":"closed","ping_status":"closed","template":"","meta":{"neve_meta_sidebar":"","neve_meta_container":"","neve_meta_enable_content_width":"off","neve_meta_content_width":70,"neve_meta_title_alignment":"","neve_meta_author_avatar":"","neve_post_elements_order":"","neve_meta_disable_header":"","neve_meta_disable_footer":"","neve_meta_disable_title":""},"yst_prominent_words":[13,16,10,12,7,51],"_links":{"self":[{"href":"https:\/\/georginabarquin.com\/es\/wp-json\/wp\/v2\/pages\/17"}],"collection":[{"href":"https:\/\/georginabarquin.com\/es\/wp-json\/wp\/v2\/pages"}],"about":[{"href":"https:\/\/georginabarquin.com\/es\/wp-json\/wp\/v2\/types\/page"}],"author":[{"embeddable":true,"href":"https:\/\/georginabarquin.com\/es\/wp-json\/wp\/v2\/users\/1"}],"replies":[{"embeddable":true,"href":"https:\/\/georginabarquin.com\/es\/wp-json\/wp\/v2\/comments?post=17"}],"version-history":[{"count":124,"href":"https:\/\/georginabarquin.com\/es\/wp-json\/wp\/v2\/pages\/17\/revisions"}],"predecessor-version":[{"id":2751,"href":"https:\/\/georginabarquin.com\/es\/wp-json\/wp\/v2\/pages\/17\/revisions\/2751"}],"wp:attachment":[{"href":"https:\/\/georginabarquin.com\/es\/wp-json\/wp\/v2\/media?parent=17"}],"wp:term":[{"taxonomy":"yst_prominent_words","embeddable":true,"href":"https:\/\/georginabarquin.com\/es\/wp-json\/wp\/v2\/yst_prominent_words?post=17"}],"curies":[{"name":"wp","href":"https:\/\/api.w.org\/{rel}","templated":true}]}}