{"id":19,"date":"2019-08-20T09:24:38","date_gmt":"2019-08-20T07:24:38","guid":{"rendered":"https:\/\/georginabarquin.com\/?page_id=19"},"modified":"2026-01-15T09:11:50","modified_gmt":"2026-01-15T08:11:50","slug":"coaching-inteligencia-cultural","status":"publish","type":"page","link":"https:\/\/georginabarquin.com\/es\/coaching-inteligencia-cultural\/","title":{"rendered":"COACHING INTELIGENCIA CULTURAL"},"content":{"rendered":"\t\t<div data-elementor-type=\"wp-post\" data-elementor-id=\"19\" class=\"elementor elementor-19\">\n\t\t\t\t\t\t<section class=\"elementor-section elementor-top-section elementor-element elementor-element-02081e4 elementor-section-boxed elementor-section-height-default elementor-section-height-default\" data-id=\"02081e4\" data-element_type=\"section\">\n\t\t\t\t\t\t<div class=\"elementor-container elementor-column-gap-default\">\n\t\t\t\t\t<div class=\"elementor-column elementor-col-100 elementor-top-column elementor-element elementor-element-bf99e98\" data-id=\"bf99e98\" data-element_type=\"column\">\n\t\t\t<div class=\"elementor-widget-wrap elementor-element-populated\">\n\t\t\t\t\t\t<div class=\"elementor-element elementor-element-4b7be19 elementor-widget elementor-widget-text-editor\" data-id=\"4b7be19\" data-element_type=\"widget\" data-widget_type=\"text-editor.default\">\n\t\t\t\t<div class=\"elementor-widget-container\">\n\t\t\t\t\t\t\t<h2><span style=\"color: #000000;\">PROCESOS PARA: LIDERAZGO MULTICULTURAL, MINDSET GLOBAL, GESTI\u00d3N INTERCULTURAL e INTERNACIONALIZACI\u00d3N<\/span><\/h2>\t\t\t\t\t\t<\/div>\n\t\t\t\t<\/div>\n\t\t\t\t\t<\/div>\n\t\t<\/div>\n\t\t\t\t\t<\/div>\n\t\t<\/section>\n\t\t\t\t<section class=\"elementor-section elementor-top-section elementor-element elementor-element-cc93140 elementor-section-boxed elementor-section-height-default elementor-section-height-default\" data-id=\"cc93140\" data-element_type=\"section\">\n\t\t\t\t\t\t<div class=\"elementor-container elementor-column-gap-default\">\n\t\t\t\t\t<div class=\"elementor-column elementor-col-100 elementor-top-column elementor-element elementor-element-f8740d2\" data-id=\"f8740d2\" data-element_type=\"column\">\n\t\t\t<div class=\"elementor-widget-wrap elementor-element-populated\">\n\t\t\t\t\t\t<div class=\"elementor-element elementor-element-907acf4 elementor-widget elementor-widget-text-editor\" data-id=\"907acf4\" data-element_type=\"widget\" data-widget_type=\"text-editor.default\">\n\t\t\t\t<div class=\"elementor-widget-container\">\n\t\t\t\t\t\t\t<p>Las sesiones de coaching enfocadas a internacionalizar la empresa, gestionar las relaciones interculturales o gestionar cambios culturales de una organizaci\u00f3n pueden facilitar el proceso. Estas sesiones de coaching exploran la complejidad de los sesgos culturales para generar estat\u00e9gias que salven las barreras de comunicaci\u00f3n.<\/p><p>Nuestros sesgos culturales toman posiciones absolutas que a menudo nos hacen ver las cosas en t\u00e9rminos de \u00abblanco o negro\u00bb sin tomar en cuenta que nuestro entorno es complejo y multifactorial. Las dicotom\u00edas generan polarizaciones. Comprender otras culturas nos lleva a enfocarnos en nuestras similitudes y no tanto en nuestras diferencias. Este enfoque no dualista tiene un impacto medible en el resultado de nuestras relaciones, la efectividad de nuestros equipos, y las negociaciones que realizamos.<\/p><p>Las sesiones de Coaching Profesional est\u00e1n dirigidas L\u00edderes y Managers que trabajan en entornos globales, multiculturales y de diversidad.<\/p><p><strong>Los procesos habituales incluyen los siguientes temas:<\/strong><\/p><ul><li>Preparar a los expatriados que van a formar parte de un nuevo equipo en otro pa\u00eds<\/li><li>Preparar a expatriados que vienen a liderar equipos en Espa\u00f1a<\/li><li>Gesti\u00f3n de equipos multiculturales<\/li><li>Gesti\u00f3n de equipos multiculturales dispersos en el mundo<\/li><li>Comunicaci\u00f3n Intercultural<\/li><li>Gesti\u00f3n del cambio cultural en la empresa<\/li><li>Gesti\u00f3n del cambio frente a una Fusi\u00f3n<\/li><\/ul>\t\t\t\t\t\t<\/div>\n\t\t\t\t<\/div>\n\t\t\t\t\t<\/div>\n\t\t<\/div>\n\t\t\t\t\t<\/div>\n\t\t<\/section>\n\t\t\t\t<section class=\"elementor-section elementor-top-section elementor-element elementor-element-fbdf6e1 elementor-section-boxed elementor-section-height-default elementor-section-height-default\" data-id=\"fbdf6e1\" data-element_type=\"section\">\n\t\t\t\t\t\t<div class=\"elementor-container elementor-column-gap-default\">\n\t\t\t\t\t<div class=\"elementor-column elementor-col-100 elementor-top-column elementor-element elementor-element-8c494d2\" data-id=\"8c494d2\" data-element_type=\"column\">\n\t\t\t<div class=\"elementor-widget-wrap elementor-element-populated\">\n\t\t\t\t\t\t<div class=\"elementor-element elementor-element-4646ae1 elementor-widget elementor-widget-text-editor\" data-id=\"4646ae1\" data-element_type=\"widget\" data-widget_type=\"text-editor.default\">\n\t\t\t\t<div class=\"elementor-widget-container\">\n\t\t\t\t\t\t\t<h2><span style=\"color: #000000;\">COACHING EJECUTIVO DURANTE PROCESOS DE CAMBIO<\/span><\/h2>\t\t\t\t\t\t<\/div>\n\t\t\t\t<\/div>\n\t\t\t\t\t<\/div>\n\t\t<\/div>\n\t\t\t\t\t<\/div>\n\t\t<\/section>\n\t\t\t\t<section class=\"elementor-section elementor-top-section elementor-element elementor-element-3dae809 elementor-section-boxed elementor-section-height-default elementor-section-height-default\" data-id=\"3dae809\" data-element_type=\"section\">\n\t\t\t\t\t\t<div class=\"elementor-container elementor-column-gap-default\">\n\t\t\t\t\t<div class=\"elementor-column elementor-col-100 elementor-top-column elementor-element elementor-element-d337c3b\" data-id=\"d337c3b\" data-element_type=\"column\">\n\t\t\t<div class=\"elementor-widget-wrap elementor-element-populated\">\n\t\t\t\t\t\t<div class=\"elementor-element elementor-element-4e08e94 elementor-widget elementor-widget-text-editor\" data-id=\"4e08e94\" data-element_type=\"widget\" data-widget_type=\"text-editor.default\">\n\t\t\t\t<div class=\"elementor-widget-container\">\n\t\t\t\t\t\t\t<p>Durante el proceso de internacionalizaci\u00f3n de una empresa o de una gesti\u00f3n del cambio cultural, en ocasiones es conveniente que algunos miembros de la organizaci\u00f3n\u00a0 participen en un proceso de Coaching Individual con\u00a0<span class=\"il\">Georgina<\/span>\u00a0Barquin\u00a0\u00a0para dise\u00f1ar sus estrategias, generar cambios dentro de sus departamentos, limar algunas asperezas, alinearse a s\u00ed mismos y a sus equipos con la empresa o simplemente para dar un salto cuantitativo en sus resultados.\u00a0Coaching en ingl\u00e9s o espa\u00f1ol. Algunas de\u00a0\u00a0<b>las\u00a0herramientas recomendadas para dichas sesiones son:\u00a0<\/b><\/p>\t\t\t\t\t\t<\/div>\n\t\t\t\t<\/div>\n\t\t\t\t\t<\/div>\n\t\t<\/div>\n\t\t\t\t\t<\/div>\n\t\t<\/section>\n\t\t\t\t<section class=\"elementor-section elementor-top-section elementor-element elementor-element-974d878 elementor-section-stretched elementor-section-full_width elementor-section-height-default elementor-section-height-default\" data-id=\"974d878\" data-element_type=\"section\" data-settings=\"{&quot;stretch_section&quot;:&quot;section-stretched&quot;}\">\n\t\t\t\t\t\t<div class=\"elementor-container elementor-column-gap-default\">\n\t\t\t\t\t<div class=\"elementor-column elementor-col-100 elementor-top-column elementor-element elementor-element-52842b3\" data-id=\"52842b3\" data-element_type=\"column\">\n\t\t\t<div class=\"elementor-widget-wrap elementor-element-populated\">\n\t\t\t\t\t\t<div class=\"elementor-element elementor-element-d92c3a3 elementor-widget-divider--view-line elementor-widget elementor-widget-divider\" data-id=\"d92c3a3\" data-element_type=\"widget\" data-widget_type=\"divider.default\">\n\t\t\t\t<div class=\"elementor-widget-container\">\n\t\t\t\t\t<div class=\"elementor-divider\">\n\t\t\t<span class=\"elementor-divider-separator\">\n\t\t\t\t\t\t<\/span>\n\t\t<\/div>\n\t\t\t\t<\/div>\n\t\t\t\t<\/div>\n\t\t\t\t\t<\/div>\n\t\t<\/div>\n\t\t\t\t\t<\/div>\n\t\t<\/section>\n\t\t\t\t<section class=\"elementor-section elementor-top-section elementor-element elementor-element-c3cd454 elementor-section-boxed elementor-section-height-default elementor-section-height-default\" data-id=\"c3cd454\" data-element_type=\"section\">\n\t\t\t\t\t\t<div class=\"elementor-container elementor-column-gap-default\">\n\t\t\t\t\t<div class=\"elementor-column elementor-col-100 elementor-top-column elementor-element elementor-element-62751ba\" data-id=\"62751ba\" data-element_type=\"column\">\n\t\t\t<div class=\"elementor-widget-wrap elementor-element-populated\">\n\t\t\t\t\t\t<div class=\"elementor-element elementor-element-24039d5 elementor-widget elementor-widget-text-editor\" data-id=\"24039d5\" data-element_type=\"widget\" data-widget_type=\"text-editor.default\">\n\t\t\t\t<div class=\"elementor-widget-container\">\n\t\t\t\t\t\t\t<h2><span style=\"color: #000000;\">HERRAMIENTAS PARA PROCESOS DE COACHING Y FORMACIONES<\/span><\/h2>\t\t\t\t\t\t<\/div>\n\t\t\t\t<\/div>\n\t\t\t\t\t<\/div>\n\t\t<\/div>\n\t\t\t\t\t<\/div>\n\t\t<\/section>\n\t\t\t\t<section class=\"elementor-section elementor-top-section elementor-element elementor-element-679b8b9 elementor-section-boxed elementor-section-height-default elementor-section-height-default\" data-id=\"679b8b9\" data-element_type=\"section\">\n\t\t\t\t\t\t<div class=\"elementor-container elementor-column-gap-default\">\n\t\t\t\t\t<div class=\"elementor-column elementor-col-100 elementor-top-column elementor-element elementor-element-2dbb3eb\" data-id=\"2dbb3eb\" data-element_type=\"column\">\n\t\t\t<div class=\"elementor-widget-wrap\">\n\t\t\t\t\t\t\t<\/div>\n\t\t<\/div>\n\t\t\t\t\t<\/div>\n\t\t<\/section>\n\t\t\t\t<section class=\"elementor-section elementor-top-section elementor-element elementor-element-9dda8bb elementor-section-boxed elementor-section-height-default elementor-section-height-default\" data-id=\"9dda8bb\" data-element_type=\"section\">\n\t\t\t\t\t\t<div class=\"elementor-container elementor-column-gap-default\">\n\t\t\t\t\t<div class=\"elementor-column elementor-col-100 elementor-top-column elementor-element elementor-element-adffa7f\" data-id=\"adffa7f\" data-element_type=\"column\">\n\t\t\t<div class=\"elementor-widget-wrap elementor-element-populated\">\n\t\t\t\t\t\t<div class=\"elementor-element elementor-element-ac235d3 elementor-widget elementor-widget-text-editor\" data-id=\"ac235d3\" data-element_type=\"widget\" data-widget_type=\"text-editor.default\">\n\t\t\t\t<div class=\"elementor-widget-container\">\n\t\t\t\t\t\t\t<h2><span style=\"color: #000000;\">THE LEADERSHIP CIRCLE<\/span><\/h2>\t\t\t\t\t\t<\/div>\n\t\t\t\t<\/div>\n\t\t\t\t\t<\/div>\n\t\t<\/div>\n\t\t\t\t\t<\/div>\n\t\t<\/section>\n\t\t\t\t<section class=\"elementor-section elementor-top-section elementor-element elementor-element-68842c7c elementor-section-stretched elementor-section-boxed elementor-section-height-default elementor-section-height-default\" data-id=\"68842c7c\" data-element_type=\"section\" data-settings=\"{&quot;stretch_section&quot;:&quot;section-stretched&quot;}\">\n\t\t\t\t\t\t<div class=\"elementor-container elementor-column-gap-default\">\n\t\t\t\t\t<div class=\"elementor-column elementor-col-50 elementor-top-column elementor-element elementor-element-3ad9524b\" data-id=\"3ad9524b\" data-element_type=\"column\">\n\t\t\t<div class=\"elementor-widget-wrap elementor-element-populated\">\n\t\t\t\t\t\t<div class=\"elementor-element elementor-element-680fe90b elementor-widget elementor-widget-text-editor\" data-id=\"680fe90b\" data-element_type=\"widget\" data-widget_type=\"text-editor.default\">\n\t\t\t\t<div class=\"elementor-widget-container\">\n\t\t\t\t\t\t\t<p style=\"text-align: left;\"><span style=\"color: #ce1118;\"><b><a style=\"color: #ce1118;\" href=\"https:\/\/leadershipcircle.com\/\">The\u00a0 Leadership Circle Feedback 360<\/a> <\/b><\/span>\u00a0mide el potencial de liderazgo alcanzado por el candidato y tambi\u00e9n las \u00e1reas espec\u00edficas a trabajar para alinearse con la Cultura de la empresa. <b>Georgina Barquin tiene un 96% de liderazgo alcanzado seg\u00fan este modelo y es por ello que ella dispone de las herramientas necesarias para ayudar a sus clientes.<\/b><\/p>\t\t\t\t\t\t<\/div>\n\t\t\t\t<\/div>\n\t\t\t\t\t<\/div>\n\t\t<\/div>\n\t\t\t\t<div class=\"elementor-column elementor-col-50 elementor-top-column elementor-element elementor-element-5990821c\" data-id=\"5990821c\" data-element_type=\"column\">\n\t\t\t<div class=\"elementor-widget-wrap elementor-element-populated\">\n\t\t\t\t\t\t<div class=\"elementor-element elementor-element-6350201 elementor-widget elementor-widget-image\" data-id=\"6350201\" data-element_type=\"widget\" data-widget_type=\"image.default\">\n\t\t\t\t<div class=\"elementor-widget-container\">\n\t\t\t\t\t\t\t\t\t\t\t\t\t<img width=\"220\" height=\"221\" src=\"https:\/\/georginabarquin.com\/es\/wp-content\/uploads\/2019\/08\/THE-LEADERSHIP-CIRCLE.gif\" class=\"attachment-large size-large wp-image-320\" alt=\"THE LEADERSHIP CIRCLE\" \/>\t\t\t\t\t\t\t\t\t\t\t\t\t<\/div>\n\t\t\t\t<\/div>\n\t\t\t\t\t<\/div>\n\t\t<\/div>\n\t\t\t\t\t<\/div>\n\t\t<\/section>\n\t\t\t\t<section class=\"elementor-section elementor-top-section elementor-element elementor-element-ecee9f6 elementor-section-boxed elementor-section-height-default elementor-section-height-default\" data-id=\"ecee9f6\" data-element_type=\"section\">\n\t\t\t\t\t\t<div class=\"elementor-container elementor-column-gap-default\">\n\t\t\t\t\t<div class=\"elementor-column elementor-col-100 elementor-top-column elementor-element elementor-element-e57839f\" data-id=\"e57839f\" data-element_type=\"column\">\n\t\t\t<div class=\"elementor-widget-wrap elementor-element-populated\">\n\t\t\t\t\t\t<div class=\"elementor-element elementor-element-40e1380 elementor-widget elementor-widget-text-editor\" data-id=\"40e1380\" data-element_type=\"widget\" data-widget_type=\"text-editor.default\">\n\t\t\t\t<div class=\"elementor-widget-container\">\n\t\t\t\t\t\t\t<h2><span style=\"color: #000000;\">FACET 5<\/span><\/h2>\t\t\t\t\t\t<\/div>\n\t\t\t\t<\/div>\n\t\t\t\t\t<\/div>\n\t\t<\/div>\n\t\t\t\t\t<\/div>\n\t\t<\/section>\n\t\t\t\t<section class=\"elementor-section elementor-top-section elementor-element elementor-element-f3b5728 elementor-section-stretched elementor-section-boxed elementor-section-height-default elementor-section-height-default\" data-id=\"f3b5728\" data-element_type=\"section\" data-settings=\"{&quot;stretch_section&quot;:&quot;section-stretched&quot;}\">\n\t\t\t\t\t\t<div class=\"elementor-container elementor-column-gap-default\">\n\t\t\t\t\t<div class=\"elementor-column elementor-col-50 elementor-top-column elementor-element elementor-element-6899d2c\" data-id=\"6899d2c\" data-element_type=\"column\">\n\t\t\t<div class=\"elementor-widget-wrap elementor-element-populated\">\n\t\t\t\t\t\t<div class=\"elementor-element elementor-element-e2971cf elementor-widget elementor-widget-text-editor\" data-id=\"e2971cf\" data-element_type=\"widget\" data-widget_type=\"text-editor.default\">\n\t\t\t\t<div class=\"elementor-widget-container\">\n\t\t\t\t\t\t\t<p style=\"text-align: left;\"><a href=\"https:\/\/www.facet5global.com\/es\/\"><b><span style=\"color: #ce1118;\">Facet 5<\/span> <\/b><\/a>\u00a0es una de las herramientas m\u00e1s avanzadas para perfilar a personas espec\u00edficamente en entornos laborales y profesionales. Es una herramienta muy \u00fatil para la toma de decisiones en distintas etapas de la vida profesional de miembros del equipo. Aplicable en todo el ciclo laboral de una persona. Proporciona informaci\u00f3n valiosa que incluye:<\/p><ul><li style=\"text-align: left;\">Fortalezas y debilidades.<\/li><li style=\"text-align: left;\">Tips para gestionar al perfil y que alcance su m\u00e1ximo potencial.<\/li><li style=\"text-align: left;\">Configurar equipos.<\/li><li style=\"text-align: left;\">Predecir \u00abgaps\u00bb.<\/li><li style=\"text-align: left;\">Palanca de aprendizaje interpersonal en los equipos.<\/li><\/ul>\t\t\t\t\t\t<\/div>\n\t\t\t\t<\/div>\n\t\t\t\t\t<\/div>\n\t\t<\/div>\n\t\t\t\t<div class=\"elementor-column elementor-col-50 elementor-top-column elementor-element elementor-element-f6dc54f\" data-id=\"f6dc54f\" data-element_type=\"column\">\n\t\t\t<div class=\"elementor-widget-wrap elementor-element-populated\">\n\t\t\t\t\t\t<div class=\"elementor-element elementor-element-6a2ea2f elementor-widget elementor-widget-image\" data-id=\"6a2ea2f\" data-element_type=\"widget\" data-widget_type=\"image.default\">\n\t\t\t\t<div class=\"elementor-widget-container\">\n\t\t\t\t\t\t\t\t\t\t\t\t\t<img fetchpriority=\"high\" width=\"778\" height=\"721\" src=\"https:\/\/georginabarquin.com\/es\/wp-content\/uploads\/2020\/04\/Facet-5.jpg\" class=\"attachment-large size-large wp-image-898\" alt=\"\" srcset=\"https:\/\/georginabarquin.com\/es\/wp-content\/uploads\/2020\/04\/Facet-5.jpg 778w, https:\/\/georginabarquin.com\/es\/wp-content\/uploads\/2020\/04\/Facet-5-600x556.jpg 600w, https:\/\/georginabarquin.com\/es\/wp-content\/uploads\/2020\/04\/Facet-5-300x278.jpg 300w, https:\/\/georginabarquin.com\/es\/wp-content\/uploads\/2020\/04\/Facet-5-768x712.jpg 768w\" sizes=\"(max-width: 778px) 100vw, 778px\" \/>\t\t\t\t\t\t\t\t\t\t\t\t\t<\/div>\n\t\t\t\t<\/div>\n\t\t\t\t\t<\/div>\n\t\t<\/div>\n\t\t\t\t\t<\/div>\n\t\t<\/section>\n\t\t\t\t<section class=\"elementor-section elementor-top-section elementor-element elementor-element-e4980f5 elementor-section-boxed elementor-section-height-default elementor-section-height-default\" data-id=\"e4980f5\" data-element_type=\"section\">\n\t\t\t\t\t\t<div class=\"elementor-container elementor-column-gap-default\">\n\t\t\t\t\t<div class=\"elementor-column elementor-col-100 elementor-top-column elementor-element elementor-element-a9b0e18\" data-id=\"a9b0e18\" data-element_type=\"column\">\n\t\t\t<div class=\"elementor-widget-wrap elementor-element-populated\">\n\t\t\t\t\t\t<div class=\"elementor-element elementor-element-4613796 elementor-widget elementor-widget-text-editor\" data-id=\"4613796\" data-element_type=\"widget\" data-widget_type=\"text-editor.default\">\n\t\t\t\t<div class=\"elementor-widget-container\">\n\t\t\t\t\t\t\t<h2><span style=\"color: #000000;\">THE BARRET MODEL<\/span><\/h2>\t\t\t\t\t\t<\/div>\n\t\t\t\t<\/div>\n\t\t\t\t\t<\/div>\n\t\t<\/div>\n\t\t\t\t\t<\/div>\n\t\t<\/section>\n\t\t\t\t<section class=\"elementor-section elementor-top-section elementor-element elementor-element-50cd2b7 elementor-section-stretched elementor-section-boxed elementor-section-height-default elementor-section-height-default\" data-id=\"50cd2b7\" data-element_type=\"section\" data-settings=\"{&quot;stretch_section&quot;:&quot;section-stretched&quot;}\">\n\t\t\t\t\t\t<div class=\"elementor-container elementor-column-gap-default\">\n\t\t\t\t\t<div class=\"elementor-column elementor-col-50 elementor-top-column elementor-element elementor-element-de8b4a7\" data-id=\"de8b4a7\" data-element_type=\"column\">\n\t\t\t<div class=\"elementor-widget-wrap elementor-element-populated\">\n\t\t\t\t\t\t<div class=\"elementor-element elementor-element-dbd565f elementor-widget elementor-widget-image\" data-id=\"dbd565f\" data-element_type=\"widget\" data-widget_type=\"image.default\">\n\t\t\t\t<div class=\"elementor-widget-container\">\n\t\t\t\t\t\t\t\t\t\t\t\t\t<img width=\"728\" height=\"546\" src=\"https:\/\/georginabarquin.com\/es\/wp-content\/uploads\/2019\/08\/barretmodet.jpg\" class=\"attachment-large size-large wp-image-321\" alt=\"barretmodet\" srcset=\"https:\/\/georginabarquin.com\/es\/wp-content\/uploads\/2019\/08\/barretmodet.jpg 728w, https:\/\/georginabarquin.com\/es\/wp-content\/uploads\/2019\/08\/barretmodet-600x450.jpg 600w, https:\/\/georginabarquin.com\/es\/wp-content\/uploads\/2019\/08\/barretmodet-300x225.jpg 300w\" sizes=\"(max-width: 728px) 100vw, 728px\" \/>\t\t\t\t\t\t\t\t\t\t\t\t\t<\/div>\n\t\t\t\t<\/div>\n\t\t\t\t\t<\/div>\n\t\t<\/div>\n\t\t\t\t<div class=\"elementor-column elementor-col-50 elementor-top-column elementor-element elementor-element-6c720a0\" data-id=\"6c720a0\" data-element_type=\"column\">\n\t\t\t<div class=\"elementor-widget-wrap elementor-element-populated\">\n\t\t\t\t\t\t<div class=\"elementor-element elementor-element-55db72d elementor-widget elementor-widget-text-editor\" data-id=\"55db72d\" data-element_type=\"widget\" data-widget_type=\"text-editor.default\">\n\t\t\t\t<div class=\"elementor-widget-container\">\n\t\t\t\t\t\t\t<p style=\"text-align: left;\"><a href=\"https:\/\/www.valuescentre.com\/\"><span style=\"color: #ce1118;\"><strong>The Barret Model<\/strong><\/span><\/a><\/p><p>Este modelo identifica las 7 valores y \u00e1reas de motivaci\u00f3n de una persona.<\/p><p>El modelo ayuda a comparar los valores personales, con los valores actuales de la empresa donde trabaja y los valores a los que aspira la empresa. Alinear estos tres ejes es esencial para conseguir equipos de alto rendimiento, estabilidad y crecimiento sostenible de una empresa. El modelo Barret descubre de forma clara donde est\u00e1n los puntos m\u00e1s d\u00e9biles o puntos de entrop\u00eda.<\/p>\t\t\t\t\t\t<\/div>\n\t\t\t\t<\/div>\n\t\t\t\t\t<\/div>\n\t\t<\/div>\n\t\t\t\t\t<\/div>\n\t\t<\/section>\n\t\t\t\t<section class=\"elementor-section elementor-top-section elementor-element elementor-element-2b7faa8 elementor-section-boxed elementor-section-height-default elementor-section-height-default\" data-id=\"2b7faa8\" data-element_type=\"section\">\n\t\t\t\t\t\t<div class=\"elementor-container elementor-column-gap-default\">\n\t\t\t\t\t<div class=\"elementor-column elementor-col-100 elementor-top-column elementor-element elementor-element-7b0551a\" data-id=\"7b0551a\" data-element_type=\"column\">\n\t\t\t<div class=\"elementor-widget-wrap elementor-element-populated\">\n\t\t\t\t\t\t<div class=\"elementor-element elementor-element-1fe76a9 elementor-widget elementor-widget-text-editor\" data-id=\"1fe76a9\" data-element_type=\"widget\" data-widget_type=\"text-editor.default\">\n\t\t\t\t<div class=\"elementor-widget-container\">\n\t\t\t\t\t\t\t<p>El proceso est\u00e1 dividido en 6 sesiones individuales que pueden realizarse online o de forma presencial. <strong>(ingl\u00e9s o espa\u00f1ol).<\/strong><\/p><p style=\"text-align: center;\"><strong><span style=\"color: #ce1118;\">CONTACTA CON NOSOTROS<\/span><\/strong><\/p>\t\t\t\t\t\t<\/div>\n\t\t\t\t<\/div>\n\t\t\t\t\t<\/div>\n\t\t<\/div>\n\t\t\t\t\t<\/div>\n\t\t<\/section>\n\t\t\t\t<\/div>\n\t\t","protected":false},"excerpt":{"rendered":"<p>PROCESOS PARA: LIDERAZGO MULTICULTURAL, MINDSET GLOBAL, GESTI\u00d3N INTERCULTURAL e INTERNACIONALIZACI\u00d3N Las sesiones de coaching enfocadas a internacionalizar la empresa, gestionar las relaciones interculturales o gestionar cambios culturales de una organizaci\u00f3n pueden facilitar el proceso. Estas sesiones de coaching exploran la complejidad de los sesgos culturales para generar estat\u00e9gias que salven las barreras de comunicaci\u00f3n. Nuestros&hellip;&nbsp;<a href=\"https:\/\/georginabarquin.com\/es\/coaching-inteligencia-cultural\/\" rel=\"bookmark\"><span class=\"screen-reader-text\">COACHING INTELIGENCIA CULTURAL<\/span><\/a><\/p>\n","protected":false},"author":1,"featured_media":0,"parent":0,"menu_order":0,"comment_status":"closed","ping_status":"closed","template":"","meta":{"neve_meta_sidebar":"","neve_meta_container":"","neve_meta_enable_content_width":"off","neve_meta_content_width":70,"neve_meta_title_alignment":"","neve_meta_author_avatar":"","neve_post_elements_order":"","neve_meta_disable_header":"","neve_meta_disable_footer":"","neve_meta_disable_title":""},"yst_prominent_words":[8,82,35,186,7,6,104,185,184],"_links":{"self":[{"href":"https:\/\/georginabarquin.com\/es\/wp-json\/wp\/v2\/pages\/19"}],"collection":[{"href":"https:\/\/georginabarquin.com\/es\/wp-json\/wp\/v2\/pages"}],"about":[{"href":"https:\/\/georginabarquin.com\/es\/wp-json\/wp\/v2\/types\/page"}],"author":[{"embeddable":true,"href":"https:\/\/georginabarquin.com\/es\/wp-json\/wp\/v2\/users\/1"}],"replies":[{"embeddable":true,"href":"https:\/\/georginabarquin.com\/es\/wp-json\/wp\/v2\/comments?post=19"}],"version-history":[{"count":106,"href":"https:\/\/georginabarquin.com\/es\/wp-json\/wp\/v2\/pages\/19\/revisions"}],"predecessor-version":[{"id":2749,"href":"https:\/\/georginabarquin.com\/es\/wp-json\/wp\/v2\/pages\/19\/revisions\/2749"}],"wp:attachment":[{"href":"https:\/\/georginabarquin.com\/es\/wp-json\/wp\/v2\/media?parent=19"}],"wp:term":[{"taxonomy":"yst_prominent_words","embeddable":true,"href":"https:\/\/georginabarquin.com\/es\/wp-json\/wp\/v2\/yst_prominent_words?post=19"}],"curies":[{"name":"wp","href":"https:\/\/api.w.org\/{rel}","templated":true}]}}