{"id":2836,"date":"2026-01-28T17:12:22","date_gmt":"2026-01-28T16:12:22","guid":{"rendered":"https:\/\/georginabarquin.com\/es\/?page_id=2836"},"modified":"2026-02-02T12:37:05","modified_gmt":"2026-02-02T11:37:05","slug":"elementos-diferenciadores","status":"publish","type":"page","link":"https:\/\/georginabarquin.com\/es\/elementos-diferenciadores\/","title":{"rendered":"NUESTRO VALOR A\u00d1ADIDO"},"content":{"rendered":"\t\t<div data-elementor-type=\"wp-page\" data-elementor-id=\"2836\" class=\"elementor elementor-2836\">\n\t\t\t\t\t\t<section class=\"elementor-section elementor-top-section elementor-element elementor-element-86e1022 elementor-section-boxed elementor-section-height-default elementor-section-height-default\" data-id=\"86e1022\" data-element_type=\"section\">\n\t\t\t\t\t\t<div class=\"elementor-container elementor-column-gap-default\">\n\t\t\t\t\t<div class=\"elementor-column elementor-col-100 elementor-top-column elementor-element elementor-element-4e0718f\" data-id=\"4e0718f\" data-element_type=\"column\">\n\t\t\t<div class=\"elementor-widget-wrap elementor-element-populated\">\n\t\t\t\t\t\t<div class=\"elementor-element elementor-element-9dae0c8 elementor-widget elementor-widget-spacer\" data-id=\"9dae0c8\" data-element_type=\"widget\" data-widget_type=\"spacer.default\">\n\t\t\t\t<div class=\"elementor-widget-container\">\n\t\t\t\t\t<div class=\"elementor-spacer\">\n\t\t\t<div class=\"elementor-spacer-inner\"><\/div>\n\t\t<\/div>\n\t\t\t\t<\/div>\n\t\t\t\t<\/div>\n\t\t\t\t\t<\/div>\n\t\t<\/div>\n\t\t\t\t\t<\/div>\n\t\t<\/section>\n\t\t\t\t<section class=\"elementor-section elementor-top-section elementor-element elementor-element-0173b60 elementor-section-boxed elementor-section-height-default elementor-section-height-default\" data-id=\"0173b60\" data-element_type=\"section\">\n\t\t\t\t\t\t<div class=\"elementor-container elementor-column-gap-default\">\n\t\t\t\t\t<div class=\"elementor-column elementor-col-100 elementor-top-column elementor-element elementor-element-76695c6\" data-id=\"76695c6\" data-element_type=\"column\">\n\t\t\t<div class=\"elementor-widget-wrap elementor-element-populated\">\n\t\t\t\t\t\t<div class=\"elementor-element elementor-element-c577bf0 elementor-widget elementor-widget-heading\" data-id=\"c577bf0\" data-element_type=\"widget\" data-widget_type=\"heading.default\">\n\t\t\t\t<div class=\"elementor-widget-container\">\n\t\t\t<h1 class=\"elementor-heading-title elementor-size-default\">Elementos diferenciadores<\/h1>\t\t<\/div>\n\t\t\t\t<\/div>\n\t\t\t\t\t<\/div>\n\t\t<\/div>\n\t\t\t\t\t<\/div>\n\t\t<\/section>\n\t\t\t\t<section class=\"elementor-section elementor-top-section elementor-element elementor-element-eb0cc17 elementor-section-boxed elementor-section-height-default elementor-section-height-default\" data-id=\"eb0cc17\" data-element_type=\"section\">\n\t\t\t\t\t\t<div class=\"elementor-container elementor-column-gap-default\">\n\t\t\t\t\t<div class=\"elementor-column elementor-col-100 elementor-top-column elementor-element elementor-element-8674889\" data-id=\"8674889\" data-element_type=\"column\">\n\t\t\t<div class=\"elementor-widget-wrap elementor-element-populated\">\n\t\t\t\t\t\t<div class=\"elementor-element elementor-element-e9ae10a elementor-widget elementor-widget-text-editor\" data-id=\"e9ae10a\" data-element_type=\"widget\" data-widget_type=\"text-editor.default\">\n\t\t\t\t<div class=\"elementor-widget-container\">\n\t\t\t\t\t\t\t<p><span style=\"color: #000000;\">En un mercado dominado por grandes empresas internacionalmente reconocidas que ofrecen soluciones estandarizadas y escalables, el enfoque de Georgina Barquin se distingue por su profundidad, personalizaci\u00f3n, cercan\u00eda y variedad de formatos. <\/span><\/p><p><span style=\"color: #000000;\">A diferencia de los modelos globales \u201cone size fits all\u201d, Georgina lidera personalmente cada proceso como formadora y coach, combinando una experiencia intercultural real\u00a0 con un conocimiento profundo de los mercados latinoamericano, norteamericano y espa\u00f1ol. Su propuesta boutique integra investigaci\u00f3n, pr\u00e1ctica y acompa\u00f1amiento directo, apoy\u00e1ndose en un equipo especializado en investigaci\u00f3n y desarrollo, siete herramientas internacionales contrastadas y una herramienta propia, as\u00ed como en publicaciones especializadas que respaldan su rigor.<\/span><\/p><p><span style=\"color: #000000;\">Es la <strong>\u00fanica empresa<\/strong> actualmente que ofrece un amplio abanico de formatos con un mismo fin &#8211; mejorar la inteligencia cultural y el liderazgo global a trav\u00e9s de programas de coaching, formaciones presenciales y online y bootcamps tanto en ingl\u00e9s como en espa\u00f1ol.<\/span><\/p><p><span style=\"color: #000000;\"> El resultado es un enfoque \u00fanico, dise\u00f1ado no para audiencias masivas, sino para l\u00edderes y organizaciones que buscan impacto real, adaptaci\u00f3n cultural aut\u00e9ntica y resultados sostenibles en contextos globales complejos.<\/span><\/p>\t\t\t\t\t\t<\/div>\n\t\t\t\t<\/div>\n\t\t\t\t\t<\/div>\n\t\t<\/div>\n\t\t\t\t\t<\/div>\n\t\t<\/section>\n\t\t\t\t<section class=\"elementor-section elementor-top-section elementor-element elementor-element-ec74800 elementor-section-boxed elementor-section-height-default elementor-section-height-default\" data-id=\"ec74800\" data-element_type=\"section\">\n\t\t\t\t\t\t<div class=\"elementor-container elementor-column-gap-default\">\n\t\t\t\t\t<div class=\"elementor-column elementor-col-50 elementor-top-column elementor-element elementor-element-9b18004\" data-id=\"9b18004\" data-element_type=\"column\">\n\t\t\t<div class=\"elementor-widget-wrap elementor-element-populated\">\n\t\t\t\t\t\t<div class=\"elementor-element elementor-element-af92225 elementor-widget elementor-widget-text-editor\" data-id=\"af92225\" data-element_type=\"widget\" data-widget_type=\"text-editor.default\">\n\t\t\t\t<div class=\"elementor-widget-container\">\n\t\t\t\t\t\t\t<h1><span style=\"color: #ce1118;\">Elementos que nos diferencian frente a otras marcas especializadas en Inteligencia cultural y Liderazgo Global<\/span><\/h1>\t\t\t\t\t\t<\/div>\n\t\t\t\t<\/div>\n\t\t\t\t\t<\/div>\n\t\t<\/div>\n\t\t\t\t<div class=\"elementor-column elementor-col-50 elementor-top-column elementor-element elementor-element-fdb5953\" data-id=\"fdb5953\" data-element_type=\"column\">\n\t\t\t<div class=\"elementor-widget-wrap elementor-element-populated\">\n\t\t\t\t\t\t<div class=\"elementor-element elementor-element-a6a2aa7 elementor-widget elementor-widget-image\" data-id=\"a6a2aa7\" data-element_type=\"widget\" data-settings=\"{&quot;motion_fx_motion_fx_scrolling&quot;:&quot;yes&quot;,&quot;motion_fx_translateY_effect&quot;:&quot;yes&quot;,&quot;motion_fx_translateY_speed&quot;:{&quot;unit&quot;:&quot;px&quot;,&quot;size&quot;:&quot;0.7&quot;,&quot;sizes&quot;:[]},&quot;motion_fx_devices&quot;:[&quot;desktop&quot;],&quot;motion_fx_translateY_affectedRange&quot;:{&quot;unit&quot;:&quot;%&quot;,&quot;size&quot;:&quot;&quot;,&quot;sizes&quot;:{&quot;start&quot;:0,&quot;end&quot;:100}}}\" data-widget_type=\"image.default\">\n\t\t\t\t<div class=\"elementor-widget-container\">\n\t\t\t\t\t\t\t\t\t\t\t\t\t<img fetchpriority=\"high\" width=\"861\" height=\"507\" src=\"https:\/\/georginabarquin.com\/es\/wp-content\/uploads\/2026\/01\/INTELIGENCIA-CULTURAL-MAPA.jpg\" class=\"attachment-full size-full wp-image-2921\" alt=\"\" srcset=\"https:\/\/georginabarquin.com\/es\/wp-content\/uploads\/2026\/01\/INTELIGENCIA-CULTURAL-MAPA.jpg 861w, https:\/\/georginabarquin.com\/es\/wp-content\/uploads\/2026\/01\/INTELIGENCIA-CULTURAL-MAPA-300x177.jpg 300w, https:\/\/georginabarquin.com\/es\/wp-content\/uploads\/2026\/01\/INTELIGENCIA-CULTURAL-MAPA-768x452.jpg 768w, https:\/\/georginabarquin.com\/es\/wp-content\/uploads\/2026\/01\/INTELIGENCIA-CULTURAL-MAPA-600x353.jpg 600w\" sizes=\"(max-width: 861px) 100vw, 861px\" \/>\t\t\t\t\t\t\t\t\t\t\t\t\t<\/div>\n\t\t\t\t<\/div>\n\t\t\t\t\t<\/div>\n\t\t<\/div>\n\t\t\t\t\t<\/div>\n\t\t<\/section>\n\t\t\t\t<section class=\"elementor-section elementor-top-section elementor-element elementor-element-ec52ed8 elementor-section-boxed elementor-section-height-default elementor-section-height-default\" data-id=\"ec52ed8\" data-element_type=\"section\">\n\t\t\t\t\t\t<div class=\"elementor-container elementor-column-gap-default\">\n\t\t\t\t\t<div class=\"elementor-column elementor-col-100 elementor-top-column elementor-element elementor-element-7fc3281\" data-id=\"7fc3281\" data-element_type=\"column\">\n\t\t\t<div class=\"elementor-widget-wrap elementor-element-populated\">\n\t\t\t\t\t\t<div class=\"elementor-element elementor-element-5ababff elementor-widget elementor-widget-text-editor\" data-id=\"5ababff\" data-element_type=\"widget\" data-widget_type=\"text-editor.default\">\n\t\t\t\t<div class=\"elementor-widget-container\">\n\t\t\t\t\t\t\t<ul><li data-start=\"272\" data-end=\"454\"><span style=\"color: #000000;\"><strong data-start=\"272\" data-end=\"326\">Georgina Barqu\u00edn es la formadora principal y coach<\/strong>, liderando directamente los procesos de formaci\u00f3n, acompa\u00f1amiento y desarrollo intercultural con ejecutivos, l\u00edderes y equipos.<\/span><\/li><li><strong><span style=\"color: #000000;\">Programas en ingl\u00e9s y espa\u00f1ol<\/span><\/strong><\/li><li data-start=\"458\" data-end=\"623\"><span style=\"color: #000000;\"><strong data-start=\"458\" data-end=\"504\">Enfoque altamente personalizado y boutique<\/strong>, basado en trabajo directo con cada cliente, evitando soluciones estandarizadas y priorizando intervenciones a medida.<\/span><\/li><li data-start=\"627\" data-end=\"809\"><span style=\"color: #000000;\"><strong data-start=\"627\" data-end=\"710\">Especializaci\u00f3n en inteligencia cultural aplicada a cultura empresarial,\u00a0 liderazgo global, la intenacionalizaci\u00f3n de empresas, procesos de expatriaci\u00f3n\u00a0 y competencias interculturales<\/strong>, integrando motivaci\u00f3n, conocimiento, estrategia y acci\u00f3n en un \u00fanico marco pr\u00e1ctico y accionable.<\/span><\/li><li data-start=\"813\" data-end=\"983\"><span style=\"color: #000000;\"><strong data-start=\"813\" data-end=\"893\">Amplia experiencia en los mercados de LATAM, Norteamerica y Espa\u00f1a<\/strong>, con un conocimiento profundo de sus contextos culturales, empresariales y organizativos.<\/span><\/li><li><span style=\"color: #000000;\"><strong>Experiencia con empresas en:<\/strong> LATAM, EEUU, Canada, Reino Unido, Portugal, Espa\u00f1a, Sri Lanka, Emiratos \u00c1rabes, Pakist\u00e1n.\u00a0<\/span><\/li><li data-start=\"987\" data-end=\"1143\"><span style=\"color: #000000;\"><strong data-start=\"987\" data-end=\"1031\">Trabajo con multinacionales, pymes y en proyectos de la UE con personas de m\u00e1s de 40 pa\u00edses<\/strong>, <\/span><span style=\"color: #000000;\">lo que aporta una perspectiva global s\u00f3lida, basada en experiencia real en entornos multiculturales complejos.<\/span><\/li><\/ul>\t\t\t\t\t\t<\/div>\n\t\t\t\t<\/div>\n\t\t\t\t\t<\/div>\n\t\t<\/div>\n\t\t\t\t\t<\/div>\n\t\t<\/section>\n\t\t\t\t<section class=\"elementor-section elementor-top-section elementor-element elementor-element-5986062 elementor-section-boxed elementor-section-height-default elementor-section-height-default\" data-id=\"5986062\" data-element_type=\"section\">\n\t\t\t\t\t\t<div class=\"elementor-container elementor-column-gap-default\">\n\t\t\t\t\t<div class=\"elementor-column elementor-col-100 elementor-top-column elementor-element elementor-element-9211771\" data-id=\"9211771\" data-element_type=\"column\">\n\t\t\t<div class=\"elementor-widget-wrap elementor-element-populated\">\n\t\t\t\t\t\t<div class=\"elementor-element elementor-element-efe30bb elementor-widget elementor-widget-text-editor\" data-id=\"efe30bb\" data-element_type=\"widget\" data-widget_type=\"text-editor.default\">\n\t\t\t\t<div class=\"elementor-widget-container\">\n\t\t\t\t\t\t\t<h2>NUESTRO EQUIPO Y NUESTRA METODOLOG\u00cdA<\/h2>\t\t\t\t\t\t<\/div>\n\t\t\t\t<\/div>\n\t\t\t\t\t<\/div>\n\t\t<\/div>\n\t\t\t\t\t<\/div>\n\t\t<\/section>\n\t\t\t\t<section class=\"elementor-section elementor-top-section elementor-element elementor-element-8a7c3e8 elementor-section-boxed elementor-section-height-default elementor-section-height-default\" data-id=\"8a7c3e8\" data-element_type=\"section\">\n\t\t\t\t\t\t<div class=\"elementor-container elementor-column-gap-default\">\n\t\t\t\t\t<div class=\"elementor-column elementor-col-100 elementor-top-column elementor-element elementor-element-03fd876\" data-id=\"03fd876\" data-element_type=\"column\">\n\t\t\t<div class=\"elementor-widget-wrap elementor-element-populated\">\n\t\t\t\t\t\t<div class=\"elementor-element elementor-element-afa8f23 elementor-widget elementor-widget-text-editor\" data-id=\"afa8f23\" data-element_type=\"widget\" data-widget_type=\"text-editor.default\">\n\t\t\t\t<div class=\"elementor-widget-container\">\n\t\t\t\t\t\t\t<ul><li data-start=\"1147\" data-end=\"1326\"><span style=\"color: #000000;\"><strong data-start=\"1147\" data-end=\"1219\">Apoyo de un equipo especializado en investigaci\u00f3n y desarrollo (I+D)<\/strong>, que respalda el dise\u00f1o, la actualizaci\u00f3n y la mejora continua de metodolog\u00edas, contenidos y herramientas.<\/span><\/li><li data-start=\"1147\" data-end=\"1326\"><span style=\"color: #000000;\"><strong>Metodolog\u00edas pr\u00e1cticas y adaptadas<\/strong> a cada cliente y cada nivel en la empresa &#8211; casos pr\u00e1cticos, tests adaptados formato online y presencial a nivel global en ingl\u00e9s y espa\u00f1ol.<\/span><\/li><li data-start=\"1330\" data-end=\"1567\"><span style=\"color: #000000;\"><strong data-start=\"1330\" data-end=\"1385\">Uso de siete herramientas pr\u00e1cticas internacionales<\/strong>, contrastadas y aplicables en contextos profesionales, <strong data-start=\"1441\" data-end=\"1486\">complementadas por una herramienta propia<\/strong> desarrollada a partir de la experiencia directa con clientes y proyectos reales.<\/span><\/li><li data-start=\"1571\" data-end=\"1716\"><span style=\"color: #000000;\"><strong data-start=\"1571\" data-end=\"1617\">Metodolog\u00eda basada en evidencia y pr\u00e1ctica<\/strong>, que combina investigaci\u00f3n, experiencia de campo y aplicaci\u00f3n inmediata en el entorno profesional.<\/span><\/li><li data-start=\"1720\" data-end=\"1882\"><span style=\"color: #000000;\"><strong data-start=\"1720\" data-end=\"1747\">Acompa\u00f1amiento integral<\/strong>, que combina formaci\u00f3n, consultor\u00eda y coaching intercultural para generar cambios sostenibles en comportamientos y toma de decisiones.<\/span><\/li><li data-start=\"1886\" data-end=\"2081\"><span style=\"color: #000000;\"><strong data-start=\"1886\" data-end=\"1985\">Publicaciones en el \u00e1mbito de la inteligencia cultural, el liderazgo y la gesti\u00f3n intercultural<\/strong>, que refuerzan su posicionamiento como referente y respaldan su enfoque con contenido riguroso.<\/span><\/li><li data-start=\"2085\" data-end=\"2230\"><span style=\"color: #000000;\"><strong data-start=\"2085\" data-end=\"2123\">Orientaci\u00f3n a impacto y resultados<\/strong>, especialmente en comunicaci\u00f3n intercultural, negociaci\u00f3n, liderazgo global y gesti\u00f3n de equipos multiculturales.<\/span><\/li><li><span style=\"color: #000000;\"><strong>Variedad en recursos gratuitos<\/strong> como el test de inteligencia cultural, infograf\u00edas, art\u00edculos de tendencia y videos.<\/span><\/li><\/ul>\t\t\t\t\t\t<\/div>\n\t\t\t\t<\/div>\n\t\t\t\t\t<\/div>\n\t\t<\/div>\n\t\t\t\t\t<\/div>\n\t\t<\/section>\n\t\t\t\t<\/div>\n\t\t","protected":false},"excerpt":{"rendered":"<p>Elementos diferenciadores En un mercado dominado por grandes empresas internacionalmente reconocidas que ofrecen soluciones estandarizadas y escalables, el enfoque de Georgina Barquin se distingue por su profundidad, personalizaci\u00f3n, cercan\u00eda y variedad de formatos. A diferencia de los modelos globales \u201cone size fits all\u201d, Georgina lidera personalmente cada proceso como formadora y coach, combinando una experiencia&hellip;&nbsp;<a href=\"https:\/\/georginabarquin.com\/es\/elementos-diferenciadores\/\" rel=\"bookmark\"><span class=\"screen-reader-text\">NUESTRO VALOR A\u00d1ADIDO<\/span><\/a><\/p>\n","protected":false},"author":1,"featured_media":0,"parent":0,"menu_order":0,"comment_status":"closed","ping_status":"closed","template":"page-templates\/template-pagebuilder-full-width.php","meta":{"neve_meta_sidebar":"","neve_meta_container":"","neve_meta_enable_content_width":"off","neve_meta_content_width":100,"neve_meta_title_alignment":"","neve_meta_author_avatar":"","neve_post_elements_order":"","neve_meta_disable_header":"","neve_meta_disable_footer":"","neve_meta_disable_title":""},"yst_prominent_words":[],"_links":{"self":[{"href":"https:\/\/georginabarquin.com\/es\/wp-json\/wp\/v2\/pages\/2836"}],"collection":[{"href":"https:\/\/georginabarquin.com\/es\/wp-json\/wp\/v2\/pages"}],"about":[{"href":"https:\/\/georginabarquin.com\/es\/wp-json\/wp\/v2\/types\/page"}],"author":[{"embeddable":true,"href":"https:\/\/georginabarquin.com\/es\/wp-json\/wp\/v2\/users\/1"}],"replies":[{"embeddable":true,"href":"https:\/\/georginabarquin.com\/es\/wp-json\/wp\/v2\/comments?post=2836"}],"version-history":[{"count":34,"href":"https:\/\/georginabarquin.com\/es\/wp-json\/wp\/v2\/pages\/2836\/revisions"}],"predecessor-version":[{"id":2998,"href":"https:\/\/georginabarquin.com\/es\/wp-json\/wp\/v2\/pages\/2836\/revisions\/2998"}],"wp:attachment":[{"href":"https:\/\/georginabarquin.com\/es\/wp-json\/wp\/v2\/media?parent=2836"}],"wp:term":[{"taxonomy":"yst_prominent_words","embeddable":true,"href":"https:\/\/georginabarquin.com\/es\/wp-json\/wp\/v2\/yst_prominent_words?post=2836"}],"curies":[{"name":"wp","href":"https:\/\/api.w.org\/{rel}","templated":true}]}}