{"id":2837,"date":"2026-01-28T17:11:20","date_gmt":"2026-01-28T16:11:20","guid":{"rendered":"https:\/\/georginabarquin.com\/es\/?page_id=2837"},"modified":"2026-02-02T12:43:18","modified_gmt":"2026-02-02T11:43:18","slug":"para-que-la-inteligencia-cultural","status":"publish","type":"page","link":"https:\/\/georginabarquin.com\/es\/para-que-la-inteligencia-cultural\/","title":{"rendered":"\u00bfQU\u00c9 ES LA INTELIGENCIA CULTURAL?"},"content":{"rendered":"\t\t<div data-elementor-type=\"wp-page\" data-elementor-id=\"2837\" class=\"elementor elementor-2837\">\n\t\t\t\t\t\t<section class=\"elementor-section elementor-top-section elementor-element elementor-element-99676a3 elementor-section-boxed elementor-section-height-default elementor-section-height-default\" data-id=\"99676a3\" data-element_type=\"section\">\n\t\t\t\t\t\t<div class=\"elementor-container elementor-column-gap-default\">\n\t\t\t\t\t<div class=\"elementor-column elementor-col-100 elementor-top-column elementor-element elementor-element-f1ee392\" data-id=\"f1ee392\" data-element_type=\"column\">\n\t\t\t<div class=\"elementor-widget-wrap elementor-element-populated\">\n\t\t\t\t\t\t<div class=\"elementor-element elementor-element-93b50b2 elementor-widget elementor-widget-spacer\" data-id=\"93b50b2\" data-element_type=\"widget\" data-widget_type=\"spacer.default\">\n\t\t\t\t<div class=\"elementor-widget-container\">\n\t\t\t\t\t<div class=\"elementor-spacer\">\n\t\t\t<div class=\"elementor-spacer-inner\"><\/div>\n\t\t<\/div>\n\t\t\t\t<\/div>\n\t\t\t\t<\/div>\n\t\t\t\t\t<\/div>\n\t\t<\/div>\n\t\t\t\t\t<\/div>\n\t\t<\/section>\n\t\t\t\t<section class=\"elementor-section elementor-top-section elementor-element elementor-element-4e4ebe5 elementor-section-boxed elementor-section-height-default elementor-section-height-default\" data-id=\"4e4ebe5\" data-element_type=\"section\">\n\t\t\t\t\t\t<div class=\"elementor-container elementor-column-gap-default\">\n\t\t\t\t\t<div class=\"elementor-column elementor-col-100 elementor-top-column elementor-element elementor-element-893b415\" data-id=\"893b415\" data-element_type=\"column\">\n\t\t\t<div class=\"elementor-widget-wrap elementor-element-populated\">\n\t\t\t\t\t\t<div class=\"elementor-element elementor-element-35aa567 elementor-widget elementor-widget-text-editor\" data-id=\"35aa567\" data-element_type=\"widget\" data-widget_type=\"text-editor.default\">\n\t\t\t\t<div class=\"elementor-widget-container\">\n\t\t\t\t\t\t\t<h1><span style=\"color: #000000;\">\u00bfQU\u00c9 ES LA INTELIGENCIA CULTURAL?<\/span><\/h1>\t\t\t\t\t\t<\/div>\n\t\t\t\t<\/div>\n\t\t\t\t\t<\/div>\n\t\t<\/div>\n\t\t\t\t\t<\/div>\n\t\t<\/section>\n\t\t\t\t<section class=\"elementor-section elementor-top-section elementor-element elementor-element-0f07718 elementor-section-boxed elementor-section-height-default elementor-section-height-default\" data-id=\"0f07718\" data-element_type=\"section\">\n\t\t\t\t\t\t<div class=\"elementor-container elementor-column-gap-default\">\n\t\t\t\t\t<div class=\"elementor-column elementor-col-100 elementor-top-column elementor-element elementor-element-9a98067\" data-id=\"9a98067\" data-element_type=\"column\">\n\t\t\t<div class=\"elementor-widget-wrap elementor-element-populated\">\n\t\t\t\t\t\t<div class=\"elementor-element elementor-element-d8efbbd elementor-widget elementor-widget-text-editor\" data-id=\"d8efbbd\" data-element_type=\"widget\" data-widget_type=\"text-editor.default\">\n\t\t\t\t<div class=\"elementor-widget-container\">\n\t\t\t\t\t\t\t<p class=\"my-2 [&amp;+p]:mt-4 [&amp;_strong:has(+br)]:inline-block [&amp;_strong:has(+br)]:pb-2\"><span style=\"color: #000000;\">La inteligencia cultural (CQ) es la capacidad de una persona o de una organizaci\u00f3n para entender, relacionarse y trabajar de forma eficaz con personas de distintos or\u00edgenes culturales, adaptando su comportamiento y sus decisiones seg\u00fan el contexto.<\/span><\/p><ul><li class=\"my-2 [&amp;+p]:mt-4 [&amp;_strong:has(+br)]:inline-block [&amp;_strong:has(+br)]:pb-2\"><span style=\"color: #000000;\">En la empresa, va m\u00e1s all\u00e1 de \u201csaber de pa\u00edses\u201d: se trata de construir relaciones laborales respetuosas y eficaces entre culturas nacionales, generacionales, funcionales y de identidad.<\/span><\/li><li class=\"my-2 [&amp;+p]:mt-4 [&amp;_strong:has(+br)]:inline-block [&amp;_strong:has(+br)]:pb-2\"><span style=\"color: #000000;\">Suele describirse como una capacidad multidimensional que combina consciencia (saber que hay diferencias), motivaci\u00f3n (querer tender puentes), conocimiento (cu\u00e1les son esas diferencias) y flexibilidad conductual (adaptarse de verdad).<\/span><\/li><\/ul>\t\t\t\t\t\t<\/div>\n\t\t\t\t<\/div>\n\t\t\t\t\t<\/div>\n\t\t<\/div>\n\t\t\t\t\t<\/div>\n\t\t<\/section>\n\t\t\t\t<section class=\"elementor-section elementor-top-section elementor-element elementor-element-a818837 elementor-section-boxed elementor-section-height-default elementor-section-height-default\" data-id=\"a818837\" data-element_type=\"section\">\n\t\t\t\t\t\t<div class=\"elementor-container elementor-column-gap-default\">\n\t\t\t\t\t<div class=\"elementor-column elementor-col-100 elementor-top-column elementor-element elementor-element-371a074\" data-id=\"371a074\" data-element_type=\"column\">\n\t\t\t<div class=\"elementor-widget-wrap elementor-element-populated\">\n\t\t\t\t\t\t<div class=\"elementor-element elementor-element-9f7476b elementor-widget elementor-widget-text-editor\" data-id=\"9f7476b\" data-element_type=\"widget\" data-widget_type=\"text-editor.default\">\n\t\t\t\t<div class=\"elementor-widget-container\">\n\t\t\t\t\t\t\t<h2><span style=\"color: #000000;\">IMPACTO INTERNO DE LA INTELIGENCIA CULTURAL EN LA EMPRESA<\/span><\/h2>\t\t\t\t\t\t<\/div>\n\t\t\t\t<\/div>\n\t\t\t\t\t<\/div>\n\t\t<\/div>\n\t\t\t\t\t<\/div>\n\t\t<\/section>\n\t\t\t\t<section class=\"elementor-section elementor-top-section elementor-element elementor-element-c5e9774 elementor-section-boxed elementor-section-height-default elementor-section-height-default\" data-id=\"c5e9774\" data-element_type=\"section\">\n\t\t\t\t\t\t<div class=\"elementor-container elementor-column-gap-default\">\n\t\t\t\t\t<div class=\"elementor-column elementor-col-100 elementor-top-column elementor-element elementor-element-2e999ba\" data-id=\"2e999ba\" data-element_type=\"column\">\n\t\t\t<div class=\"elementor-widget-wrap elementor-element-populated\">\n\t\t\t\t\t\t<div class=\"elementor-element elementor-element-1f71677 elementor-widget elementor-widget-text-editor\" data-id=\"1f71677\" data-element_type=\"widget\" data-widget_type=\"text-editor.default\">\n\t\t\t\t<div class=\"elementor-widget-container\">\n\t\t\t\t\t\t\t<ul><li><span style=\"color: #000000;\">Dentro de la organizaci\u00f3n, una CQ alta transforma la forma de colaborar, liderar y resolver tensiones.<\/span><\/li><li class=\"my-2 [&amp;+p]:mt-4 [&amp;_strong:has(+br)]:inline-block [&amp;_strong:has(+br)]:pb-2\"><span style=\"color: #000000;\">Las personas l\u00edderes con alta CQ gestionan mejor los equipos diversos, alinean perspectivas distintas hacia objetivos comunes y suelen ser percibidas como m\u00e1s eficaces en contextos multiculturales.<\/span><\/li><li class=\"my-2 [&amp;+p]:mt-4 [&amp;_strong:has(+br)]:inline-block [&amp;_strong:has(+br)]:pb-2\"><span style=\"color: #000000;\">La CQ impulsa la seguridad psicol\u00f3gica y la inclusi\u00f3n, de modo que se comparten m\u00e1s ideas; los equipos diversos con CQ fuerte generan soluciones m\u00e1s innovadoras y mejores decisiones.<\/span><\/li><li class=\"my-2 [&amp;+p]:mt-4 [&amp;_strong:has(+br)]:inline-block [&amp;_strong:has(+br)]:pb-2\"><span style=\"color: #000000;\">Las organizaciones reportan menos din\u00e1micas \u201cnosotros vs. ellos\u201d, mayor aceptaci\u00f3n de ideas diferentes y culturas m\u00e1s centradas en el m\u00e9rito y los puntos fuertes que en los estereotipos de grupo.<\/span><\/li><\/ul>\t\t\t\t\t\t<\/div>\n\t\t\t\t<\/div>\n\t\t\t\t\t<\/div>\n\t\t<\/div>\n\t\t\t\t\t<\/div>\n\t\t<\/section>\n\t\t\t\t<section class=\"elementor-section elementor-top-section elementor-element elementor-element-d398f81 elementor-section-boxed elementor-section-height-default elementor-section-height-default\" data-id=\"d398f81\" data-element_type=\"section\">\n\t\t\t\t\t\t<div class=\"elementor-container elementor-column-gap-default\">\n\t\t\t\t\t<div class=\"elementor-column elementor-col-100 elementor-top-column elementor-element elementor-element-2d4001e\" data-id=\"2d4001e\" data-element_type=\"column\">\n\t\t\t<div class=\"elementor-widget-wrap elementor-element-populated\">\n\t\t\t\t\t\t<div class=\"elementor-element elementor-element-814d2ca elementor-widget elementor-widget-text-editor\" data-id=\"814d2ca\" data-element_type=\"widget\" data-widget_type=\"text-editor.default\">\n\t\t\t\t<div class=\"elementor-widget-container\">\n\t\t\t\t\t\t\t<h2><span style=\"color: #000000;\">IMPACTO EXTERNO EN STAKEHOLDERS<\/span><\/h2>\t\t\t\t\t\t<\/div>\n\t\t\t\t<\/div>\n\t\t\t\t\t<\/div>\n\t\t<\/div>\n\t\t\t\t\t<\/div>\n\t\t<\/section>\n\t\t\t\t<section class=\"elementor-section elementor-top-section elementor-element elementor-element-8a4879a elementor-section-boxed elementor-section-height-default elementor-section-height-default\" data-id=\"8a4879a\" data-element_type=\"section\">\n\t\t\t\t\t\t<div class=\"elementor-container elementor-column-gap-default\">\n\t\t\t\t\t<div class=\"elementor-column elementor-col-100 elementor-top-column elementor-element elementor-element-7faf9c4\" data-id=\"7faf9c4\" data-element_type=\"column\">\n\t\t\t<div class=\"elementor-widget-wrap elementor-element-populated\">\n\t\t\t\t\t\t<div class=\"elementor-element elementor-element-ba6cade elementor-widget elementor-widget-text-editor\" data-id=\"ba6cade\" data-element_type=\"widget\" data-widget_type=\"text-editor.default\">\n\t\t\t\t<div class=\"elementor-widget-container\">\n\t\t\t\t\t\t\t<ul><li data-start=\"0\" data-end=\"285\"><span style=\"color: #000000;\">A nivel externo, la Inteligencia Cultural (CQ) define c\u00f3mo las organizaciones se relacionan con clientes, socios, reguladores y comunidades. Al comprender las normas y expectativas locales, las empresas generan confianza, fortalecen alianzas y evitan errores costosos en negociaciones.<\/span><\/li><li data-start=\"287\" data-end=\"502\"><span style=\"color: #000000;\">La CQ permite desarrollar iniciativas de marketing, ventas y ESG alineadas culturalmente, mejorando el compromiso, la credibilidad y el posicionamiento de marca a largo plazo ante clientes diversos y talento global.<\/span><\/li><\/ul>\t\t\t\t\t\t<\/div>\n\t\t\t\t<\/div>\n\t\t\t\t\t<\/div>\n\t\t<\/div>\n\t\t\t\t\t<\/div>\n\t\t<\/section>\n\t\t\t\t<section class=\"elementor-section elementor-top-section elementor-element elementor-element-06cd790 elementor-section-boxed elementor-section-height-default elementor-section-height-default\" data-id=\"06cd790\" data-element_type=\"section\">\n\t\t\t\t\t\t<div class=\"elementor-container elementor-column-gap-default\">\n\t\t\t\t\t<div class=\"elementor-column elementor-col-100 elementor-top-column elementor-element elementor-element-f791a92\" data-id=\"f791a92\" data-element_type=\"column\">\n\t\t\t<div class=\"elementor-widget-wrap elementor-element-populated\">\n\t\t\t\t\t\t<div class=\"elementor-element elementor-element-82dd562 elementor-widget elementor-widget-text-editor\" data-id=\"82dd562\" data-element_type=\"widget\" data-widget_type=\"text-editor.default\">\n\t\t\t\t<div class=\"elementor-widget-container\">\n\t\t\t\t\t\t\t<h2><span style=\"color: #000000;\">VENTAJAS COMPETITIVAS DE LA INTELIGENCIA CULTURAL<\/span><\/h2>\t\t\t\t\t\t<\/div>\n\t\t\t\t<\/div>\n\t\t\t\t\t<\/div>\n\t\t<\/div>\n\t\t\t\t\t<\/div>\n\t\t<\/section>\n\t\t\t\t<section class=\"elementor-section elementor-top-section elementor-element elementor-element-58c9b11 elementor-section-boxed elementor-section-height-default elementor-section-height-default\" data-id=\"58c9b11\" data-element_type=\"section\">\n\t\t\t\t\t\t<div class=\"elementor-container elementor-column-gap-default\">\n\t\t\t\t\t<div class=\"elementor-column elementor-col-100 elementor-top-column elementor-element elementor-element-5f15ca2\" data-id=\"5f15ca2\" data-element_type=\"column\">\n\t\t\t<div class=\"elementor-widget-wrap elementor-element-populated\">\n\t\t\t\t\t\t<div class=\"elementor-element elementor-element-48ca574 elementor-widget elementor-widget-image\" data-id=\"48ca574\" data-element_type=\"widget\" data-widget_type=\"image.default\">\n\t\t\t\t<div class=\"elementor-widget-container\">\n\t\t\t\t\t\t\t\t\t\t\t\t\t<img fetchpriority=\"high\" width=\"1024\" height=\"559\" src=\"https:\/\/georginabarquin.com\/es\/wp-content\/uploads\/2026\/02\/Ventaja-competitiva-de-la-inteligecia-cultural-1024x559.png\" class=\"attachment-large size-large wp-image-2973\" alt=\"cq\" srcset=\"https:\/\/georginabarquin.com\/es\/wp-content\/uploads\/2026\/02\/Ventaja-competitiva-de-la-inteligecia-cultural-1024x559.png 1024w, https:\/\/georginabarquin.com\/es\/wp-content\/uploads\/2026\/02\/Ventaja-competitiva-de-la-inteligecia-cultural-300x164.png 300w, https:\/\/georginabarquin.com\/es\/wp-content\/uploads\/2026\/02\/Ventaja-competitiva-de-la-inteligecia-cultural-768x419.png 768w, https:\/\/georginabarquin.com\/es\/wp-content\/uploads\/2026\/02\/Ventaja-competitiva-de-la-inteligecia-cultural-1536x838.png 1536w, https:\/\/georginabarquin.com\/es\/wp-content\/uploads\/2026\/02\/Ventaja-competitiva-de-la-inteligecia-cultural-2048x1117.png 2048w, https:\/\/georginabarquin.com\/es\/wp-content\/uploads\/2026\/02\/Ventaja-competitiva-de-la-inteligecia-cultural-600x327.png 600w\" sizes=\"(max-width: 1024px) 100vw, 1024px\" \/>\t\t\t\t\t\t\t\t\t\t\t\t\t<\/div>\n\t\t\t\t<\/div>\n\t\t\t\t\t<\/div>\n\t\t<\/div>\n\t\t\t\t\t<\/div>\n\t\t<\/section>\n\t\t\t\t<section class=\"elementor-section elementor-top-section elementor-element elementor-element-6f3ae6c elementor-section-boxed elementor-section-height-default elementor-section-height-default\" data-id=\"6f3ae6c\" data-element_type=\"section\">\n\t\t\t\t\t\t<div class=\"elementor-container elementor-column-gap-default\">\n\t\t\t\t\t<div class=\"elementor-column elementor-col-100 elementor-top-column elementor-element elementor-element-2950a6c\" data-id=\"2950a6c\" data-element_type=\"column\">\n\t\t\t<div class=\"elementor-widget-wrap elementor-element-populated\">\n\t\t\t\t\t\t<div class=\"elementor-element elementor-element-66d5cc2 elementor-widget elementor-widget-text-editor\" data-id=\"66d5cc2\" data-element_type=\"widget\" data-widget_type=\"text-editor.default\">\n\t\t\t\t<div class=\"elementor-widget-container\">\n\t\t\t\t\t\t\t<p style=\"text-align: center;\"><em><strong><span style=\"color: #000000;\">La inteligencia cultural se convierte en una ventaja estrat\u00e9gica y dif\u00edcil de imitar cuando se integra en la estrategia, el liderazgo y las operaciones.<\/span><\/strong><\/em><\/p>\t\t\t\t\t\t<\/div>\n\t\t\t\t<\/div>\n\t\t\t\t\t<\/div>\n\t\t<\/div>\n\t\t\t\t\t<\/div>\n\t\t<\/section>\n\t\t\t\t<section class=\"elementor-section elementor-top-section elementor-element elementor-element-6a47b98 elementor-section-boxed elementor-section-height-default elementor-section-height-default\" data-id=\"6a47b98\" data-element_type=\"section\">\n\t\t\t\t\t\t<div class=\"elementor-container elementor-column-gap-default\">\n\t\t\t\t\t<div class=\"elementor-column elementor-col-100 elementor-top-column elementor-element elementor-element-cd85f51\" data-id=\"cd85f51\" data-element_type=\"column\">\n\t\t\t<div class=\"elementor-widget-wrap elementor-element-populated\">\n\t\t\t\t\t\t<div class=\"elementor-element elementor-element-b97ce32 elementor-align-center elementor-widget elementor-widget-button\" data-id=\"b97ce32\" data-element_type=\"widget\" data-widget_type=\"button.default\">\n\t\t\t\t<div class=\"elementor-widget-container\">\n\t\t\t\t\t<div class=\"elementor-button-wrapper\">\n\t\t\t<a class=\"elementor-button elementor-button-link elementor-size-sm\" href=\"https:\/\/georginabarquin.com\/es\/test-inteligencia-cultural\/\">\n\t\t\t\t\t\t<span class=\"elementor-button-content-wrapper\">\n\t\t\t\t\t\t\t\t\t<span class=\"elementor-button-text\">REALIZA NUESTRO TEST DE INTELIGENCIA CULTURAL<\/span>\n\t\t\t\t\t<\/span>\n\t\t\t\t\t<\/a>\n\t\t<\/div>\n\t\t\t\t<\/div>\n\t\t\t\t<\/div>\n\t\t\t\t\t<\/div>\n\t\t<\/div>\n\t\t\t\t\t<\/div>\n\t\t<\/section>\n\t\t\t\t<\/div>\n\t\t","protected":false},"excerpt":{"rendered":"<p>\u00bfQU\u00c9 ES LA INTELIGENCIA CULTURAL? La inteligencia cultural (CQ) es la capacidad de una persona o de una organizaci\u00f3n para entender, relacionarse y trabajar de forma eficaz con personas de distintos or\u00edgenes culturales, adaptando su comportamiento y sus decisiones seg\u00fan el contexto. En la empresa, va m\u00e1s all\u00e1 de \u201csaber de pa\u00edses\u201d: se trata de&hellip;&nbsp;<a href=\"https:\/\/georginabarquin.com\/es\/para-que-la-inteligencia-cultural\/\" rel=\"bookmark\"><span class=\"screen-reader-text\">\u00bfQU\u00c9 ES LA INTELIGENCIA CULTURAL?<\/span><\/a><\/p>\n","protected":false},"author":1,"featured_media":0,"parent":0,"menu_order":0,"comment_status":"closed","ping_status":"closed","template":"page-templates\/template-pagebuilder-full-width.php","meta":{"neve_meta_sidebar":"","neve_meta_container":"","neve_meta_enable_content_width":"off","neve_meta_content_width":100,"neve_meta_title_alignment":"","neve_meta_author_avatar":"","neve_post_elements_order":"","neve_meta_disable_header":"","neve_meta_disable_footer":"","neve_meta_disable_title":""},"yst_prominent_words":[],"_links":{"self":[{"href":"https:\/\/georginabarquin.com\/es\/wp-json\/wp\/v2\/pages\/2837"}],"collection":[{"href":"https:\/\/georginabarquin.com\/es\/wp-json\/wp\/v2\/pages"}],"about":[{"href":"https:\/\/georginabarquin.com\/es\/wp-json\/wp\/v2\/types\/page"}],"author":[{"embeddable":true,"href":"https:\/\/georginabarquin.com\/es\/wp-json\/wp\/v2\/users\/1"}],"replies":[{"embeddable":true,"href":"https:\/\/georginabarquin.com\/es\/wp-json\/wp\/v2\/comments?post=2837"}],"version-history":[{"count":23,"href":"https:\/\/georginabarquin.com\/es\/wp-json\/wp\/v2\/pages\/2837\/revisions"}],"predecessor-version":[{"id":3002,"href":"https:\/\/georginabarquin.com\/es\/wp-json\/wp\/v2\/pages\/2837\/revisions\/3002"}],"wp:attachment":[{"href":"https:\/\/georginabarquin.com\/es\/wp-json\/wp\/v2\/media?parent=2837"}],"wp:term":[{"taxonomy":"yst_prominent_words","embeddable":true,"href":"https:\/\/georginabarquin.com\/es\/wp-json\/wp\/v2\/yst_prominent_words?post=2837"}],"curies":[{"name":"wp","href":"https:\/\/api.w.org\/{rel}","templated":true}]}}