{"id":2844,"date":"2026-01-30T19:01:36","date_gmt":"2026-01-30T18:01:36","guid":{"rendered":"https:\/\/georginabarquin.com\/es\/?page_id=2844"},"modified":"2026-04-15T11:54:21","modified_gmt":"2026-04-15T09:54:21","slug":"tests-inteligencia-cultural-y-lideres-globales","status":"publish","type":"page","link":"https:\/\/georginabarquin.com\/es\/tests-inteligencia-cultural-y-lideres-globales\/","title":{"rendered":"TESTS de INTELIGENCIA CULTURAL PARA LIDERES GLOBALES"},"content":{"rendered":"\t\t<div data-elementor-type=\"wp-page\" data-elementor-id=\"2844\" class=\"elementor elementor-2844\">\n\t\t\t\t\t\t<section class=\"elementor-section elementor-top-section elementor-element elementor-element-cc59438 elementor-section-boxed elementor-section-height-default elementor-section-height-default\" data-id=\"cc59438\" data-element_type=\"section\">\n\t\t\t\t\t\t<div class=\"elementor-container elementor-column-gap-default\">\n\t\t\t\t\t<div class=\"elementor-column elementor-col-100 elementor-top-column elementor-element elementor-element-bfa649b\" data-id=\"bfa649b\" data-element_type=\"column\">\n\t\t\t<div class=\"elementor-widget-wrap elementor-element-populated\">\n\t\t\t\t\t\t<div class=\"elementor-element elementor-element-c7f4b73 elementor-widget elementor-widget-spacer\" data-id=\"c7f4b73\" data-element_type=\"widget\" data-widget_type=\"spacer.default\">\n\t\t\t\t<div class=\"elementor-widget-container\">\n\t\t\t\t\t<div class=\"elementor-spacer\">\n\t\t\t<div class=\"elementor-spacer-inner\"><\/div>\n\t\t<\/div>\n\t\t\t\t<\/div>\n\t\t\t\t<\/div>\n\t\t\t\t\t<\/div>\n\t\t<\/div>\n\t\t\t\t\t<\/div>\n\t\t<\/section>\n\t\t\t\t<section class=\"elementor-section elementor-top-section elementor-element elementor-element-e0c7443 elementor-section-boxed elementor-section-height-default elementor-section-height-default\" data-id=\"e0c7443\" data-element_type=\"section\">\n\t\t\t\t\t\t<div class=\"elementor-container elementor-column-gap-default\">\n\t\t\t\t\t<div class=\"elementor-column elementor-col-100 elementor-top-column elementor-element elementor-element-5506d53\" data-id=\"5506d53\" data-element_type=\"column\">\n\t\t\t<div class=\"elementor-widget-wrap elementor-element-populated\">\n\t\t\t\t\t\t<div class=\"elementor-element elementor-element-469ad2f elementor-widget elementor-widget-text-editor\" data-id=\"469ad2f\" data-element_type=\"widget\" data-widget_type=\"text-editor.default\">\n\t\t\t\t<div class=\"elementor-widget-container\">\n\t\t\t\t\t\t\t<p><span style=\"color: #000000;\">Dispones de una bater\u00eda de tests gratuitos para evaluar tus competencias en entornos internacionales ymulticulturales:<\/span><\/p>\t\t\t\t\t\t<\/div>\n\t\t\t\t<\/div>\n\t\t\t\t\t<\/div>\n\t\t<\/div>\n\t\t\t\t\t<\/div>\n\t\t<\/section>\n\t\t\t\t<section class=\"elementor-section elementor-top-section elementor-element elementor-element-44c25b9 elementor-section-boxed elementor-section-height-default elementor-section-height-default\" data-id=\"44c25b9\" data-element_type=\"section\">\n\t\t\t\t\t\t<div class=\"elementor-container elementor-column-gap-default\">\n\t\t\t\t\t<div class=\"elementor-column elementor-col-50 elementor-top-column elementor-element elementor-element-ae8d337\" data-id=\"ae8d337\" data-element_type=\"column\">\n\t\t\t<div class=\"elementor-widget-wrap elementor-element-populated\">\n\t\t\t\t\t\t<div class=\"elementor-element elementor-element-f893df1 elementor-widget elementor-widget-text-editor\" data-id=\"f893df1\" data-element_type=\"widget\" data-widget_type=\"text-editor.default\">\n\t\t\t\t<div class=\"elementor-widget-container\">\n\t\t\t\t\t\t\t<h2><span style=\"color: #000000;\">TEST CAPACIDAD PARA RECONOCER RASGOS CULTURALES<\/span><\/h2><p><span style=\"color: #000000;\">\u00bfSabr\u00edas reconocer los rasgos culturales de una organizaci\u00f3n o de un Interlocutor? El primer paso para adaptarse a la cultura de una empresa o de un interlocutor es saber detectar sus rasgos culturales, sus comportamientos y preferencias a la hora de trabajar con ellos. Si adaptamos nuestro comportamiento al de nuestro entorno la comunicaci\u00f3n fluye de forma efectiva.\u00a0<\/span><\/p><p><span style=\"color: #000000;\">Al finalizar el test ver\u00e1s tu puntuaci\u00f3n y breves comentarios sobre la misma. 10 min<\/span><\/p>\t\t\t\t\t\t<\/div>\n\t\t\t\t<\/div>\n\t\t\t\t\t<\/div>\n\t\t<\/div>\n\t\t\t\t<div class=\"elementor-column elementor-col-50 elementor-top-column elementor-element elementor-element-0d50103\" data-id=\"0d50103\" data-element_type=\"column\">\n\t\t\t<div class=\"elementor-widget-wrap elementor-element-populated\">\n\t\t\t\t\t\t<div class=\"elementor-element elementor-element-6962c02 elementor-widget elementor-widget-image\" data-id=\"6962c02\" data-element_type=\"widget\" data-widget_type=\"image.default\">\n\t\t\t\t<div class=\"elementor-widget-container\">\n\t\t\t\t\t\t\t\t\t\t\t\t\t<img fetchpriority=\"high\" width=\"1024\" height=\"565\" src=\"https:\/\/georginabarquin.com\/es\/wp-content\/uploads\/2026\/04\/DIFERENCIA-CAZADOR-Y-GRANJERO-1024x565.png\" class=\"attachment-large size-large wp-image-3052\" alt=\"Cultura orientada a la tarea vs a las relaciones\" srcset=\"https:\/\/georginabarquin.com\/es\/wp-content\/uploads\/2026\/04\/DIFERENCIA-CAZADOR-Y-GRANJERO-1024x565.png 1024w, https:\/\/georginabarquin.com\/es\/wp-content\/uploads\/2026\/04\/DIFERENCIA-CAZADOR-Y-GRANJERO-300x166.png 300w, https:\/\/georginabarquin.com\/es\/wp-content\/uploads\/2026\/04\/DIFERENCIA-CAZADOR-Y-GRANJERO-768x424.png 768w, https:\/\/georginabarquin.com\/es\/wp-content\/uploads\/2026\/04\/DIFERENCIA-CAZADOR-Y-GRANJERO-1536x847.png 1536w, https:\/\/georginabarquin.com\/es\/wp-content\/uploads\/2026\/04\/DIFERENCIA-CAZADOR-Y-GRANJERO-2048x1130.png 2048w, https:\/\/georginabarquin.com\/es\/wp-content\/uploads\/2026\/04\/DIFERENCIA-CAZADOR-Y-GRANJERO-600x331.png 600w\" sizes=\"(max-width: 1024px) 100vw, 1024px\" \/>\t\t\t\t\t\t\t\t\t\t\t\t\t<\/div>\n\t\t\t\t<\/div>\n\t\t\t\t\t<\/div>\n\t\t<\/div>\n\t\t\t\t\t<\/div>\n\t\t<\/section>\n\t\t\t\t<section class=\"elementor-section elementor-top-section elementor-element elementor-element-0e6d405 elementor-section-boxed elementor-section-height-default elementor-section-height-default\" data-id=\"0e6d405\" data-element_type=\"section\">\n\t\t\t\t\t\t<div class=\"elementor-container elementor-column-gap-default\">\n\t\t\t\t\t<div class=\"elementor-column elementor-col-100 elementor-top-column elementor-element elementor-element-3574d18\" data-id=\"3574d18\" data-element_type=\"column\">\n\t\t\t<div class=\"elementor-widget-wrap elementor-element-populated\">\n\t\t\t\t\t\t<div class=\"elementor-element elementor-element-2631a21 elementor-widget elementor-widget-button\" data-id=\"2631a21\" data-element_type=\"widget\" data-widget_type=\"button.default\">\n\t\t\t\t<div class=\"elementor-widget-container\">\n\t\t\t\t\t<div class=\"elementor-button-wrapper\">\n\t\t\t<a class=\"elementor-button elementor-button-link elementor-size-sm\" href=\"https:\/\/forms.gle\/KcZXPjw1SjxZeRh86\">\n\t\t\t\t\t\t<span class=\"elementor-button-content-wrapper\">\n\t\t\t\t\t\t\t\t\t<span class=\"elementor-button-text\">REALIZAR TEST  RECONOCER RASGOS CULTURALES<\/span>\n\t\t\t\t\t<\/span>\n\t\t\t\t\t<\/a>\n\t\t<\/div>\n\t\t\t\t<\/div>\n\t\t\t\t<\/div>\n\t\t\t\t\t<\/div>\n\t\t<\/div>\n\t\t\t\t\t<\/div>\n\t\t<\/section>\n\t\t\t\t<section class=\"elementor-section elementor-top-section elementor-element elementor-element-bae6ca1 elementor-section-boxed elementor-section-height-default elementor-section-height-default\" data-id=\"bae6ca1\" data-element_type=\"section\">\n\t\t\t\t\t\t<div class=\"elementor-container elementor-column-gap-default\">\n\t\t\t\t\t<div class=\"elementor-column elementor-col-100 elementor-top-column elementor-element elementor-element-55add1d\" data-id=\"55add1d\" data-element_type=\"column\">\n\t\t\t<div class=\"elementor-widget-wrap elementor-element-populated\">\n\t\t\t\t\t\t<div class=\"elementor-element elementor-element-2c5f458 elementor-widget elementor-widget-spacer\" data-id=\"2c5f458\" data-element_type=\"widget\" data-widget_type=\"spacer.default\">\n\t\t\t\t<div class=\"elementor-widget-container\">\n\t\t\t\t\t<div class=\"elementor-spacer\">\n\t\t\t<div class=\"elementor-spacer-inner\"><\/div>\n\t\t<\/div>\n\t\t\t\t<\/div>\n\t\t\t\t<\/div>\n\t\t\t\t\t<\/div>\n\t\t<\/div>\n\t\t\t\t\t<\/div>\n\t\t<\/section>\n\t\t\t\t<section class=\"elementor-section elementor-top-section elementor-element elementor-element-aa8a5b0 elementor-section-boxed elementor-section-height-default elementor-section-height-default\" data-id=\"aa8a5b0\" data-element_type=\"section\">\n\t\t\t\t\t\t<div class=\"elementor-container elementor-column-gap-default\">\n\t\t\t\t\t<div class=\"elementor-column elementor-col-50 elementor-top-column elementor-element elementor-element-4f53e02\" data-id=\"4f53e02\" data-element_type=\"column\">\n\t\t\t<div class=\"elementor-widget-wrap elementor-element-populated\">\n\t\t\t\t\t\t<div class=\"elementor-element elementor-element-448b8d4 elementor-widget elementor-widget-text-editor\" data-id=\"448b8d4\" data-element_type=\"widget\" data-widget_type=\"text-editor.default\">\n\t\t\t\t<div class=\"elementor-widget-container\">\n\t\t\t\t\t\t\t<h2><span style=\"color: #000000;\">TEST DE LIDERAZGO en CONTEXTOS GLOBALES<\/span><\/h2><p><span style=\"color: #000000;\">Explora c\u00f3mo interpretas y gestionas situaciones reales de liderazgo en entornos culturales diversos. A partir de casos concretos, eval\u00faa tu criterio para comprender comportamientos y tomar decisiones efectivas.<\/span><\/p><p><span style=\"color: #000000;\">\u00a020 preguntas.<\/span><span style=\"color: #000000;\">\u00a015 min.<\/span><\/p><p><span style=\"color: #000000;\">Al finalizar el test ver\u00e1s tu puntuaci\u00f3n y algunas observaciones\/recomendaciones.<\/span><\/p>\t\t\t\t\t\t<\/div>\n\t\t\t\t<\/div>\n\t\t\t\t\t<\/div>\n\t\t<\/div>\n\t\t\t\t<div class=\"elementor-column elementor-col-50 elementor-top-column elementor-element elementor-element-ad2ad77\" data-id=\"ad2ad77\" data-element_type=\"column\">\n\t\t\t<div class=\"elementor-widget-wrap elementor-element-populated\">\n\t\t\t\t\t\t<div class=\"elementor-element elementor-element-191ba30 elementor-widget elementor-widget-image\" data-id=\"191ba30\" data-element_type=\"widget\" data-widget_type=\"image.default\">\n\t\t\t\t<div class=\"elementor-widget-container\">\n\t\t\t\t\t\t\t\t\t\t\t\t\t<img width=\"1024\" height=\"576\" src=\"https:\/\/georginabarquin.com\/es\/wp-content\/uploads\/2026\/04\/Liderazgo-global-1-1024x576.jpg\" class=\"attachment-large size-large wp-image-3027\" alt=\"Liderazgo multicultural\" srcset=\"https:\/\/georginabarquin.com\/es\/wp-content\/uploads\/2026\/04\/Liderazgo-global-1-1024x576.jpg 1024w, https:\/\/georginabarquin.com\/es\/wp-content\/uploads\/2026\/04\/Liderazgo-global-1-300x169.jpg 300w, https:\/\/georginabarquin.com\/es\/wp-content\/uploads\/2026\/04\/Liderazgo-global-1-768x432.jpg 768w, https:\/\/georginabarquin.com\/es\/wp-content\/uploads\/2026\/04\/Liderazgo-global-1-1536x864.jpg 1536w, https:\/\/georginabarquin.com\/es\/wp-content\/uploads\/2026\/04\/Liderazgo-global-1-600x338.jpg 600w, https:\/\/georginabarquin.com\/es\/wp-content\/uploads\/2026\/04\/Liderazgo-global-1.jpg 1920w\" sizes=\"(max-width: 1024px) 100vw, 1024px\" \/>\t\t\t\t\t\t\t\t\t\t\t\t\t<\/div>\n\t\t\t\t<\/div>\n\t\t\t\t\t<\/div>\n\t\t<\/div>\n\t\t\t\t\t<\/div>\n\t\t<\/section>\n\t\t\t\t<section class=\"elementor-section elementor-top-section elementor-element elementor-element-b44a279 elementor-section-boxed elementor-section-height-default elementor-section-height-default\" data-id=\"b44a279\" data-element_type=\"section\">\n\t\t\t\t\t\t<div class=\"elementor-container elementor-column-gap-default\">\n\t\t\t\t\t<div class=\"elementor-column elementor-col-100 elementor-top-column elementor-element elementor-element-3bed2e1\" data-id=\"3bed2e1\" data-element_type=\"column\">\n\t\t\t<div class=\"elementor-widget-wrap elementor-element-populated\">\n\t\t\t\t\t\t<div class=\"elementor-element elementor-element-8f806ea elementor-widget elementor-widget-button\" data-id=\"8f806ea\" data-element_type=\"widget\" data-widget_type=\"button.default\">\n\t\t\t\t<div class=\"elementor-widget-container\">\n\t\t\t\t\t<div class=\"elementor-button-wrapper\">\n\t\t\t<a class=\"elementor-button elementor-button-link elementor-size-sm\" href=\"https:\/\/forms.gle\/E2CqYeeaVzr5xGuP6\">\n\t\t\t\t\t\t<span class=\"elementor-button-content-wrapper\">\n\t\t\t\t\t\t\t\t\t<span class=\"elementor-button-text\">REALIZAR TEST LIDERAZGO GLOBAL<\/span>\n\t\t\t\t\t<\/span>\n\t\t\t\t\t<\/a>\n\t\t<\/div>\n\t\t\t\t<\/div>\n\t\t\t\t<\/div>\n\t\t\t\t\t<\/div>\n\t\t<\/div>\n\t\t\t\t\t<\/div>\n\t\t<\/section>\n\t\t\t\t<section class=\"elementor-section elementor-top-section elementor-element elementor-element-8a6d4ef elementor-section-boxed elementor-section-height-default elementor-section-height-default\" data-id=\"8a6d4ef\" data-element_type=\"section\">\n\t\t\t\t\t\t<div class=\"elementor-container elementor-column-gap-default\">\n\t\t\t\t\t<div class=\"elementor-column elementor-col-100 elementor-top-column elementor-element elementor-element-37e12e8\" data-id=\"37e12e8\" data-element_type=\"column\">\n\t\t\t<div class=\"elementor-widget-wrap elementor-element-populated\">\n\t\t\t\t\t\t<div class=\"elementor-element elementor-element-c6a0085 elementor-widget elementor-widget-spacer\" data-id=\"c6a0085\" data-element_type=\"widget\" data-widget_type=\"spacer.default\">\n\t\t\t\t<div class=\"elementor-widget-container\">\n\t\t\t\t\t<div class=\"elementor-spacer\">\n\t\t\t<div class=\"elementor-spacer-inner\"><\/div>\n\t\t<\/div>\n\t\t\t\t<\/div>\n\t\t\t\t<\/div>\n\t\t\t\t\t<\/div>\n\t\t<\/div>\n\t\t\t\t\t<\/div>\n\t\t<\/section>\n\t\t\t\t<section class=\"elementor-section elementor-top-section elementor-element elementor-element-74459c6 elementor-section-boxed elementor-section-height-default elementor-section-height-default\" data-id=\"74459c6\" data-element_type=\"section\">\n\t\t\t\t\t\t<div class=\"elementor-container elementor-column-gap-default\">\n\t\t\t\t\t<div class=\"elementor-column elementor-col-50 elementor-top-column elementor-element elementor-element-ddf9b1c\" data-id=\"ddf9b1c\" data-element_type=\"column\">\n\t\t\t<div class=\"elementor-widget-wrap elementor-element-populated\">\n\t\t\t\t\t\t<div class=\"elementor-element elementor-element-0cf203f elementor-widget elementor-widget-text-editor\" data-id=\"0cf203f\" data-element_type=\"widget\" data-widget_type=\"text-editor.default\">\n\t\t\t\t<div class=\"elementor-widget-container\">\n\t\t\t\t\t\t\t<h2><span style=\"color: #000000;\">TEST DE INTELIGENCIA CULTURAL<\/span><\/h2><p><span style=\"color: #000000;\">Eval\u00faa tu capacidad para adaptarte a contextos culturales diversos. Analiza aspectos como tu motivaci\u00f3n, estrategia y forma de actuar ante situaciones interculturales a trav\u00e9s de escenarios pr\u00e1cticos.<\/span><\/p><p><span style=\"color: #000000;\">20 preguntas. 15 min<\/span><\/p><p><span style=\"color: #000000;\">\u00a0<\/span>Al finalizar el test ver\u00e1s tu puntuaci\u00f3n y algunas observaciones\/recomendaciones.<\/p>\t\t\t\t\t\t<\/div>\n\t\t\t\t<\/div>\n\t\t\t\t\t<\/div>\n\t\t<\/div>\n\t\t\t\t<div class=\"elementor-column elementor-col-50 elementor-top-column elementor-element elementor-element-d60ca4b\" data-id=\"d60ca4b\" data-element_type=\"column\">\n\t\t\t<div class=\"elementor-widget-wrap elementor-element-populated\">\n\t\t\t\t\t\t<div class=\"elementor-element elementor-element-88cedff elementor-widget elementor-widget-image\" data-id=\"88cedff\" data-element_type=\"widget\" data-widget_type=\"image.default\">\n\t\t\t\t<div class=\"elementor-widget-container\">\n\t\t\t\t\t\t\t\t\t\t\t\t\t<img width=\"1024\" height=\"559\" src=\"https:\/\/georginabarquin.com\/es\/wp-content\/uploads\/2026\/01\/Inteligencia-cultural-4-aspectos-1024x559.png\" class=\"attachment-large size-large wp-image-2878\" alt=\"Inteligencia cultural test\" srcset=\"https:\/\/georginabarquin.com\/es\/wp-content\/uploads\/2026\/01\/Inteligencia-cultural-4-aspectos-1024x559.png 1024w, https:\/\/georginabarquin.com\/es\/wp-content\/uploads\/2026\/01\/Inteligencia-cultural-4-aspectos-300x164.png 300w, https:\/\/georginabarquin.com\/es\/wp-content\/uploads\/2026\/01\/Inteligencia-cultural-4-aspectos-768x419.png 768w, https:\/\/georginabarquin.com\/es\/wp-content\/uploads\/2026\/01\/Inteligencia-cultural-4-aspectos-1536x838.png 1536w, https:\/\/georginabarquin.com\/es\/wp-content\/uploads\/2026\/01\/Inteligencia-cultural-4-aspectos-2048x1117.png 2048w, https:\/\/georginabarquin.com\/es\/wp-content\/uploads\/2026\/01\/Inteligencia-cultural-4-aspectos-600x327.png 600w\" sizes=\"(max-width: 1024px) 100vw, 1024px\" \/>\t\t\t\t\t\t\t\t\t\t\t\t\t<\/div>\n\t\t\t\t<\/div>\n\t\t\t\t\t<\/div>\n\t\t<\/div>\n\t\t\t\t\t<\/div>\n\t\t<\/section>\n\t\t\t\t<section class=\"elementor-section elementor-top-section elementor-element elementor-element-e67c59d elementor-section-boxed elementor-section-height-default elementor-section-height-default\" data-id=\"e67c59d\" data-element_type=\"section\">\n\t\t\t\t\t\t<div class=\"elementor-container elementor-column-gap-default\">\n\t\t\t\t\t<div class=\"elementor-column elementor-col-100 elementor-top-column elementor-element elementor-element-937a598\" data-id=\"937a598\" data-element_type=\"column\">\n\t\t\t<div class=\"elementor-widget-wrap elementor-element-populated\">\n\t\t\t\t\t\t<div class=\"elementor-element elementor-element-3caae41 elementor-align-left elementor-widget elementor-widget-button\" data-id=\"3caae41\" data-element_type=\"widget\" data-widget_type=\"button.default\">\n\t\t\t\t<div class=\"elementor-widget-container\">\n\t\t\t\t\t<div class=\"elementor-button-wrapper\">\n\t\t\t<a class=\"elementor-button elementor-button-link elementor-size-sm\" href=\"https:\/\/forms.gle\/uUy8ZeoMCMj3MZXB9\">\n\t\t\t\t\t\t<span class=\"elementor-button-content-wrapper\">\n\t\t\t\t\t\t\t\t\t<span class=\"elementor-button-text\">REALIZAR TEST INTELIGENCIA CULTURAL<\/span>\n\t\t\t\t\t<\/span>\n\t\t\t\t\t<\/a>\n\t\t<\/div>\n\t\t\t\t<\/div>\n\t\t\t\t<\/div>\n\t\t\t\t\t<\/div>\n\t\t<\/div>\n\t\t\t\t\t<\/div>\n\t\t<\/section>\n\t\t\t\t<section class=\"elementor-section elementor-top-section elementor-element elementor-element-597dc47 elementor-section-boxed elementor-section-height-default elementor-section-height-default\" data-id=\"597dc47\" data-element_type=\"section\">\n\t\t\t\t\t\t<div class=\"elementor-container elementor-column-gap-default\">\n\t\t\t\t\t<div class=\"elementor-column elementor-col-100 elementor-top-column elementor-element elementor-element-37a54ec\" data-id=\"37a54ec\" data-element_type=\"column\">\n\t\t\t<div class=\"elementor-widget-wrap elementor-element-populated\">\n\t\t\t\t\t\t<div class=\"elementor-element elementor-element-c1fb305 elementor-widget elementor-widget-spacer\" data-id=\"c1fb305\" data-element_type=\"widget\" data-widget_type=\"spacer.default\">\n\t\t\t\t<div class=\"elementor-widget-container\">\n\t\t\t\t\t<div class=\"elementor-spacer\">\n\t\t\t<div class=\"elementor-spacer-inner\"><\/div>\n\t\t<\/div>\n\t\t\t\t<\/div>\n\t\t\t\t<\/div>\n\t\t\t\t\t<\/div>\n\t\t<\/div>\n\t\t\t\t\t<\/div>\n\t\t<\/section>\n\t\t\t\t<section class=\"elementor-section elementor-top-section elementor-element elementor-element-1033e7a elementor-section-boxed elementor-section-height-default elementor-section-height-default\" data-id=\"1033e7a\" data-element_type=\"section\">\n\t\t\t\t\t\t<div class=\"elementor-container elementor-column-gap-default\">\n\t\t\t\t\t<div class=\"elementor-column elementor-col-50 elementor-top-column elementor-element elementor-element-9294c97\" data-id=\"9294c97\" data-element_type=\"column\">\n\t\t\t<div class=\"elementor-widget-wrap elementor-element-populated\">\n\t\t\t\t\t\t<div class=\"elementor-element elementor-element-675d720 elementor-widget elementor-widget-text-editor\" data-id=\"675d720\" data-element_type=\"widget\" data-widget_type=\"text-editor.default\">\n\t\t\t\t<div class=\"elementor-widget-container\">\n\t\t\t\t\t\t\t<h2 style=\"font-size: 40px; font-weight: bold; font-family: Sarala, sans-serif; color: #000000; line-height: 1.1; letter-spacing: normal; text-transform: none;\">TEST DE INTELIGENCIA ADAPTATIVA<\/h2><p style=\"color: #000000; font-family: Sarala, sans-serif;\">Eval\u00faa tu nivel de adaptabilidad en entornos internacionales en 4 par\u00e1metros: Anal\u00edtica, Creativa, Pr\u00e1ctica y Cr\u00edtica<\/p><p style=\"color: #000000; font-family: Sarala, sans-serif;\">16 preguntas. 15 min<\/p><p style=\"color: #000000; font-family: Sarala, sans-serif;\">\u00a0Al finalizar el test ver\u00e1s tu puntuaci\u00f3n y algunas observaciones\/recomendaciones.<\/p>\t\t\t\t\t\t<\/div>\n\t\t\t\t<\/div>\n\t\t\t\t\t<\/div>\n\t\t<\/div>\n\t\t\t\t<div class=\"elementor-column elementor-col-50 elementor-top-column elementor-element elementor-element-9439c2f\" data-id=\"9439c2f\" data-element_type=\"column\">\n\t\t\t<div class=\"elementor-widget-wrap elementor-element-populated\">\n\t\t\t\t\t\t<div class=\"elementor-element elementor-element-04957e0 elementor-widget elementor-widget-image\" data-id=\"04957e0\" data-element_type=\"widget\" data-widget_type=\"image.default\">\n\t\t\t\t<div class=\"elementor-widget-container\">\n\t\t\t\t\t\t\t\t\t\t\t\t\t<img loading=\"lazy\" width=\"1024\" height=\"558\" src=\"https:\/\/georginabarquin.com\/es\/wp-content\/uploads\/2026\/04\/TEST-INTELIGENCIA-ADAPTATIVA-1024x558.jpg\" class=\"attachment-large size-large wp-image-3047\" alt=\"Inteligencia adaptativa en entornos internacionales\" srcset=\"https:\/\/georginabarquin.com\/es\/wp-content\/uploads\/2026\/04\/TEST-INTELIGENCIA-ADAPTATIVA-1024x558.jpg 1024w, https:\/\/georginabarquin.com\/es\/wp-content\/uploads\/2026\/04\/TEST-INTELIGENCIA-ADAPTATIVA-300x163.jpg 300w, https:\/\/georginabarquin.com\/es\/wp-content\/uploads\/2026\/04\/TEST-INTELIGENCIA-ADAPTATIVA-768x418.jpg 768w, https:\/\/georginabarquin.com\/es\/wp-content\/uploads\/2026\/04\/TEST-INTELIGENCIA-ADAPTATIVA-1536x836.jpg 1536w, https:\/\/georginabarquin.com\/es\/wp-content\/uploads\/2026\/04\/TEST-INTELIGENCIA-ADAPTATIVA-600x327.jpg 600w, https:\/\/georginabarquin.com\/es\/wp-content\/uploads\/2026\/04\/TEST-INTELIGENCIA-ADAPTATIVA.jpg 1583w\" sizes=\"(max-width: 1024px) 100vw, 1024px\" \/>\t\t\t\t\t\t\t\t\t\t\t\t\t<\/div>\n\t\t\t\t<\/div>\n\t\t\t\t\t<\/div>\n\t\t<\/div>\n\t\t\t\t\t<\/div>\n\t\t<\/section>\n\t\t\t\t<section class=\"elementor-section elementor-top-section elementor-element elementor-element-3822215 elementor-section-boxed elementor-section-height-default elementor-section-height-default\" data-id=\"3822215\" data-element_type=\"section\">\n\t\t\t\t\t\t<div class=\"elementor-container elementor-column-gap-default\">\n\t\t\t\t\t<div class=\"elementor-column elementor-col-100 elementor-top-column elementor-element elementor-element-1042cd2\" data-id=\"1042cd2\" data-element_type=\"column\">\n\t\t\t<div class=\"elementor-widget-wrap elementor-element-populated\">\n\t\t\t\t\t\t<div class=\"elementor-element elementor-element-e625c05 elementor-widget elementor-widget-button\" data-id=\"e625c05\" data-element_type=\"widget\" data-widget_type=\"button.default\">\n\t\t\t\t<div class=\"elementor-widget-container\">\n\t\t\t\t\t<div class=\"elementor-button-wrapper\">\n\t\t\t<a class=\"elementor-button elementor-button-link elementor-size-sm\" href=\"https:\/\/forms.gle\/UvgwGe8GJsrc447G7\">\n\t\t\t\t\t\t<span class=\"elementor-button-content-wrapper\">\n\t\t\t\t\t\t\t\t\t<span class=\"elementor-button-text\">REALIZAR TEST INTELIGENCIA ADAPTATIVA <\/span>\n\t\t\t\t\t<\/span>\n\t\t\t\t\t<\/a>\n\t\t<\/div>\n\t\t\t\t<\/div>\n\t\t\t\t<\/div>\n\t\t\t\t\t<\/div>\n\t\t<\/div>\n\t\t\t\t\t<\/div>\n\t\t<\/section>\n\t\t\t\t<\/div>\n\t\t","protected":false},"excerpt":{"rendered":"<p>Dispones de una bater\u00eda de tests gratuitos para evaluar tus competencias en entornos internacionales ymulticulturales: TEST CAPACIDAD PARA RECONOCER RASGOS CULTURALES \u00bfSabr\u00edas reconocer los rasgos culturales de una organizaci\u00f3n o de un Interlocutor? El primer paso para adaptarse a la cultura de una empresa o de un interlocutor es saber detectar sus rasgos culturales, sus&hellip;&nbsp;<a href=\"https:\/\/georginabarquin.com\/es\/tests-inteligencia-cultural-y-lideres-globales\/\" rel=\"bookmark\"><span class=\"screen-reader-text\">TESTS de INTELIGENCIA CULTURAL PARA LIDERES GLOBALES<\/span><\/a><\/p>\n","protected":false},"author":1,"featured_media":2973,"parent":0,"menu_order":0,"comment_status":"closed","ping_status":"closed","template":"page-templates\/template-pagebuilder-full-width.php","meta":{"neve_meta_sidebar":"","neve_meta_container":"","neve_meta_enable_content_width":"off","neve_meta_content_width":100,"neve_meta_title_alignment":"","neve_meta_author_avatar":"","neve_post_elements_order":"","neve_meta_disable_header":"","neve_meta_disable_footer":"","neve_meta_disable_title":""},"yst_prominent_words":[],"_links":{"self":[{"href":"https:\/\/georginabarquin.com\/es\/wp-json\/wp\/v2\/pages\/2844"}],"collection":[{"href":"https:\/\/georginabarquin.com\/es\/wp-json\/wp\/v2\/pages"}],"about":[{"href":"https:\/\/georginabarquin.com\/es\/wp-json\/wp\/v2\/types\/page"}],"author":[{"embeddable":true,"href":"https:\/\/georginabarquin.com\/es\/wp-json\/wp\/v2\/users\/1"}],"replies":[{"embeddable":true,"href":"https:\/\/georginabarquin.com\/es\/wp-json\/wp\/v2\/comments?post=2844"}],"version-history":[{"count":118,"href":"https:\/\/georginabarquin.com\/es\/wp-json\/wp\/v2\/pages\/2844\/revisions"}],"predecessor-version":[{"id":3078,"href":"https:\/\/georginabarquin.com\/es\/wp-json\/wp\/v2\/pages\/2844\/revisions\/3078"}],"wp:featuredmedia":[{"embeddable":true,"href":"https:\/\/georginabarquin.com\/es\/wp-json\/wp\/v2\/media\/2973"}],"wp:attachment":[{"href":"https:\/\/georginabarquin.com\/es\/wp-json\/wp\/v2\/media?parent=2844"}],"wp:term":[{"taxonomy":"yst_prominent_words","embeddable":true,"href":"https:\/\/georginabarquin.com\/es\/wp-json\/wp\/v2\/yst_prominent_words?post=2844"}],"curies":[{"name":"wp","href":"https:\/\/api.w.org\/{rel}","templated":true}]}}