{"id":706,"date":"2019-09-27T13:39:26","date_gmt":"2019-09-27T11:39:26","guid":{"rendered":"https:\/\/georginabarquin.com\/?page_id=706"},"modified":"2020-04-06T17:23:10","modified_gmt":"2020-04-06T15:23:10","slug":"aviso-legal","status":"publish","type":"page","link":"https:\/\/georginabarquin.com\/es\/aviso-legal\/","title":{"rendered":"AVISO LEGAL"},"content":{"rendered":"\t\t<div data-elementor-type=\"wp-page\" data-elementor-id=\"706\" class=\"elementor elementor-706\">\n\t\t\t\t\t\t<section class=\"elementor-section elementor-top-section elementor-element elementor-element-e36d21a elementor-section-boxed elementor-section-height-default elementor-section-height-default\" data-id=\"e36d21a\" data-element_type=\"section\">\n\t\t\t\t\t\t<div class=\"elementor-container elementor-column-gap-default\">\n\t\t\t\t\t<div class=\"elementor-column elementor-col-33 elementor-top-column elementor-element elementor-element-5c9a7ef animated-slow elementor-invisible\" data-id=\"5c9a7ef\" data-element_type=\"column\" data-settings=\"{&quot;animation&quot;:&quot;zoomIn&quot;}\">\n\t\t\t<div class=\"elementor-widget-wrap elementor-element-populated\">\n\t\t\t\t\t\t<div class=\"elementor-element elementor-element-b03c401 animated-slow elementor-invisible elementor-widget elementor-widget-text-editor\" data-id=\"b03c401\" data-element_type=\"widget\" data-settings=\"{&quot;_animation&quot;:&quot;slideInLeft&quot;,&quot;_animation_delay&quot;:100}\" data-widget_type=\"text-editor.default\">\n\t\t\t\t<div class=\"elementor-widget-container\">\n\t\t\t\t\t\t\t<p>|<\/p>\t\t\t\t\t\t<\/div>\n\t\t\t\t<\/div>\n\t\t\t\t\t<\/div>\n\t\t<\/div>\n\t\t\t\t<div class=\"elementor-column elementor-col-33 elementor-top-column elementor-element elementor-element-65352f1\" data-id=\"65352f1\" data-element_type=\"column\">\n\t\t\t<div class=\"elementor-widget-wrap elementor-element-populated\">\n\t\t\t\t\t\t<div class=\"elementor-element elementor-element-5377230 animated-slow elementor-invisible elementor-widget elementor-widget-heading\" data-id=\"5377230\" data-element_type=\"widget\" data-settings=\"{&quot;_animation&quot;:&quot;zoomIn&quot;,&quot;_animation_delay&quot;:200}\" data-widget_type=\"heading.default\">\n\t\t\t\t<div class=\"elementor-widget-container\">\n\t\t\t<h1 class=\"elementor-heading-title elementor-size-default\">AVISO LEGAL<\/h1>\t\t<\/div>\n\t\t\t\t<\/div>\n\t\t\t\t\t<\/div>\n\t\t<\/div>\n\t\t\t\t<div class=\"elementor-column elementor-col-33 elementor-top-column elementor-element elementor-element-5b49f8d animated-fast elementor-invisible\" data-id=\"5b49f8d\" data-element_type=\"column\" data-settings=\"{&quot;animation&quot;:&quot;zoomIn&quot;,&quot;animation_delay&quot;:300}\">\n\t\t\t<div class=\"elementor-widget-wrap elementor-element-populated\">\n\t\t\t\t\t\t\t<\/div>\n\t\t<\/div>\n\t\t\t\t\t<\/div>\n\t\t<\/section>\n\t\t\t\t<section class=\"elementor-section elementor-top-section elementor-element elementor-element-c1a2862 elementor-section-boxed elementor-section-height-default elementor-section-height-default\" data-id=\"c1a2862\" data-element_type=\"section\">\n\t\t\t\t\t\t<div class=\"elementor-container elementor-column-gap-default\">\n\t\t\t\t\t<div class=\"elementor-column elementor-col-100 elementor-top-column elementor-element elementor-element-f290155\" data-id=\"f290155\" data-element_type=\"column\">\n\t\t\t<div class=\"elementor-widget-wrap elementor-element-populated\">\n\t\t\t\t\t\t<div class=\"elementor-element elementor-element-071509e elementor-widget elementor-widget-text-editor\" data-id=\"071509e\" data-element_type=\"widget\" data-widget_type=\"text-editor.default\">\n\t\t\t\t<div class=\"elementor-widget-container\">\n\t\t\t\t\t\t\t<p>Smartlife, S.L.U, con CIF\/NIF n\u00ba: B86048048 y direcci\u00f3n en: 28750 &#8211; San Agust\u00edn De Guadalix (Madrid), no<br \/>puede asumir ninguna responsabilidad derivada del uso incorrecto, inapropiado o il\u00edcito de la informaci\u00f3n aparecida en<br \/>las p\u00e1ginas web de: www.georginabarquin.com<\/p><p>Que Smartlife, S.L.U consta inscrita en el Registro Mercantil de\u00a0 Madrid,<br \/>Tomo 28224 , Folio 101, Secci\u00f3n 8\u00aa, Hoja 508373, inscripci\u00f3n ___\u00aa.<\/p><p>Con los l\u00edmites establecidos en la ley, Smartlife, S.L.U no asume ninguna responsabilidad derivada de la falta de<br \/>veracidad, integridad, actualizaci\u00f3n y precisi\u00f3n de los datos o informaciones que contienen sus p\u00e1ginas web.<\/p><p>Los contenidos e informaci\u00f3n no vinculan a Smartlife, S.L.U ni constituyen opiniones, consejos o asesoramiento legal<br \/>de ning\u00fan tipo pues se trata meramente de un servicio ofrecido con car\u00e1cter informativo y divulgativo.<\/p><p>Las p\u00e1ginas de Internet de Smartlife, S.L.U pueden contener enlaces (links) a otras p\u00e1ginas de terceras partes que<br \/>Smartlife, S.L.U no puede controlar. Por lo tanto, Smartlife, S.L.U no puede asumir responsabilidades por el contenido<br \/>que pueda aparecer en p\u00e1ginas de terceros.<\/p><p>Los textos, im\u00e1genes, sonidos, animaciones, software y el resto de contenidos incluidos en este website son propiedad<br \/>exclusiva de Smartlife, S.L.U o sus licenciantes. Cualquier acto de transmisi\u00f3n, distribuci\u00f3n, cesi\u00f3n, reproducci\u00f3n,<br \/>almacenamiento o comunicaci\u00f3n p\u00fablica total o parcial, deber\u00e1 contar con el consentimiento expreso de Smartlife,<br \/>S.L.U.<\/p><p>Asimismo, para acceder a algunos de los servicios que Smartlife, S.L.U ofrece a trav\u00e9s del sitio web, deber\u00e1<br \/>proporcionar algunos datos de car\u00e1cter personal. En cumplimiento de lo establecido en el Reglamento (UE) 2016\/679<br \/>del Parlamento Europeo y del Consejo, de 27 de abril de 2016, relativo a la protecci\u00f3n de las personas f\u00edsicas en lo que<br \/>respecta al tratamiento de datos personales y a la libre circulaci\u00f3n de estos datos le informamos que, mediante la<br \/>cumplimentaci\u00f3n de los presentes formularios, sus datos personales quedar\u00e1n incorporados y ser\u00e1n tratados en los<br \/>ficheros de Smartlife, S.L.U con el fin de poderle prestar y ofrecer nuestros servicios as\u00ed como para informarle de las<br \/>mejoras del sitio Web.<\/p><p>Le informamos tambi\u00e9n de que tendr\u00e1 la posibilidad en todo momento de ejercer los derechos de acceso, rectificaci\u00f3n,<br \/>cancelaci\u00f3n, oposici\u00f3n, limitaci\u00f3n y portabilidad de sus datos de car\u00e1cter personal, de manera gratuita mediante email<br \/>a: georgina@smartlife.es o en la direcci\u00f3n: 28750 &#8211; San Agust\u00edn De Guadalix (Madrid)<\/p><p>\u00a0<\/p>\t\t\t\t\t\t<\/div>\n\t\t\t\t<\/div>\n\t\t\t\t\t<\/div>\n\t\t<\/div>\n\t\t\t\t\t<\/div>\n\t\t<\/section>\n\t\t\t\t<\/div>\n\t\t","protected":false},"excerpt":{"rendered":"<p>| Smartlife, S.L.U, con CIF\/NIF n\u00ba: B86048048 y direcci\u00f3n en: 28750 &#8211; San Agust\u00edn De Guadalix (Madrid), no puede asumir ninguna responsabilidad derivada del uso incorrecto, inapropiado o il\u00edcito de la informaci\u00f3n aparecida en las p\u00e1ginas web de: www.georginabarquin.com Que Smartlife, S.L.U consta inscrita en el Registro Mercantil de\u00a0 Madrid, Tomo 28224 , Folio 101,&hellip;&nbsp;<a href=\"https:\/\/georginabarquin.com\/es\/aviso-legal\/\" rel=\"bookmark\"><span class=\"screen-reader-text\">AVISO LEGAL<\/span><\/a><\/p>\n","protected":false},"author":1,"featured_media":0,"parent":0,"menu_order":0,"comment_status":"closed","ping_status":"closed","template":"","meta":{"neve_meta_sidebar":"","neve_meta_container":"","neve_meta_enable_content_width":"","neve_meta_content_width":0,"neve_meta_title_alignment":"","neve_meta_author_avatar":"","neve_post_elements_order":"","neve_meta_disable_header":"","neve_meta_disable_footer":"","neve_meta_disable_title":""},"yst_prominent_words":[141,135,142,131,143,137,147,139,133,129,144,138,140,134,130,146,136,132,145,128],"_links":{"self":[{"href":"https:\/\/georginabarquin.com\/es\/wp-json\/wp\/v2\/pages\/706"}],"collection":[{"href":"https:\/\/georginabarquin.com\/es\/wp-json\/wp\/v2\/pages"}],"about":[{"href":"https:\/\/georginabarquin.com\/es\/wp-json\/wp\/v2\/types\/page"}],"author":[{"embeddable":true,"href":"https:\/\/georginabarquin.com\/es\/wp-json\/wp\/v2\/users\/1"}],"replies":[{"embeddable":true,"href":"https:\/\/georginabarquin.com\/es\/wp-json\/wp\/v2\/comments?post=706"}],"version-history":[{"count":5,"href":"https:\/\/georginabarquin.com\/es\/wp-json\/wp\/v2\/pages\/706\/revisions"}],"predecessor-version":[{"id":885,"href":"https:\/\/georginabarquin.com\/es\/wp-json\/wp\/v2\/pages\/706\/revisions\/885"}],"wp:attachment":[{"href":"https:\/\/georginabarquin.com\/es\/wp-json\/wp\/v2\/media?parent=706"}],"wp:term":[{"taxonomy":"yst_prominent_words","embeddable":true,"href":"https:\/\/georginabarquin.com\/es\/wp-json\/wp\/v2\/yst_prominent_words?post=706"}],"curies":[{"name":"wp","href":"https:\/\/api.w.org\/{rel}","templated":true}]}}