{"id":711,"date":"2019-09-27T13:45:34","date_gmt":"2019-09-27T11:45:34","guid":{"rendered":"https:\/\/georginabarquin.com\/?page_id=711"},"modified":"2020-08-21T14:44:23","modified_gmt":"2020-08-21T12:44:23","slug":"politica-de-cookies","status":"publish","type":"page","link":"https:\/\/georginabarquin.com\/es\/politica-de-cookies\/","title":{"rendered":"POL\u00cdTICA DE COOKIES"},"content":{"rendered":"\t\t<div data-elementor-type=\"wp-page\" data-elementor-id=\"711\" class=\"elementor elementor-711\">\n\t\t\t\t\t\t<section class=\"elementor-section elementor-top-section elementor-element elementor-element-1572f3e elementor-section-boxed elementor-section-height-default elementor-section-height-default\" data-id=\"1572f3e\" data-element_type=\"section\">\n\t\t\t\t\t\t<div class=\"elementor-container elementor-column-gap-default\">\n\t\t\t\t\t<div class=\"elementor-column elementor-col-100 elementor-top-column elementor-element elementor-element-bb6ea27\" data-id=\"bb6ea27\" data-element_type=\"column\">\n\t\t\t<div class=\"elementor-widget-wrap elementor-element-populated\">\n\t\t\t\t\t\t<div class=\"elementor-element elementor-element-6ebb0f8 elementor-widget elementor-widget-spacer\" data-id=\"6ebb0f8\" data-element_type=\"widget\" data-widget_type=\"spacer.default\">\n\t\t\t\t<div class=\"elementor-widget-container\">\n\t\t\t\t\t<div class=\"elementor-spacer\">\n\t\t\t<div class=\"elementor-spacer-inner\"><\/div>\n\t\t<\/div>\n\t\t\t\t<\/div>\n\t\t\t\t<\/div>\n\t\t\t\t\t<\/div>\n\t\t<\/div>\n\t\t\t\t\t<\/div>\n\t\t<\/section>\n\t\t\t\t<section class=\"elementor-section elementor-top-section elementor-element elementor-element-202d6581 elementor-section-boxed elementor-section-height-default elementor-section-height-default\" data-id=\"202d6581\" data-element_type=\"section\">\n\t\t\t\t\t\t<div class=\"elementor-container elementor-column-gap-default\">\n\t\t\t\t\t<div class=\"elementor-column elementor-col-33 elementor-top-column elementor-element elementor-element-27de80dd animated-slow elementor-invisible\" data-id=\"27de80dd\" data-element_type=\"column\" data-settings=\"{&quot;animation&quot;:&quot;zoomIn&quot;}\">\n\t\t\t<div class=\"elementor-widget-wrap elementor-element-populated\">\n\t\t\t\t\t\t<div class=\"elementor-element elementor-element-4417c330 animated-slow elementor-invisible elementor-widget elementor-widget-text-editor\" data-id=\"4417c330\" data-element_type=\"widget\" data-settings=\"{&quot;_animation&quot;:&quot;slideInLeft&quot;,&quot;_animation_delay&quot;:100}\" data-widget_type=\"text-editor.default\">\n\t\t\t\t<div class=\"elementor-widget-container\">\n\t\t\t\t\t\t\t<p>|<\/p>\t\t\t\t\t\t<\/div>\n\t\t\t\t<\/div>\n\t\t\t\t\t<\/div>\n\t\t<\/div>\n\t\t\t\t<div class=\"elementor-column elementor-col-33 elementor-top-column elementor-element elementor-element-fbfd32f\" data-id=\"fbfd32f\" data-element_type=\"column\">\n\t\t\t<div class=\"elementor-widget-wrap elementor-element-populated\">\n\t\t\t\t\t\t<div class=\"elementor-element elementor-element-3b272e6f animated-slow elementor-invisible elementor-widget elementor-widget-heading\" data-id=\"3b272e6f\" data-element_type=\"widget\" data-settings=\"{&quot;_animation&quot;:&quot;zoomIn&quot;,&quot;_animation_delay&quot;:200}\" data-widget_type=\"heading.default\">\n\t\t\t\t<div class=\"elementor-widget-container\">\n\t\t\t<h1 class=\"elementor-heading-title elementor-size-default\">POL\u00cdTICA DE COOKIES<\/h1>\t\t<\/div>\n\t\t\t\t<\/div>\n\t\t\t\t\t<\/div>\n\t\t<\/div>\n\t\t\t\t<div class=\"elementor-column elementor-col-33 elementor-top-column elementor-element elementor-element-2c3b1331 animated-fast elementor-invisible\" data-id=\"2c3b1331\" data-element_type=\"column\" data-settings=\"{&quot;animation&quot;:&quot;zoomIn&quot;,&quot;animation_delay&quot;:300}\">\n\t\t\t<div class=\"elementor-widget-wrap elementor-element-populated\">\n\t\t\t\t\t\t\t<\/div>\n\t\t<\/div>\n\t\t\t\t\t<\/div>\n\t\t<\/section>\n\t\t\t\t<section class=\"elementor-section elementor-top-section elementor-element elementor-element-e80b405 elementor-section-boxed elementor-section-height-default elementor-section-height-default\" data-id=\"e80b405\" data-element_type=\"section\">\n\t\t\t\t\t\t<div class=\"elementor-container elementor-column-gap-default\">\n\t\t\t\t\t<div class=\"elementor-column elementor-col-100 elementor-top-column elementor-element elementor-element-016ea49\" data-id=\"016ea49\" data-element_type=\"column\">\n\t\t\t<div class=\"elementor-widget-wrap elementor-element-populated\">\n\t\t\t\t\t\t<div class=\"elementor-element elementor-element-b4bd9eb elementor-widget elementor-widget-text-editor\" data-id=\"b4bd9eb\" data-element_type=\"widget\" data-widget_type=\"text-editor.default\">\n\t\t\t\t<div class=\"elementor-widget-container\">\n\t\t\t\t\t\t\t<p>Smartlife, S.L.U informa acerca del uso de las cookies en su p\u00e1gina web: www.georginabarquin.com<br>\u00bfQu\u00e9 son las cookies?<\/p><p><br>Las cookies son archivos que se pueden descargar en su equipo a trav\u00e9s de las p\u00e1ginas web. Son herramientas que<br>tienen un papel esencial para la prestaci\u00f3n de numerosos servicios de la sociedad de la informaci\u00f3n. Entre otros,<br>permiten a una p\u00e1gina web almacenar y recuperar informaci\u00f3n sobre los h\u00e1bitos de navegaci\u00f3n de un usuario o de su<br>equipo y, dependiendo de la informaci\u00f3n obtenida, se pueden utilizar para reconocer al usuario y mejorar el servicio<br>ofrecido.<\/p><p><br>Tipos de cookies<br>Seg\u00fan quien sea la entidad que gestione el dominio desde donde se env\u00edan las cookies y trate los datos que se<br>obtengan se pueden distinguir dos tipos:<\/p><p><br>\u2022 Cookies propias:<br>Aqu\u00e9llas que se env\u00edan al equipo terminal del usuario desde un equipo o dominio gestionado por el<br>propio editor y desde el que se presta el servicio solicitado por el usuario.<\/p><p><br>\u2022 Cookies de terceros:<br>Aqu\u00e9llas que se env\u00edan al equipo terminal del usuario desde un equipo o dominio que no es gestionado<br>por el editor, sino por otra entidad que trata los datos obtenidos trav\u00e9s de las cookies.<br>En el caso de que las cookies sean instaladas desde un equipo o dominio gestionado por el propio editor pero la<br>informaci\u00f3n que se recoja mediante \u00e9stas sea gestionada por un tercero, no pueden ser consideradas como cookies<br>propias.<\/p><p><br>Existe tambi\u00e9n una segunda clasificaci\u00f3n seg\u00fan el plazo de tiempo que permanecen almacenadas en el navegador del<br>cliente, pudiendo tratarse de:<\/p><p><br>\u2022 Cookies de sesi\u00f3n:<\/p><p><br>Dise\u00f1adas para recabar y almacenar datos mientras el usuario accede a una p\u00e1gina web. Se suelen<br>emplear para almacenar informaci\u00f3n que solo interesa conservar para la prestaci\u00f3n del servicio<br>solicitado por el usuario en una sola ocasi\u00f3n (p.e. una lista de productos adquiridos).<\/p><p><br>\u2022 Cookies persistentes:<\/p><p><br>Los datos siguen almacenados en el terminal y pueden ser accedidos y tratados durante un periodo<br>definido por el responsable de la cookie, y que puede ir de unos minutos a varios a\u00f1os.<br><br>Por \u00faltimo, existe otra clasificaci\u00f3n con seis tipos de cookies seg\u00fan la finalidad para la que se traten los datos<br>obtenidos:<\/p><p><br>\u2022 Cookies t\u00e9cnicas:<\/p><p><br>Aquellas que permiten al usuario la navegaci\u00f3n a trav\u00e9s de una p\u00e1gina web, plataforma o aplicaci\u00f3n y<br>la utilizaci\u00f3n de las diferentes opciones o servicios que en ella existan como, por ejemplo, controlar el<br>tr\u00e1fico y la comunicaci\u00f3n de datos, identificar la sesi\u00f3n, acceder a partes de acceso restringido,<br>recordar los elementos que integran un pedido, realizar el proceso de compra de un pedido, realizar la<br>solicitud de inscripci\u00f3n o participaci\u00f3n en un evento, utilizar elementos de seguridad durante la<br>navegaci\u00f3n, almacenar contenidos para la difusi\u00f3n de v\u00eddeos o sonido o compartir contenidos a trav\u00e9s<br>de redes sociales.<\/p><p><br>\u2022 Cookies de personalizaci\u00f3n:<\/p><p><br>Permiten al usuario acceder al servicio con algunas caracter\u00edsticas de car\u00e1cter general predefinidas en<br>funci\u00f3n de una serie de criterios en el terminal del usuario como por ejemplo serian el idioma, el tipo de<br>navegador a trav\u00e9s del cual accede al servicio, la configuraci\u00f3n regional desde donde accede al<br>servicio, etc.<\/p><p><br>\u2022 Cookies de an\u00e1lisis:<\/p><p><br>Permiten al responsable de las mismas, el seguimiento y an\u00e1lisis del comportamiento de los usuarios<br>de los sitios web a los que est\u00e1n vinculadas. La informaci\u00f3n recogida mediante este tipo de cookies se<br>utiliza en la medici\u00f3n de la actividad de los sitios web, aplicaci\u00f3n o plataforma y para la elaboraci\u00f3n de<br>perfiles de navegaci\u00f3n de los usuarios de dichos sitios, aplicaciones y plataformas, con el fin de<br>introducir mejoras en funci\u00f3n del an\u00e1lisis de los datos de uso que hacen los usuarios del servicio.<br>\u2022 Cookies publicitarias:<\/p><p><br>Permiten la gesti\u00f3n, de la forma m\u00e1s eficaz posible, de los espacios publicitarios.<br>\u2022 Cookies de publicidad comportamental:<br>Almacenan informaci\u00f3n del comportamiento de los usuarios obtenida a trav\u00e9s de la observaci\u00f3n<br>continuada de sus h\u00e1bitos de navegaci\u00f3n, lo que permite desarrollar un perfil espec\u00edfico para mostrar<br>publicidad en funci\u00f3n del mismo.<br>\u2022 Cookies de redes sociales externas:<\/p><p><br>Se utilizan para que los visitantes puedan interactuar con el contenido de diferentes plataformas<br>sociales (facebook, youtube, twitter, linkedIn, etc..) y que se generen \u00fanicamente para los usuarios de<br>dichas redes sociales. Las condiciones de utilizaci\u00f3n de estas cookies y la informaci\u00f3n recopilada se<br>regula por la pol\u00edtica de privacidad de la plataforma social correspondiente.<br>3<br>Desactivaci\u00f3n y eliminaci\u00f3n de cookies<br>Tienes la opci\u00f3n de permitir, bloquear o eliminar las cookies instaladas en tu equipo mediante la configuraci\u00f3n de las<br>opciones del navegador instalado en su equipo. Al desactivar cookies, algunos de los servicios disponibles podr\u00edan<br>dejar de estar operativos. La forma de deshabilitar las cookies es diferente para cada navegador, pero normalmente<br>puede hacerse desde el men\u00fa Herramientas u Opciones. Tambi\u00e9n puede consultarse el men\u00fa de Ayuda del navegador<br>d\u00f3nde puedes encontrar instrucciones. El usuario podr\u00e1 en cualquier momento elegir qu\u00e9 cookies quiere que funcionen<br>en este sitio web.<\/p><p><br>Puede usted permitir, bloquear o eliminar las cookies instaladas en su equipo mediante la configuraci\u00f3n de las opciones<br>del navegador instalado en su ordenador:<\/p><p><br>\u2022 Microsoft Internet Explorer o Microsoft Edge:<br>http:\/\/windows.microsoft.com\/es-es\/windows-vista\/Block-or-allow-cookies<br>\u2022 Mozilla Firefox:<br>http:\/\/support.mozilla.org\/es\/kb\/impedir-que-los-sitios-web-guarden-sus-preferencia<br>\u2022 Chrome:<br>https:\/\/support.google.com\/accounts\/answer\/61416?hl=es<br>\u2022 Safari:<br>http:\/\/safari.helpmax.net\/es\/privacidad-y-seguridad\/como-gestionar-las-cookies\/<br>\u2022 Opera:<br>http:\/\/help.opera.com\/Linux\/10.60\/es-ES\/cookies.html<\/p><p><br>Adem\u00e1s, tambi\u00e9n puede gestionar el almac\u00e9n de cookies en su navegador a trav\u00e9s de herramientas como las<br>siguientes<br>\u2022 Ghostery:<br>www.ghostery.com\/<br>\u2022 Your Online Choices:<br>www.youronlinechoices.com\/es\/<\/p>\t\t\t\t\t\t<\/div>\n\t\t\t\t<\/div>\n\t\t\t\t\t<\/div>\n\t\t<\/div>\n\t\t\t\t\t<\/div>\n\t\t<\/section>\n\t\t\t\t<\/div>\n\t\t","protected":false},"excerpt":{"rendered":"<p>| Smartlife, S.L.U informa acerca del uso de las cookies en su p\u00e1gina web: www.georginabarquin.com\u00bfQu\u00e9 son las cookies? Las cookies son archivos que se pueden descargar en su equipo a trav\u00e9s de las p\u00e1ginas web. Son herramientas quetienen un papel esencial para la prestaci\u00f3n de numerosos servicios de la sociedad de la informaci\u00f3n. Entre otros,permiten&hellip;&nbsp;<a href=\"https:\/\/georginabarquin.com\/es\/politica-de-cookies\/\" rel=\"bookmark\"><span class=\"screen-reader-text\">POL\u00cdTICA DE COOKIES<\/span><\/a><\/p>\n","protected":false},"author":1,"featured_media":0,"parent":0,"menu_order":0,"comment_status":"closed","ping_status":"closed","template":"","meta":{"neve_meta_sidebar":"","neve_meta_container":"","neve_meta_enable_content_width":"","neve_meta_content_width":0,"neve_meta_title_alignment":"","neve_meta_author_avatar":"","neve_post_elements_order":"","neve_meta_disable_header":"","neve_meta_disable_footer":"","neve_meta_disable_title":""},"yst_prominent_words":[166,148,158,167,153,163,149,159,155,151,150,161,165,156,164,152,160,154,162,157],"_links":{"self":[{"href":"https:\/\/georginabarquin.com\/es\/wp-json\/wp\/v2\/pages\/711"}],"collection":[{"href":"https:\/\/georginabarquin.com\/es\/wp-json\/wp\/v2\/pages"}],"about":[{"href":"https:\/\/georginabarquin.com\/es\/wp-json\/wp\/v2\/types\/page"}],"author":[{"embeddable":true,"href":"https:\/\/georginabarquin.com\/es\/wp-json\/wp\/v2\/users\/1"}],"replies":[{"embeddable":true,"href":"https:\/\/georginabarquin.com\/es\/wp-json\/wp\/v2\/comments?post=711"}],"version-history":[{"count":5,"href":"https:\/\/georginabarquin.com\/es\/wp-json\/wp\/v2\/pages\/711\/revisions"}],"predecessor-version":[{"id":1035,"href":"https:\/\/georginabarquin.com\/es\/wp-json\/wp\/v2\/pages\/711\/revisions\/1035"}],"wp:attachment":[{"href":"https:\/\/georginabarquin.com\/es\/wp-json\/wp\/v2\/media?parent=711"}],"wp:term":[{"taxonomy":"yst_prominent_words","embeddable":true,"href":"https:\/\/georginabarquin.com\/es\/wp-json\/wp\/v2\/yst_prominent_words?post=711"}],"curies":[{"name":"wp","href":"https:\/\/api.w.org\/{rel}","templated":true}]}}