{"id":943,"date":"2020-06-08T17:36:21","date_gmt":"2020-06-08T15:36:21","guid":{"rendered":"https:\/\/georginabarquin.com\/es\/?post_type=product&#038;p=943"},"modified":"2020-06-08T17:39:13","modified_gmt":"2020-06-08T15:39:13","slug":"perfiles-de-451-750-empleados","status":"publish","type":"product","link":"https:\/\/georginabarquin.com\/es\/producto\/perfiles-de-451-750-empleados\/","title":{"rendered":"Perfiles de 451-750 empleados"},"content":{"rendered":"<p>Un informe detallado perfilando a una muestra de empleados, la cultura empresarial percibida vs la cultura a la que se aspira, un an\u00e1lisis cruzado, comparativas de sectores, demograf\u00eda, etc y estrategias b\u00e1sicas.<\/p>\n<p>Una copia del informe agregado que incluye todos los datos del estudio y las conclusiones obtenidas que ser\u00e1 utilizado para el libro.<\/p>\n","protected":false},"excerpt":{"rendered":"<p>Un informe detallado perfilando a una muestra de empleados, la cultura empresarial percibida vs la cultura a la que se aspira, un an\u00e1lisis cruzado, comparativas de sectores, demograf\u00eda, etc y estrategias b\u00e1sicas.<\/p>\n<p>Una copia del informe agregado que incluye todos los datos del estudio y las conclusiones obtenidas que ser\u00e1 utilizado para el libro.<\/p>\n","protected":false},"featured_media":0,"template":"","meta":{"neve_meta_sidebar":"","neve_meta_container":"","neve_meta_enable_content_width":"","neve_meta_content_width":0,"neve_meta_title_alignment":"","neve_meta_author_avatar":"","neve_post_elements_order":"","neve_meta_disable_header":"","neve_meta_disable_footer":"","neve_meta_disable_title":""},"product_cat":[225],"product_tag":[],"yst_prominent_words":[16,226],"_links":{"self":[{"href":"https:\/\/georginabarquin.com\/es\/wp-json\/wp\/v2\/product\/943"}],"collection":[{"href":"https:\/\/georginabarquin.com\/es\/wp-json\/wp\/v2\/product"}],"about":[{"href":"https:\/\/georginabarquin.com\/es\/wp-json\/wp\/v2\/types\/product"}],"wp:attachment":[{"href":"https:\/\/georginabarquin.com\/es\/wp-json\/wp\/v2\/media?parent=943"}],"wp:term":[{"taxonomy":"product_cat","embeddable":true,"href":"https:\/\/georginabarquin.com\/es\/wp-json\/wp\/v2\/product_cat?post=943"},{"taxonomy":"product_tag","embeddable":true,"href":"https:\/\/georginabarquin.com\/es\/wp-json\/wp\/v2\/product_tag?post=943"},{"taxonomy":"yst_prominent_words","embeddable":true,"href":"https:\/\/georginabarquin.com\/es\/wp-json\/wp\/v2\/yst_prominent_words?post=943"}],"curies":[{"name":"wp","href":"https:\/\/api.w.org\/{rel}","templated":true}]}}